{"id":538,"date":"2017-05-09T12:17:32","date_gmt":"2017-05-09T10:17:32","guid":{"rendered":"http:\/\/partycypacjaobywatelska.pl\/forum-2017\/?page_id=538"},"modified":"2017-05-26T17:17:05","modified_gmt":"2017-05-26T15:17:05","slug":"outsourcing-w-partycypacji","status":"publish","type":"page","link":"https:\/\/partycypacjaobywatelska.pl\/forum-2017\/outsourcing-w-partycypacji\/","title":{"rendered":"Outsourcing w partycypacji, czyli o tym, czy mo\u017cna i czy powinno si\u0119 korzysta\u0107 z ka\u017cdej propozycji"},"content":{"rendered":"<h4><strong>Prowadzenie:<\/strong><\/h4>\n<p>Piotr Choro\u015b, Urz\u0105d Miasta Lublin<\/p>\n<p>Anna Petroff-Skiba, Centrum Komunikacji Spo\u0142ecznej Urz\u0119du m.st. Warszawy<\/p>\n<h4><strong>Termin:<\/strong><\/h4>\n<p>2. dzie\u0144 Forum (6 czerwca, wtorek), godz. 12.45-14.15<\/p>\n<h4><strong>Miejsce:<\/strong><\/h4>\n<p>pi\u0119tro -1, sala I<\/p>\n<h4><strong>Formu\u0142a:<\/strong><\/h4>\n<p>wymiana do\u015bwiadcze\u0144<\/p>\n<h4><strong>Opis:<\/strong><\/h4>\n<p>Ta historia cz\u0119sto zaczyna si\u0119 tak: przychodzi organizacja pozarz\u0105dowa do urz\u0119du z propozycj\u0105 przeprowadzenia szkolenia, przygotowania konsultacji lub nowego albo innowacyjnego narz\u0119dzia wspomagaj\u0105cego partycypacj\u0119. A jak si\u0119 ko\u0144czy? Niestety bardzo r\u00f3\u017cnie\u2026<\/p>\n<p>Czasem bywa te\u017c inaczej: organizacja nie przychodzi, tylko na w\u0142asn\u0105 r\u0119k\u0119 konsultacje organizuje, a urz\u0105d dowiaduje si\u0119 o nich z gazet.<\/p>\n<p>Czy trzeci sektor ma prawo do prowadzenia proces\u00f3w, nawet bez urz\u0119du, i czy ma wystarczaj\u0105c\u0105 wiedz\u0119 do tego, by prowadzi\u0107 takie dzia\u0142ania? Czy tylko dlatego, \u017ce organizacje s\u0105 z zewn\u0105trz, mog\u0105 ro\u015bci\u0107 sobie prawo do tego, \u017ce wiedz\u0105 lepiej?<\/p>\n<p>Czasem zdarza si\u0119 te\u017c tak, \u017ce chc\u0105c przeprowadzi\u0107 jaki\u015b proces partycypacyjny, urz\u0105d wybiera pomi\u0119dzy organizacj\u0105 a firm\u0105. I tu pojawia si\u0119 pytanie, czy zawsze organizacja jest lepsza ni\u017c biznes? Czy mo\u017cna \u201eoutsourcingowa\u0107\u201d partycypacj\u0119? Jakie warunki musz\u0105 by\u0107 spe\u0142nione, aby w\u0142adze lokalne odda\u0142y prowadzenie konkretnego procesu partycypacji podmiotowi zewn\u0119trznemu? W jakich sytuacjach lepiej, \u017ceby takie procesy przeprowadza\u0142y firmy, a nie organizacje pozarz\u0105dowe? Jak wybiera\u0107, rozlicza\u0107 i ocenia\u0107 kompetencje firm i organizacji pozarz\u0105dowych?<\/p>\n","protected":false},"excerpt":{"rendered":"<p>Prowadzenie: Piotr Choro\u015b, Urz\u0105d Miasta Lublin Anna Petroff-Skiba, Centrum Komunikacji Spo\u0142ecznej Urz\u0119du m.st. Warszawy Termin: 2. dzie\u0144 Forum (6 czerwca, wtorek), godz. 12.45-14.15 Miejsce: pi\u0119tro -1, sala I Formu\u0142a: wymiana do\u015bwiadcze\u0144 Opis: Ta historia cz\u0119sto zaczyna si\u0119 tak: przychodzi organizacja pozarz\u0105dowa do urz\u0119du z propozycj\u0105 przeprowadzenia szkolenia, przygotowania konsultacji lub nowego albo innowacyjnego narz\u0119dzia wspomagaj\u0105cego [&hellip;]<\/p>\n","protected":false},"author":141,"featured_media":0,"parent":0,"menu_order":0,"comment_status":"open","ping_status":"open","template":"template-forum_praktykow.php","meta":[],"_links":{"self":[{"href":"https:\/\/partycypacjaobywatelska.pl\/forum-2017\/wp-json\/wp\/v2\/pages\/538"}],"collection":[{"href":"https:\/\/partycypacjaobywatelska.pl\/forum-2017\/wp-json\/wp\/v2\/pages"}],"about":[{"href":"https:\/\/partycypacjaobywatelska.pl\/forum-2017\/wp-json\/wp\/v2\/types\/page"}],"author":[{"embeddable":true,"href":"https:\/\/partycypacjaobywatelska.pl\/forum-2017\/wp-json\/wp\/v2\/users\/141"}],"replies":[{"embeddable":true,"href":"https:\/\/partycypacjaobywatelska.pl\/forum-2017\/wp-json\/wp\/v2\/comments?post=538"}],"version-history":[{"count":6,"href":"https:\/\/partycypacjaobywatelska.pl\/forum-2017\/wp-json\/wp\/v2\/pages\/538\/revisions"}],"predecessor-version":[{"id":1625,"href":"https:\/\/partycypacjaobywatelska.pl\/forum-2017\/wp-json\/wp\/v2\/pages\/538\/revisions\/1625"}],"wp:attachment":[{"href":"https:\/\/partycypacjaobywatelska.pl\/forum-2017\/wp-json\/wp\/v2\/media?parent=538"}],"curies":[{"name":"wp","href":"https:\/\/api.w.org\/{rel}","templated":true}]}}