{"id":531,"date":"2017-05-09T12:04:01","date_gmt":"2017-05-09T10:04:01","guid":{"rendered":"http:\/\/partycypacjaobywatelska.pl\/forum-2017\/?page_id=531"},"modified":"2017-08-01T14:47:33","modified_gmt":"2017-08-01T12:47:33","slug":"miejsca-aktywnosci-lokalnej","status":"publish","type":"page","link":"https:\/\/partycypacjaobywatelska.pl\/forum-2017\/miejsca-aktywnosci-lokalnej\/","title":{"rendered":"Miejsca aktywno\u015bci lokalnej \u2013 przysz\u0142o\u015b\u0107 s\u0105siedzkiej partycypacji"},"content":{"rendered":"<h4><strong>Prowadzenie:<\/strong><\/h4>\n<p>Zuzanna W\u0142odarczyk-Wojtowicz i Aleksandar \u0106irli\u0107, Centrum Komunikacji Spo\u0142ecznej Urz\u0119du <a href=\"http:\/\/m.st\/\" target=\"_blank\" data-saferedirecturl=\"https:\/\/www.google.com\/url?hl=pl&amp;q=http:\/\/m.st&amp;source=gmail&amp;ust=1496233174513000&amp;usg=AFQjCNGq7aqiXO9muaLv4ljCGa3p9vDSsw\">m.st<\/a>. Warszawy<\/p>\n<h4><strong>Termin:<\/strong><\/h4>\n<p>2. dzie\u0144 Forum (6 czerwca, wtorek), godz. 12.45-14.15<\/p>\n<h4><strong>Miejsce:<\/strong><\/h4>\n<p>pi\u0119tro -1, sala F<\/p>\n<h4><strong>Formu\u0142a:<\/strong><\/h4>\n<p>wymiana do\u015bwiadcze\u0144<\/p>\n<h4><strong>Opis:<\/strong><\/h4>\n<p>Pomi\u0119dzy naszym miejscem pracy a domem istnieje przestrze\u0144 do odpoczynku \u2013 sp\u0119dzania czasu wolnego i budowania wi\u0119zi z otoczeniem, czyli tzw. trzecie miejsce. Jak tworzy\u0107 i prowadzi\u0107 takie miejsca, kt\u00f3re jednocze\u015bnie s\u0105 otwarte na pomys\u0142y i potrzeby spo\u0142eczno\u015bci lokalnej? Na przyk\u0142adzie Warszawy postaramy si\u0119 odpowiedzie\u0107 na to pytanie.<\/p>\n<p>Podczas spotkania zaprezentujemy modele tworzenia i prowadzenia sto\u0142ecznych miejsc aktywno\u015bci lokalnej (MAL-i), w tym w szczeg\u00f3lno\u015bci dom\u00f3w s\u0105siedzkich. Pozostawimy tak\u017ce przestrze\u0144 na dyskusj\u0119 o tym, czy i jak w innych miastach dzia\u0142aj\u0105 miejsca otwarte na lokalne dzia\u0142ania mieszka\u0144c\u00f3w.<\/p>\n<p>Miejsca aktywno\u015bci lokalnej w Warszawie to r\u00f3\u017cnego typu miejsca (np. domy kultury, biblioteki, klubokawiarnie), kt\u00f3re opr\u00f3cz swojej codziennej dzia\u0142alno\u015bci wspieraj\u0105 tak\u017ce lokalne pomys\u0142y i dzia\u0142ania spo\u0142eczne mieszka\u0144c\u00f3w. Ide\u0119 MAL-u najpe\u0142niej realizuj\u0105 domy s\u0105siedzkie, kt\u00f3rych g\u0142\u00f3wnym celem jest wspieranie dzia\u0142a\u0144 lokalnych i integracja s\u0105siedzka. Ca\u0142a przestrze\u0144 dom\u00f3w s\u0105siedzkich oddana jest wy\u0142\u0105cznie na aktywno\u015b\u0107 lokaln\u0105 mieszka\u0144c\u00f3w. Dom s\u0105siedzki nie ma odg\u00f3rnie ustalonego programu zaj\u0119\u0107 &#8211; to pomys\u0142y mieszka\u0144c\u00f3w, grup nieformalnych i organizacji pozarz\u0105dowych tworz\u0105 na bie\u017c\u0105co plan dzia\u0142ania takiego miejsca. Wi\u0119cej na stronie: <a href=\"http:\/\/inicjatywa.um.warszawa.pl\/mal\">http:\/\/inicjatywa.um.warszawa.pl\/mal<\/a>.<\/p>\n<p>Na sesj\u0119 zapraszamy przede wszystkim urz\u0119dnik\u00f3w i pracownik\u00f3w instytucji, ale tak\u017ce przedstawicieli organizacji pozarz\u0105dowych, aktywnych mieszka\u0144c\u00f3w i lokalnych przedsi\u0119biorc\u00f3w.<\/p>\n","protected":false},"excerpt":{"rendered":"<p>Prowadzenie: Zuzanna W\u0142odarczyk-Wojtowicz i Aleksandar \u0106irli\u0107, Centrum Komunikacji Spo\u0142ecznej Urz\u0119du m.st. Warszawy Termin: 2. dzie\u0144 Forum (6 czerwca, wtorek), godz. 12.45-14.15 Miejsce: pi\u0119tro -1, sala F Formu\u0142a: wymiana do\u015bwiadcze\u0144 Opis: Pomi\u0119dzy naszym miejscem pracy a domem istnieje przestrze\u0144 do odpoczynku \u2013 sp\u0119dzania czasu wolnego i budowania wi\u0119zi z otoczeniem, czyli tzw. trzecie miejsce. Jak tworzy\u0107 [&hellip;]<\/p>\n","protected":false},"author":141,"featured_media":0,"parent":0,"menu_order":0,"comment_status":"open","ping_status":"open","template":"template-forum_praktykow.php","meta":[],"_links":{"self":[{"href":"https:\/\/partycypacjaobywatelska.pl\/forum-2017\/wp-json\/wp\/v2\/pages\/531"}],"collection":[{"href":"https:\/\/partycypacjaobywatelska.pl\/forum-2017\/wp-json\/wp\/v2\/pages"}],"about":[{"href":"https:\/\/partycypacjaobywatelska.pl\/forum-2017\/wp-json\/wp\/v2\/types\/page"}],"author":[{"embeddable":true,"href":"https:\/\/partycypacjaobywatelska.pl\/forum-2017\/wp-json\/wp\/v2\/users\/141"}],"replies":[{"embeddable":true,"href":"https:\/\/partycypacjaobywatelska.pl\/forum-2017\/wp-json\/wp\/v2\/comments?post=531"}],"version-history":[{"count":8,"href":"https:\/\/partycypacjaobywatelska.pl\/forum-2017\/wp-json\/wp\/v2\/pages\/531\/revisions"}],"predecessor-version":[{"id":1811,"href":"https:\/\/partycypacjaobywatelska.pl\/forum-2017\/wp-json\/wp\/v2\/pages\/531\/revisions\/1811"}],"wp:attachment":[{"href":"https:\/\/partycypacjaobywatelska.pl\/forum-2017\/wp-json\/wp\/v2\/media?parent=531"}],"curies":[{"name":"wp","href":"https:\/\/api.w.org\/{rel}","templated":true}]}}