{"id":447,"date":"2017-05-08T17:13:55","date_gmt":"2017-05-08T15:13:55","guid":{"rendered":"http:\/\/partycypacjaobywatelska.pl\/forum-2017\/?page_id=447"},"modified":"2017-05-26T17:05:48","modified_gmt":"2017-05-26T15:05:48","slug":"fundusz-solecki","status":"publish","type":"page","link":"https:\/\/partycypacjaobywatelska.pl\/forum-2017\/fundusz-solecki\/","title":{"rendered":"Fundusz so\u0142ecki \u2013 szansa czy pu\u0142apka partycypacji?"},"content":{"rendered":"<h4><strong>Prowadzenie:<\/strong><\/h4>\n<p>Gra\u017cyna Ja\u0142gos-D\u0119bska, Stowarzyszenie So\u0142tysi Mazowsza, Krajowe Stowarzyszenie So\u0142tys\u00f3w<\/p>\n<h4><strong>Termin:<\/strong><\/h4>\n<p>2. dzie\u0144 Forum (6 czerwca, wtorek), godz. 10.45-12.15<\/p>\n<h4><strong>Miejsce:<\/strong><\/h4>\n<p>pi\u0119tro -1, sala I<\/p>\n<h4><strong>Formu\u0142a:\u00a0<\/strong><\/h4>\n<p>sesja dyskusyjna z elementami wymiany do\u015bwiadcze\u0144<\/p>\n<h4><strong>Opis:<\/strong><\/h4>\n<p><span style=\"font-weight: 400\">Spotkanie zaczniemy od prezentacji, w kt\u00f3rej opowiem\u00a0<\/span>o historii i prawie reguluj\u0105cym kwesti\u0119 funduszu, przedstawi\u0119 te\u017c najwa\u017cniejsze statystyki oraz dobre praktyki wykorzystania tego narz\u0119dzia. Podziel\u0119 si\u0119 r\u00f3wnie\u017c wnioskami z analizy NIK dotycz\u0105cej funkcjonowania funduszy.<\/p>\n<p><span style=\"font-weight: 400\">Drug\u0105 cz\u0119\u015b\u0107 spotkania po\u015bwi\u0119cimy na wymian\u0119 do\u015bwiadcze\u0144 i dyskusj\u0119 na temat zagro\u017ce\u0144 dla partycypacji w realizacji funduszu so\u0142eckiego. Spr\u00f3bujemy te\u017c zastanowi\u0107 si\u0119 wsp\u00f3lnie nad <\/span>rozwi\u0105zaniami poprawiaj\u0105cymi funkcjonowanie tego mechanizmu<span style=\"font-weight: 400\">.\u00a0<\/span><\/p>\n<p>Sesja jest przeznaczona przede wszystkim dla so\u0142tys\u00f3w, cz\u0142onk\u00f3w organizacji pozarz\u0105dowych i przedstawicieli jednostek samorz\u0105du terytorialnego dzia\u0142aj\u0105cych na terenach wiejskich.<\/p>\n","protected":false},"excerpt":{"rendered":"<p>Prowadzenie: Gra\u017cyna Ja\u0142gos-D\u0119bska, Stowarzyszenie So\u0142tysi Mazowsza, Krajowe Stowarzyszenie So\u0142tys\u00f3w Termin: 2. dzie\u0144 Forum (6 czerwca, wtorek), godz. 10.45-12.15 Miejsce: pi\u0119tro -1, sala I Formu\u0142a:\u00a0 sesja dyskusyjna z elementami wymiany do\u015bwiadcze\u0144 Opis: Spotkanie zaczniemy od prezentacji, w kt\u00f3rej opowiem\u00a0o historii i prawie reguluj\u0105cym kwesti\u0119 funduszu, przedstawi\u0119 te\u017c najwa\u017cniejsze statystyki oraz dobre praktyki wykorzystania tego narz\u0119dzia. Podziel\u0119 [&hellip;]<\/p>\n","protected":false},"author":141,"featured_media":0,"parent":0,"menu_order":0,"comment_status":"open","ping_status":"open","template":"template-forum_praktykow.php","meta":[],"_links":{"self":[{"href":"https:\/\/partycypacjaobywatelska.pl\/forum-2017\/wp-json\/wp\/v2\/pages\/447"}],"collection":[{"href":"https:\/\/partycypacjaobywatelska.pl\/forum-2017\/wp-json\/wp\/v2\/pages"}],"about":[{"href":"https:\/\/partycypacjaobywatelska.pl\/forum-2017\/wp-json\/wp\/v2\/types\/page"}],"author":[{"embeddable":true,"href":"https:\/\/partycypacjaobywatelska.pl\/forum-2017\/wp-json\/wp\/v2\/users\/141"}],"replies":[{"embeddable":true,"href":"https:\/\/partycypacjaobywatelska.pl\/forum-2017\/wp-json\/wp\/v2\/comments?post=447"}],"version-history":[{"count":11,"href":"https:\/\/partycypacjaobywatelska.pl\/forum-2017\/wp-json\/wp\/v2\/pages\/447\/revisions"}],"predecessor-version":[{"id":1607,"href":"https:\/\/partycypacjaobywatelska.pl\/forum-2017\/wp-json\/wp\/v2\/pages\/447\/revisions\/1607"}],"wp:attachment":[{"href":"https:\/\/partycypacjaobywatelska.pl\/forum-2017\/wp-json\/wp\/v2\/media?parent=447"}],"curies":[{"name":"wp","href":"https:\/\/api.w.org\/{rel}","templated":true}]}}