{"id":441,"date":"2017-05-08T17:07:33","date_gmt":"2017-05-08T15:07:33","guid":{"rendered":"http:\/\/partycypacjaobywatelska.pl\/forum-2017\/?page_id=441"},"modified":"2017-05-26T16:49:44","modified_gmt":"2017-05-26T14:49:44","slug":"partycypacja-dwoch-predkosci","status":"publish","type":"page","link":"https:\/\/partycypacjaobywatelska.pl\/forum-2017\/partycypacja-dwoch-predkosci\/","title":{"rendered":"Partycypacja dw\u00f3ch pr\u0119dko\u015bci w urz\u0119dzie. Jak sobie z ni\u0105 radzi\u0107?"},"content":{"rendered":"<h4><strong>Prowadzenie:<\/strong><\/h4>\n<p>Anna Biernat, Centrum Komunikacji Spo\u0142ecznej,\u00a0Urz\u0105d m.st. Warszawy<\/p>\n<h4><strong>Termin:<\/strong><\/h4>\n<p>2. dzie\u0144 Forum (6 czerwca, wtorek), godz. 9.30-10.30<\/p>\n<h4><strong>Miejsce:<\/strong><\/h4>\n<p>pi\u0119tro -1, sala B<\/p>\n<h4><strong>Formu\u0142a:\u00a0<\/strong><\/h4>\n<p>spotkanie\u00a0\u015bniadaniowe<\/p>\n<h4><strong>Opis:<\/strong><\/h4>\n<p>Jako osoby pracuj\u0105ce w obszarze partycypacji wspieramy procesy dialogu, kt\u00f3re odbywaj\u0105 si\u0119 w mie\u015bcie. Cz\u0119sto mierzymy si\u0119 z wyzwaniem, \u017ce sam urz\u0105d nie jest gotowy do tego, by wchodzi\u0107 w dialog z mieszka\u0144cami lub innymi partnerami.<\/p>\n<p>W Warszawie, poza Centrum Komunikacji Spo\u0142ecznej (CKS), w ka\u017cdej z dzielnic i w wi\u0119kszo\u015bci biur dzia\u0142aj\u0105 lokalni koordynatorzy konsultacji. W strukturach miejskich pracuje grupa urz\u0119dnik\u00f3w, kt\u00f3ra rozumie i wierzy w sens prowadzenia dialogu z mieszka\u0144cami. Do tego w\u0142\u0105czanie mieszka\u0144c\u00f3w we wsp\u00f3\u0142decydowanie jest oficjaln\u0105 polityk\u0105 miasta. Cz\u0119sto zdarza si\u0119 jednak, \u017ce na poziomie politycznym lub w tzw. kom\u00f3rkach merytorycznych ta wizja nie jest podzielana, a czasami wr\u0119cz kwestionowana. To powoduje op\u00f3r i niech\u0119\u0107 cz\u0119\u015bci urz\u0119dnik\u00f3w do dzia\u0142ania w taki spos\u00f3b, co wi\u0105\u017ce si\u0119 z tym, \u017ce cz\u0119\u015b\u0107 proces\u00f3w, w kt\u00f3re mogliby by\u0107 w\u0142\u0105czani mieszka\u0144cy, nie odbywa si\u0119 lub nie ma w nich element\u00f3w wsp\u00f3\u0142decydowania czy konsultowania.<\/p>\n<p>Jak radzi\u0107 sobie z tak\u0105 sytuacj\u0105 w tak du\u017cym systemie, jakim jest samorz\u0105d i administracja lokalna? Czy jeste\u015bmy Don Kichotami partycypacji, skazanymi na niepowodzenie? Jak sprawi\u0107, by idea partycypacji obywateli zakorzeni\u0142a si\u0119 w urz\u0119dzie? Czy mo\u017cemy jako\u015b systemowo zmienia\u0107 t\u0119 sytuacj\u0119? W jaki spos\u00f3b pracowa\u0107, by przekonywa\u0107 tych nieprzekonanych?<\/p>\n<p>Podczas spotkania liczymy na wymian\u0119 do\u015bwiadcze\u0144 urz\u0119dnik\u00f3w samorz\u0105dowych, kt\u00f3rzy spotykaj\u0105 si\u0119 z podobn\u0105 sytuacj\u0105 w swojej pracy. Jako CKS bardziej poszukujemy rozwi\u0105za\u0144, ni\u017c podajemy gotowe, sprawdzone metody.<\/p>\n<p>&nbsp;<\/p>\n","protected":false},"excerpt":{"rendered":"<p>Prowadzenie: Anna Biernat, Centrum Komunikacji Spo\u0142ecznej,\u00a0Urz\u0105d m.st. Warszawy Termin: 2. dzie\u0144 Forum (6 czerwca, wtorek), godz. 9.30-10.30 Miejsce: pi\u0119tro -1, sala B Formu\u0142a:\u00a0 spotkanie\u00a0\u015bniadaniowe Opis: Jako osoby pracuj\u0105ce w obszarze partycypacji wspieramy procesy dialogu, kt\u00f3re odbywaj\u0105 si\u0119 w mie\u015bcie. Cz\u0119sto mierzymy si\u0119 z wyzwaniem, \u017ce sam urz\u0105d nie jest gotowy do tego, by wchodzi\u0107 w [&hellip;]<\/p>\n","protected":false},"author":141,"featured_media":0,"parent":0,"menu_order":0,"comment_status":"open","ping_status":"open","template":"template-forum_praktykow.php","meta":[],"_links":{"self":[{"href":"https:\/\/partycypacjaobywatelska.pl\/forum-2017\/wp-json\/wp\/v2\/pages\/441"}],"collection":[{"href":"https:\/\/partycypacjaobywatelska.pl\/forum-2017\/wp-json\/wp\/v2\/pages"}],"about":[{"href":"https:\/\/partycypacjaobywatelska.pl\/forum-2017\/wp-json\/wp\/v2\/types\/page"}],"author":[{"embeddable":true,"href":"https:\/\/partycypacjaobywatelska.pl\/forum-2017\/wp-json\/wp\/v2\/users\/141"}],"replies":[{"embeddable":true,"href":"https:\/\/partycypacjaobywatelska.pl\/forum-2017\/wp-json\/wp\/v2\/comments?post=441"}],"version-history":[{"count":6,"href":"https:\/\/partycypacjaobywatelska.pl\/forum-2017\/wp-json\/wp\/v2\/pages\/441\/revisions"}],"predecessor-version":[{"id":1595,"href":"https:\/\/partycypacjaobywatelska.pl\/forum-2017\/wp-json\/wp\/v2\/pages\/441\/revisions\/1595"}],"wp:attachment":[{"href":"https:\/\/partycypacjaobywatelska.pl\/forum-2017\/wp-json\/wp\/v2\/media?parent=441"}],"curies":[{"name":"wp","href":"https:\/\/api.w.org\/{rel}","templated":true}]}}