{"id":413,"date":"2017-05-08T16:03:20","date_gmt":"2017-05-08T14:03:20","guid":{"rendered":"http:\/\/partycypacjaobywatelska.pl\/forum-2017\/?page_id=413"},"modified":"2017-06-04T22:45:06","modified_gmt":"2017-06-04T20:45:06","slug":"gry-dyskusyjne","status":"publish","type":"page","link":"https:\/\/partycypacjaobywatelska.pl\/forum-2017\/gry-dyskusyjne\/","title":{"rendered":"Gry dyskusyjne. Bardziej gra czy bardziej dyskusja?"},"content":{"rendered":"<h4><strong>Prowadzenie:<\/strong><\/h4>\n<p>Agata Urbanik,\u00a0Fundacja Pole Dialogu<br \/>\nMarianna Wybieralska,\u00a0Fundacja Pole Dialogu<\/p>\n<h4><strong>Termin:<\/strong><\/h4>\n<p>1. dzie\u0144 Forum (5 czerwca, poniedzia\u0142ek), godz. 17.30-19.30<\/p>\n<h4><strong>Miejsce:<\/strong><\/h4>\n<p>pi\u0119tro +1, sala\u00a0A<\/p>\n<h4><strong>Formu\u0142a:<\/strong><\/h4>\n<p>sesja dyskusyjna<\/p>\n<h4><strong>Opis:<\/strong><\/h4>\n<p>Gry wykorzystywane jako narz\u0119dzie warsztatowe i szkoleniowe sta\u0142y si\u0119\u00a0ostatnio bardzo popularne, a grywalizacja jest odmieniana przez\u00a0wszystkie przypadki i mo\u017cna si\u0119 na ni\u0105 natkn\u0105\u0107 w zaskakuj\u0105cych\u00a0miejscach (np. w bankowo\u015bci internetowej).<\/p>\n<p>Specyficzn\u0105 odmian\u0105 gier s\u0105 gry dyskusyjne. Dzi\u0119ki nim osoby o\u00a0r\u00f3\u017cnym poziomie wiedzy i odmiennych do\u015bwiadczeniach siadaj\u0105 do\u00a0sto\u0142u, dowiaduj\u0105 si\u0119 czego\u015b nowego, maj\u0105 przestrze\u0144 do zabrania\u00a0g\u0142osu i wyra\u017cenia swojej opinii, mog\u0119 si\u0119 ze sob\u0105 nie zgodzi\u0107 lub\u00a0doj\u015b\u0107 do porozumienia. Maj\u0105 do\u015bwiadczenie dobrej rozmowy.<\/p>\n<p>W Polu Dialogu zastanawiamy si\u0119, jak wywa\u017cy\u0107 pomi\u0119dzy rozrywk\u0105 i\u00a0warstw\u0105 merytoryczn\u0105, jak dostosowa\u0107 mechanik\u0119 do naszych cel\u00f3w, gdzie ko\u0144czy si\u0119 gra, a zaczyna moderowana rozmowa, w jaki spos\u00f3b upro\u015bci\u0107\u00a0przedmiot rozmowy, by nie uw\u0142acza\u0107 przy tym inteligencji os\u00f3b uczestnicz\u0105cych.<\/p>\n<p>Opracowane przez nas gry dyskusyjne &#8211; &#8222;remiks energetyczny&#8221;\u00a0i &#8222;Miasto w\u00a0dialogu&#8221;\u00a0&#8211; b\u0119d\u0105 pretekstem, \u017ceby przyjrze\u0107 si\u0119 procesowi\u00a0projektowemu, podzieli\u0107 si\u0119 naszymi przemy\u015bleniami i\u00a0do\u015bwiadczeniem, zaprosi\u0107 do rozmowy.<\/p>\n<p>Nasza sesja jest skierowana dla os\u00f3b, kt\u00f3re:<\/p>\n<p>&#8211; chc\u0105 wiedzie\u0107, z czym si\u0119 wi\u0105\u017ce projektowanie gier,<\/p>\n<p>&#8211; przymierzaj\u0105 si\u0119 do zaprojektowania swojej gry,<\/p>\n<p>&#8211; chc\u0105 wykorzystywa\u0107 gry w swojej pracy i chc\u0105 si\u0119 dowiedzie\u0107,\u00a0czego mog\u0105 si\u0119 spodziewa\u0107.<\/p>\n<p>Nasza sesja NIE jest kursem projektowania gier.<\/p>\n","protected":false},"excerpt":{"rendered":"<p>Prowadzenie: Agata Urbanik,\u00a0Fundacja Pole Dialogu Marianna Wybieralska,\u00a0Fundacja Pole Dialogu Termin: 1. dzie\u0144 Forum (5 czerwca, poniedzia\u0142ek), godz. 17.30-19.30 Miejsce: pi\u0119tro +1, sala\u00a0A Formu\u0142a: sesja dyskusyjna Opis: Gry wykorzystywane jako narz\u0119dzie warsztatowe i szkoleniowe sta\u0142y si\u0119\u00a0ostatnio bardzo popularne, a grywalizacja jest odmieniana przez\u00a0wszystkie przypadki i mo\u017cna si\u0119 na ni\u0105 natkn\u0105\u0107 w zaskakuj\u0105cych\u00a0miejscach (np. w bankowo\u015bci internetowej). [&hellip;]<\/p>\n","protected":false},"author":141,"featured_media":0,"parent":0,"menu_order":0,"comment_status":"open","ping_status":"open","template":"template-forum_praktykow.php","meta":[],"_links":{"self":[{"href":"https:\/\/partycypacjaobywatelska.pl\/forum-2017\/wp-json\/wp\/v2\/pages\/413"}],"collection":[{"href":"https:\/\/partycypacjaobywatelska.pl\/forum-2017\/wp-json\/wp\/v2\/pages"}],"about":[{"href":"https:\/\/partycypacjaobywatelska.pl\/forum-2017\/wp-json\/wp\/v2\/types\/page"}],"author":[{"embeddable":true,"href":"https:\/\/partycypacjaobywatelska.pl\/forum-2017\/wp-json\/wp\/v2\/users\/141"}],"replies":[{"embeddable":true,"href":"https:\/\/partycypacjaobywatelska.pl\/forum-2017\/wp-json\/wp\/v2\/comments?post=413"}],"version-history":[{"count":12,"href":"https:\/\/partycypacjaobywatelska.pl\/forum-2017\/wp-json\/wp\/v2\/pages\/413\/revisions"}],"predecessor-version":[{"id":1717,"href":"https:\/\/partycypacjaobywatelska.pl\/forum-2017\/wp-json\/wp\/v2\/pages\/413\/revisions\/1717"}],"wp:attachment":[{"href":"https:\/\/partycypacjaobywatelska.pl\/forum-2017\/wp-json\/wp\/v2\/media?parent=413"}],"curies":[{"name":"wp","href":"https:\/\/api.w.org\/{rel}","templated":true}]}}