{"id":30,"date":"2017-03-27T16:52:42","date_gmt":"2017-03-27T14:52:42","guid":{"rendered":"http:\/\/partycypacjaobywatelska.pl\/forum-2017\/?page_id=30"},"modified":"2017-03-27T16:52:42","modified_gmt":"2017-03-27T14:52:42","slug":"kontakt","status":"publish","type":"page","link":"https:\/\/partycypacjaobywatelska.pl\/forum-2017\/kontakt\/","title":{"rendered":"Kontakt"},"content":{"rendered":"<p>G\u0142\u00f3wnym organizatorem Forum jest Pracownia Bada\u0144 i Innowacji Spo\u0142ecznych \u201eStocznia\u201d.<br \/>\nKoordynatork\u0105 wydarzenia z ramienia Stoczni jest <strong>Maria Jagaciak<\/strong>.<\/p>\n<p>&nbsp;<\/p>\n<p><strong>Kontakt:<\/strong><br \/>\ntel.: [+48] 22 100 55 94<br \/>\npartycypacja@stocznia.org.pl<\/p>\n","protected":false},"excerpt":{"rendered":"<p>G\u0142\u00f3wnym organizatorem Forum jest Pracownia Bada\u0144 i Innowacji Spo\u0142ecznych \u201eStocznia\u201d. Koordynatork\u0105 wydarzenia z ramienia Stoczni jest Maria Jagaciak. &nbsp; Kontakt: tel.: [+48] 22 100 55 94 partycypacja@stocznia.org.pl<\/p>\n","protected":false},"author":1,"featured_media":0,"parent":0,"menu_order":0,"comment_status":"open","ping_status":"open","template":"template-forum_praktykow.php","meta":[],"_links":{"self":[{"href":"https:\/\/partycypacjaobywatelska.pl\/forum-2017\/wp-json\/wp\/v2\/pages\/30"}],"collection":[{"href":"https:\/\/partycypacjaobywatelska.pl\/forum-2017\/wp-json\/wp\/v2\/pages"}],"about":[{"href":"https:\/\/partycypacjaobywatelska.pl\/forum-2017\/wp-json\/wp\/v2\/types\/page"}],"author":[{"embeddable":true,"href":"https:\/\/partycypacjaobywatelska.pl\/forum-2017\/wp-json\/wp\/v2\/users\/1"}],"replies":[{"embeddable":true,"href":"https:\/\/partycypacjaobywatelska.pl\/forum-2017\/wp-json\/wp\/v2\/comments?post=30"}],"version-history":[{"count":1,"href":"https:\/\/partycypacjaobywatelska.pl\/forum-2017\/wp-json\/wp\/v2\/pages\/30\/revisions"}],"predecessor-version":[{"id":31,"href":"https:\/\/partycypacjaobywatelska.pl\/forum-2017\/wp-json\/wp\/v2\/pages\/30\/revisions\/31"}],"wp:attachment":[{"href":"https:\/\/partycypacjaobywatelska.pl\/forum-2017\/wp-json\/wp\/v2\/media?parent=30"}],"curies":[{"name":"wp","href":"https:\/\/api.w.org\/{rel}","templated":true}]}}