{"id":1701,"date":"2017-06-02T10:16:19","date_gmt":"2017-06-02T08:16:19","guid":{"rendered":"http:\/\/partycypacjaobywatelska.pl\/forum-2017\/?page_id=1701"},"modified":"2017-06-06T09:53:09","modified_gmt":"2017-06-06T07:53:09","slug":"ogladaj-on-line","status":"publish","type":"page","link":"https:\/\/partycypacjaobywatelska.pl\/forum-2017\/ogladaj-on-line\/","title":{"rendered":"Ogl\u0105daj on-line!"},"content":{"rendered":"<p>Ogl\u0105daj 4. Forum Praktyk\u00f3w Partycypacji on-line!<\/p>\n<p>&nbsp;<\/p>\n<h3>ZAPRASZAMY NA DRUGI DZIE\u0143 FORUM!<\/h3>\n<p>&nbsp;<\/p>\n<p><iframe loading=\"lazy\" width=\"560\" height=\"315\" src=\"https:\/\/www.youtube.com\/embed\/e1SW-00JQX8\" frameborder=\"0\" allowfullscreen><\/iframe><\/p>\n<p>W ci\u0105gu dw\u00f3ch dni Forum (5-6 czerwca)\u00a0czeka nas bardzo wiele atrakcji, dyskusji, spor\u00f3w, nauki. Tym z Pa\u0144stwa, kt\u00f3rzy nie b\u0119d\u0105 z nami w tym czasie proponujemy ogl\u0105danie wybranych sesji na \u017cywo:<\/p>\n<table dir=\"ltr\" style=\"height: 243px;\" border=\"1\" width=\"704\" cellspacing=\"0\" cellpadding=\"0\">\n<tbody>\n<tr>\n<td><\/td>\n<td><\/td>\n<\/tr>\n<tr>\n<td><a href=\"http:\/\/partycypacjaobywatelska.pl\/forum-2017\/prototypowanie-urbanistyczne\/\">&#8222;\u017bywa Ulica&#8221; &#8211; prototypowanie urbanistyczne<\/a><\/td>\n<td>6 czerwca, 9.30-10.30<\/td>\n<\/tr>\n<tr>\n<td><a href=\"http:\/\/partycypacjaobywatelska.pl\/forum-2017\/przyneta-jak-zachecic-ludzi-do-udzialu-w-konsultacjach-spolecznych\/\">Przyn\u0119ta \u2013 jak zach\u0119ci\u0107 ludzi do udzia\u0142u w konsultacjach spo\u0142ecznych?<\/a><\/td>\n<td>6 czerwca, 10.45-12.15<\/td>\n<\/tr>\n<tr>\n<td><a href=\"http:\/\/partycypacjaobywatelska.pl\/forum-2017\/miejsca-aktywnosci-lokalnej\/\">Miejsca aktywno\u015bci lokalnej \u2013 przysz\u0142o\u015b\u0107 s\u0105siedzkiej partycypacji<\/a><\/td>\n<td>6 czerwca, 12.45-14.15<\/td>\n<\/tr>\n<\/tbody>\n<\/table>\n<h3><\/h3>\n","protected":false},"excerpt":{"rendered":"<p>Ogl\u0105daj 4. Forum Praktyk\u00f3w Partycypacji on-line! &nbsp; ZAPRASZAMY NA DRUGI DZIE\u0143 FORUM! &nbsp; W ci\u0105gu dw\u00f3ch dni Forum (5-6 czerwca)\u00a0czeka nas bardzo wiele atrakcji, dyskusji, spor\u00f3w, nauki. Tym z Pa\u0144stwa, kt\u00f3rzy nie b\u0119d\u0105 z nami w tym czasie proponujemy ogl\u0105danie wybranych sesji na \u017cywo: &#8222;\u017bywa Ulica&#8221; &#8211; prototypowanie urbanistyczne 6 czerwca, 9.30-10.30 Przyn\u0119ta \u2013 jak [&hellip;]<\/p>\n","protected":false},"author":1,"featured_media":0,"parent":0,"menu_order":0,"comment_status":"open","ping_status":"open","template":"template-forum_praktykow.php","meta":[],"_links":{"self":[{"href":"https:\/\/partycypacjaobywatelska.pl\/forum-2017\/wp-json\/wp\/v2\/pages\/1701"}],"collection":[{"href":"https:\/\/partycypacjaobywatelska.pl\/forum-2017\/wp-json\/wp\/v2\/pages"}],"about":[{"href":"https:\/\/partycypacjaobywatelska.pl\/forum-2017\/wp-json\/wp\/v2\/types\/page"}],"author":[{"embeddable":true,"href":"https:\/\/partycypacjaobywatelska.pl\/forum-2017\/wp-json\/wp\/v2\/users\/1"}],"replies":[{"embeddable":true,"href":"https:\/\/partycypacjaobywatelska.pl\/forum-2017\/wp-json\/wp\/v2\/comments?post=1701"}],"version-history":[{"count":13,"href":"https:\/\/partycypacjaobywatelska.pl\/forum-2017\/wp-json\/wp\/v2\/pages\/1701\/revisions"}],"predecessor-version":[{"id":1727,"href":"https:\/\/partycypacjaobywatelska.pl\/forum-2017\/wp-json\/wp\/v2\/pages\/1701\/revisions\/1727"}],"wp:attachment":[{"href":"https:\/\/partycypacjaobywatelska.pl\/forum-2017\/wp-json\/wp\/v2\/media?parent=1701"}],"curies":[{"name":"wp","href":"https:\/\/api.w.org\/{rel}","templated":true}]}}