{"id":1509,"date":"2017-05-24T14:19:31","date_gmt":"2017-05-24T12:19:31","guid":{"rendered":"http:\/\/partycypacjaobywatelska.pl\/forum-2017\/?page_id=1509"},"modified":"2017-05-26T16:07:31","modified_gmt":"2017-05-26T14:07:31","slug":"budzet-partycypacyjny","status":"publish","type":"page","link":"https:\/\/partycypacjaobywatelska.pl\/forum-2017\/budzet-partycypacyjny\/","title":{"rendered":"Bud\u017cet partycypacyjny"},"content":{"rendered":"<h4><strong>Prowadzenie:<\/strong><\/h4>\n<p>Borys Martela, Laboratorium Innowacji Spo\u0142ecznych<\/p>\n<h4><strong>Wyst\u0105pienia:<\/strong><\/h4>\n<p>Anna Bonus-Mackiewicz, Biuro Konsultacji Spo\u0142ecznych i Rewitalizacji, Urz\u0105d Miasta Gorz\u00f3w Wielkopolski<br \/>\nPiotr Dryga\u0142a, Wydzia\u0142 Organizacji Pozarz\u0105dowych i Aktywno\u015bci Obywatelskiej, Urz\u0105d Miejski w D\u0105browie G\u00f3rniczej<br \/>\nGra\u017cyna Ja\u0142gos-D\u0119bska, Stowarzyszenie So\u0142tysi Mazowsza<br \/>\nAnna Machocka, Biuro Partycypacji Spo\u0142ecznej, Urz\u0105d Miasta Lublin<br \/>\nKrzysztof Miko\u0142ajewski, Centrum Komunikacji Spo\u0142ecznej Urz\u0119du m.st. Warszawy<\/p>\n<h4><strong>Termin:<\/strong><\/h4>\n<p>1. dzie\u0144 Forum (5 czerwca, poniedzia\u0142ek), godz. 14.00-15.00<\/p>\n<h4><strong>Miejsce:<\/strong><\/h4>\n<p>pi\u0119tro 1, sala A<\/p>\n<h4><strong>Formu\u0142a:<\/strong><\/h4>\n<p>kalejdoskop<\/p>\n<h4><strong>Opis:<\/strong><\/h4>\n<p>Jak co roku na Forum nie zabraknie wie\u015bci z frontu bud\u017cetu partycypacyjnego. W ramach kalejdoskopu us\u0142yszymy kr\u00f3tkie opowie\u015bci m.in. o\u00a0nowym modelu bud\u017cetu w Gorzowie Wielkopolskim, gdzie mieszka\u0144cy &#8211; zamiast g\u0142osowa\u0107 &#8211; wsp\u00f3lnie wydyskutowuj\u0105 projekty do realizacji, nowej ods\u0142onie procesu w D\u0105browie G\u00f3rniczej &#8211; DBP 2.0 &#8211; w kt\u00f3rej postawiono na wsp\u00f3lne wypracowywanie projekt\u00f3w i prac\u0119 animator\u00f3w dzielnicowych (Piotr Dryga\u0142a), lubelskim Zielonym Bud\u017cecie Obywatelskim (Anna Machocka), lokalnym wymiarze procesu BP na przyk\u0142adzie Warszawy (Krzysztof Miko\u0142ajewski) oraz &#8222;starszym bracie BP&#8221; &#8211; funduszu so\u0142eckim (Gra\u017cyna Ja\u0142gos-D\u0119bska).<\/p>\n","protected":false},"excerpt":{"rendered":"<p>Prowadzenie: Borys Martela, Laboratorium Innowacji Spo\u0142ecznych Wyst\u0105pienia: Anna Bonus-Mackiewicz, Biuro Konsultacji Spo\u0142ecznych i Rewitalizacji, Urz\u0105d Miasta Gorz\u00f3w Wielkopolski Piotr Dryga\u0142a, Wydzia\u0142 Organizacji Pozarz\u0105dowych i Aktywno\u015bci Obywatelskiej, Urz\u0105d Miejski w D\u0105browie G\u00f3rniczej Gra\u017cyna Ja\u0142gos-D\u0119bska, Stowarzyszenie So\u0142tysi Mazowsza Anna Machocka, Biuro Partycypacji Spo\u0142ecznej, Urz\u0105d Miasta Lublin Krzysztof Miko\u0142ajewski, Centrum Komunikacji Spo\u0142ecznej Urz\u0119du m.st. Warszawy Termin: 1. dzie\u0144 [&hellip;]<\/p>\n","protected":false},"author":141,"featured_media":0,"parent":0,"menu_order":0,"comment_status":"open","ping_status":"open","template":"template-forum_praktykow.php","meta":[],"_links":{"self":[{"href":"https:\/\/partycypacjaobywatelska.pl\/forum-2017\/wp-json\/wp\/v2\/pages\/1509"}],"collection":[{"href":"https:\/\/partycypacjaobywatelska.pl\/forum-2017\/wp-json\/wp\/v2\/pages"}],"about":[{"href":"https:\/\/partycypacjaobywatelska.pl\/forum-2017\/wp-json\/wp\/v2\/types\/page"}],"author":[{"embeddable":true,"href":"https:\/\/partycypacjaobywatelska.pl\/forum-2017\/wp-json\/wp\/v2\/users\/141"}],"replies":[{"embeddable":true,"href":"https:\/\/partycypacjaobywatelska.pl\/forum-2017\/wp-json\/wp\/v2\/comments?post=1509"}],"version-history":[{"count":11,"href":"https:\/\/partycypacjaobywatelska.pl\/forum-2017\/wp-json\/wp\/v2\/pages\/1509\/revisions"}],"predecessor-version":[{"id":1563,"href":"https:\/\/partycypacjaobywatelska.pl\/forum-2017\/wp-json\/wp\/v2\/pages\/1509\/revisions\/1563"}],"wp:attachment":[{"href":"https:\/\/partycypacjaobywatelska.pl\/forum-2017\/wp-json\/wp\/v2\/media?parent=1509"}],"curies":[{"name":"wp","href":"https:\/\/api.w.org\/{rel}","templated":true}]}}