{"id":1504,"date":"2017-05-24T14:16:51","date_gmt":"2017-05-24T12:16:51","guid":{"rendered":"http:\/\/partycypacjaobywatelska.pl\/forum-2017\/?page_id=1504"},"modified":"2017-05-26T16:10:02","modified_gmt":"2017-05-26T14:10:02","slug":"rewitalizacja","status":"publish","type":"page","link":"https:\/\/partycypacjaobywatelska.pl\/forum-2017\/rewitalizacja\/","title":{"rendered":"Rewitalizacja"},"content":{"rendered":"<h4><strong>Prowadzenie:<\/strong><\/h4>\n<p>Inga Janikowska-Lipszyc, Fundacja im. Stefana Batorego<\/p>\n<h4><strong>Wyst\u0105pienia:<\/strong><\/h4>\n<p>Stefan Bobrowski, Centrum Komunikacji Spo\u0142ecznej Urz\u0119du m.st. Warszawy<br \/>\nAgnieszka Jurecka, Laboratorium Innowacji Spo\u0142ecznych<br \/>\nPawe\u0142 Ko\u0142acz, Pracownia Zr\u00f3wnowa\u017conego Rozwoju<br \/>\nBarbara Marchwicka, Laboratorium Innowacji Spo\u0142ecznych<br \/>\nAgnieszka Maszkowska, Fundacja SocLab<br \/>\nMagdalena Mike, Urz\u0105d Miejski w D\u0105browie G\u00f3rniczej<\/p>\n<h4><strong>Termin:<\/strong><\/h4>\n<p>1. dzie\u0144 Forum (5 czerwca, poniedzia\u0142ek), godz. 14.00-15.00<\/p>\n<h4><strong>Miejsce:<\/strong><\/h4>\n<p>pi\u0119tro -1, sala B<\/p>\n<h4><strong>Formu\u0142a:<\/strong><\/h4>\n<p>kalejdoskop<\/p>\n<h4><strong>Opis:<\/strong><\/h4>\n<p>W tym bloku kalejdoskopu b\u0119dzie mo\u017cna pos\u0142ucha\u0107 m.in. o Fabryce Pe\u0142nej \u017bycia, czyli o rewitalizacji przestrzeni, kt\u00f3ra ma si\u0119 sta\u0107 nowym centrum D\u0105browy G\u00f3rniczej (Magdalena Mike), o do\u015bwiadczeniach zwi\u0105zanych z partycypacj\u0105 w dzia\u0142aniach rewitalizacyjnych w ma\u0142ych miejscowo\u015bciach (Agnieszka Maszkowska), o anga\u017cowaniu r\u00f3\u017cnych grup interesariuszy w badania i konsultacje dotycz\u0105ce rewitalizacji w Gdyni (Agnieszka Jurecka), a tak\u017ce o mapach sentymentalnych tworzonych tam razem z mieszka\u0144cami (Barbara Marchwicka), o do\u015bwiadczeniach z procesu rewitalizacji w Wo\u0142ominie (Pawe\u0142 Ko\u0142acz) oraz o animatorach rewitalizacji, kt\u00f3rzy s\u0105 \u0142\u0105cznikiem mi\u0119dzy urz\u0119dem miasta i mieszka\u0144cami Warszawy (Stefan Bobrowski).<\/p>\n<p>&nbsp;<\/p>\n","protected":false},"excerpt":{"rendered":"<p>Prowadzenie: Inga Janikowska-Lipszyc, Fundacja im. Stefana Batorego Wyst\u0105pienia: Stefan Bobrowski, Centrum Komunikacji Spo\u0142ecznej Urz\u0119du m.st. Warszawy Agnieszka Jurecka, Laboratorium Innowacji Spo\u0142ecznych Pawe\u0142 Ko\u0142acz, Pracownia Zr\u00f3wnowa\u017conego Rozwoju Barbara Marchwicka, Laboratorium Innowacji Spo\u0142ecznych Agnieszka Maszkowska, Fundacja SocLab Magdalena Mike, Urz\u0105d Miejski w D\u0105browie G\u00f3rniczej Termin: 1. dzie\u0144 Forum (5 czerwca, poniedzia\u0142ek), godz. 14.00-15.00 Miejsce: pi\u0119tro -1, sala [&hellip;]<\/p>\n","protected":false},"author":141,"featured_media":0,"parent":0,"menu_order":0,"comment_status":"open","ping_status":"open","template":"template-forum_praktykow.php","meta":[],"_links":{"self":[{"href":"https:\/\/partycypacjaobywatelska.pl\/forum-2017\/wp-json\/wp\/v2\/pages\/1504"}],"collection":[{"href":"https:\/\/partycypacjaobywatelska.pl\/forum-2017\/wp-json\/wp\/v2\/pages"}],"about":[{"href":"https:\/\/partycypacjaobywatelska.pl\/forum-2017\/wp-json\/wp\/v2\/types\/page"}],"author":[{"embeddable":true,"href":"https:\/\/partycypacjaobywatelska.pl\/forum-2017\/wp-json\/wp\/v2\/users\/141"}],"replies":[{"embeddable":true,"href":"https:\/\/partycypacjaobywatelska.pl\/forum-2017\/wp-json\/wp\/v2\/comments?post=1504"}],"version-history":[{"count":6,"href":"https:\/\/partycypacjaobywatelska.pl\/forum-2017\/wp-json\/wp\/v2\/pages\/1504\/revisions"}],"predecessor-version":[{"id":1568,"href":"https:\/\/partycypacjaobywatelska.pl\/forum-2017\/wp-json\/wp\/v2\/pages\/1504\/revisions\/1568"}],"wp:attachment":[{"href":"https:\/\/partycypacjaobywatelska.pl\/forum-2017\/wp-json\/wp\/v2\/media?parent=1504"}],"curies":[{"name":"wp","href":"https:\/\/api.w.org\/{rel}","templated":true}]}}