{"id":1445,"date":"2017-05-22T10:16:30","date_gmt":"2017-05-22T08:16:30","guid":{"rendered":"http:\/\/partycypacjaobywatelska.pl\/forum-2017\/?page_id=1445"},"modified":"2017-05-26T17:03:23","modified_gmt":"2017-05-26T15:03:23","slug":"gminne-rady-seniorow-oraz-mlodziezowe-rady-gmin","status":"publish","type":"page","link":"https:\/\/partycypacjaobywatelska.pl\/forum-2017\/gminne-rady-seniorow-oraz-mlodziezowe-rady-gmin\/","title":{"rendered":"Gminne rady senior\u00f3w oraz m\u0142odzie\u017cowe rady gmin &#8211; niewykorzystany potencja\u0142 czy koszmar partycypacji?"},"content":{"rendered":"<h4><strong>Prowadzenie:<\/strong><\/h4>\n<p>Maria Klaman, Towarzystwo Inicjatyw Tw\u00f3rczych &#8222;\u0119&#8221;<\/p>\n<p>Paulina Kowalczyk, Fundacja Civis Polonus<\/p>\n<h4><strong>Termin:<\/strong><\/h4>\n<p>2. dzie\u0144 Forum (6 czerwca, wtorek), godz. 10.45-12.15<\/p>\n<h4><strong>Miejsce:<\/strong><\/h4>\n<p>pi\u0119tro -1, sala H<\/p>\n<h4><strong>Formu\u0142a:<\/strong><\/h4>\n<p>wyk\u0142ad z elementem sesji dyskusyjnej i warsztatu<\/p>\n<h4><strong>Opis:<\/strong><\/h4>\n<p>Rady senior\u00f3w i m\u0142odzie\u017cowe rady gmin funkcjonuj\u0105 raczej jako niewidzialne cia\u0142a doradcze ni\u017c prawdziwy parter w konsultacjach dla samorz\u0105du. Nie dostrzegaj\u0105 ich ani urz\u0119dnicy, ani mieszka\u0144cy, w\u0142adze cz\u0119sto jedynie w momencie powo\u0142ywania rady albo w trakcie kampanii wyborczej.<\/p>\n<p>Tymczasem w my\u015bl ustawy o samorz\u0105dzie gminnym rady powinny pe\u0142ni\u0107 przede wszystkim funkcj\u0119 konsultacyjn\u0105. W praktyce jednak seniorzy najcz\u0119\u015bciej organizuj\u0105 wydarzenia skierowane do os\u00f3b starszych, podejmuj\u0105 dzia\u0142ania o charakterze informacyjnym i dora\u017ane interwencje, a m\u0142odzie\u017cowe rady \u2013 zajmuj\u0105ce si\u0119 dzia\u0142aniami promocyjnymi i organizacj\u0105 r\u00f3\u017cnego rodzaju wydarze\u0144 lokalnych, tym samym wype\u0142niaj\u0105c zadania instytucji do tego przeznaczonych \u2013 nie s\u0105 traktowane zbyt powa\u017cnie.<\/p>\n<p>Podczas sesji powiemy, jakie wyzwania stoj\u0105 przed radami senior\u00f3w, radami m\u0142odzie\u017cowymi i w\u0142adzami w kontek\u015bcie rozwoju tych cia\u0142 doradczych. Wsp\u00f3lnie zastanowimy si\u0119 nad tym, co mo\u017ce zrobi\u0107 urz\u0119dnik, burmistrz, radny, praktyk partycypacji czy w ko\u0144cu sami seniorzy i m\u0142odzie\u017c, by rady sta\u0142y si\u0119 realnym narz\u0119dziem partycypacji. Porozmawiamy o tym, co i dlaczego warto konsultowa\u0107 z m\u0142odzie\u017c\u0105 i osobami starszymi oraz jak sprawi\u0107, aby g\u0142os tych grup by\u0142 bardziej s\u0142yszalny. Poka\u017cemy r\u00f3wnie\u017c przyk\u0142ady skutecznie przeprowadzonych konsultacji z udzia\u0142em m\u0142odzie\u017cowych rad i rad senior\u00f3w.<\/p>\n","protected":false},"excerpt":{"rendered":"<p>Prowadzenie: Maria Klaman, Towarzystwo Inicjatyw Tw\u00f3rczych &#8222;\u0119&#8221; Paulina Kowalczyk, Fundacja Civis Polonus Termin: 2. dzie\u0144 Forum (6 czerwca, wtorek), godz. 10.45-12.15 Miejsce: pi\u0119tro -1, sala H Formu\u0142a: wyk\u0142ad z elementem sesji dyskusyjnej i warsztatu Opis: Rady senior\u00f3w i m\u0142odzie\u017cowe rady gmin funkcjonuj\u0105 raczej jako niewidzialne cia\u0142a doradcze ni\u017c prawdziwy parter w konsultacjach dla samorz\u0105du. Nie [&hellip;]<\/p>\n","protected":false},"author":141,"featured_media":0,"parent":0,"menu_order":0,"comment_status":"open","ping_status":"open","template":"template-forum_praktykow.php","meta":[],"_links":{"self":[{"href":"https:\/\/partycypacjaobywatelska.pl\/forum-2017\/wp-json\/wp\/v2\/pages\/1445"}],"collection":[{"href":"https:\/\/partycypacjaobywatelska.pl\/forum-2017\/wp-json\/wp\/v2\/pages"}],"about":[{"href":"https:\/\/partycypacjaobywatelska.pl\/forum-2017\/wp-json\/wp\/v2\/types\/page"}],"author":[{"embeddable":true,"href":"https:\/\/partycypacjaobywatelska.pl\/forum-2017\/wp-json\/wp\/v2\/users\/141"}],"replies":[{"embeddable":true,"href":"https:\/\/partycypacjaobywatelska.pl\/forum-2017\/wp-json\/wp\/v2\/comments?post=1445"}],"version-history":[{"count":14,"href":"https:\/\/partycypacjaobywatelska.pl\/forum-2017\/wp-json\/wp\/v2\/pages\/1445\/revisions"}],"predecessor-version":[{"id":1605,"href":"https:\/\/partycypacjaobywatelska.pl\/forum-2017\/wp-json\/wp\/v2\/pages\/1445\/revisions\/1605"}],"wp:attachment":[{"href":"https:\/\/partycypacjaobywatelska.pl\/forum-2017\/wp-json\/wp\/v2\/media?parent=1445"}],"curies":[{"name":"wp","href":"https:\/\/api.w.org\/{rel}","templated":true}]}}