{"id":1365,"date":"2017-05-19T14:35:27","date_gmt":"2017-05-19T12:35:27","guid":{"rendered":"http:\/\/partycypacjaobywatelska.pl\/forum-2017\/?page_id=1365"},"modified":"2017-05-26T16:50:12","modified_gmt":"2017-05-26T14:50:12","slug":"partycypacja-okiem-architekta","status":"publish","type":"page","link":"https:\/\/partycypacjaobywatelska.pl\/forum-2017\/partycypacja-okiem-architekta\/","title":{"rendered":"Partycypacja okiem architekta"},"content":{"rendered":"<h4><strong>Prowadzenie:<\/strong><\/h4>\n<p>Jacek Grzeszak,\u00a0Pracownia Bada\u0144 i Innowacji Spo\u0142ecznych \u201eStocznia\u201d<\/p>\n<p>Andrzej Jaworski, JAZ+Architekci<\/p>\n<p><strong>Termin: <\/strong><\/p>\n<p>2. dzie\u0144 Forum (6 czerwca, wtorek), godz. 9.30-10.30<\/p>\n<h4><strong>Miejsce:<\/strong><\/h4>\n<p>pi\u0119tro -1, sala H<\/p>\n<h4><strong>Formu\u0142a:\u00a0<\/strong><\/h4>\n<p>spotkanie\u00a0\u015bniadaniowe<\/p>\n<h4><strong>Opis:<\/strong><\/h4>\n<p>Partycypacyjne planowanie przestrzeni nie mo\u017ce odbywa\u0107 si\u0119 bez udzia\u0142u\u00a0architekt\u00f3w\/urbanist\u00f3w. G\u0142os mieszka\u0144c\u00f3w jest bardzo wa\u017cny, ale je\u015bli rozmija si\u0119 z\u00a0uwarunkowaniami przestrzennymi i mo\u017cliwo\u015bciami technicznymi, nawet najlepsze konsultacje spo\u0142eczne b\u0119d\u0105 drog\u0105 do kl\u0119ski.<\/p>\n<p>Na \u015bniadaniu porozmawiamy o wsp\u00f3\u0142pracy na styku partycypacja-architektura na przyk\u0142adzie wsp\u00f3lnego projektowania Centrum Lokalnego Plac Hallera w Warszawie. Przeprowadzony w zawrotnym tempie (w ci\u0105gu 6 tygodni) projekt zak\u0142ada\u0142 r\u00f3wnoleg\u0142e prowadzenie konsultacji spo\u0142ecznych i powstawanie kolejnych wersji projektu zagospodarowania placu.<\/p>\n<p>Warszawskie Centra Lokalne to projekt Urz\u0119du Miasta Warszawy i Oddzia\u0142u Warszawskiego SARP, w ramach kt\u00f3rego miasto zorganizowa\u0142o proces partycypacyjnego projektowania 10 przestrzeni miejskich o charakterze centr\u00f3w lokalnych. Najwi\u0119kszym z wytypowanych centr\u00f3w by\u0142 Plac Hallera &#8211; socmodernistyczny kompleks kamienic na warszawskiej Pradze.<\/p>\n","protected":false},"excerpt":{"rendered":"<p>Prowadzenie: Jacek Grzeszak,\u00a0Pracownia Bada\u0144 i Innowacji Spo\u0142ecznych \u201eStocznia\u201d Andrzej Jaworski, JAZ+Architekci Termin: 2. dzie\u0144 Forum (6 czerwca, wtorek), godz. 9.30-10.30 Miejsce: pi\u0119tro -1, sala H Formu\u0142a:\u00a0 spotkanie\u00a0\u015bniadaniowe Opis: Partycypacyjne planowanie przestrzeni nie mo\u017ce odbywa\u0107 si\u0119 bez udzia\u0142u\u00a0architekt\u00f3w\/urbanist\u00f3w. G\u0142os mieszka\u0144c\u00f3w jest bardzo wa\u017cny, ale je\u015bli rozmija si\u0119 z\u00a0uwarunkowaniami przestrzennymi i mo\u017cliwo\u015bciami technicznymi, nawet najlepsze konsultacje spo\u0142eczne [&hellip;]<\/p>\n","protected":false},"author":141,"featured_media":0,"parent":0,"menu_order":0,"comment_status":"open","ping_status":"open","template":"template-forum_praktykow.php","meta":[],"_links":{"self":[{"href":"https:\/\/partycypacjaobywatelska.pl\/forum-2017\/wp-json\/wp\/v2\/pages\/1365"}],"collection":[{"href":"https:\/\/partycypacjaobywatelska.pl\/forum-2017\/wp-json\/wp\/v2\/pages"}],"about":[{"href":"https:\/\/partycypacjaobywatelska.pl\/forum-2017\/wp-json\/wp\/v2\/types\/page"}],"author":[{"embeddable":true,"href":"https:\/\/partycypacjaobywatelska.pl\/forum-2017\/wp-json\/wp\/v2\/users\/141"}],"replies":[{"embeddable":true,"href":"https:\/\/partycypacjaobywatelska.pl\/forum-2017\/wp-json\/wp\/v2\/comments?post=1365"}],"version-history":[{"count":7,"href":"https:\/\/partycypacjaobywatelska.pl\/forum-2017\/wp-json\/wp\/v2\/pages\/1365\/revisions"}],"predecessor-version":[{"id":1597,"href":"https:\/\/partycypacjaobywatelska.pl\/forum-2017\/wp-json\/wp\/v2\/pages\/1365\/revisions\/1597"}],"wp:attachment":[{"href":"https:\/\/partycypacjaobywatelska.pl\/forum-2017\/wp-json\/wp\/v2\/media?parent=1365"}],"curies":[{"name":"wp","href":"https:\/\/api.w.org\/{rel}","templated":true}]}}