{"id":1358,"date":"2017-05-19T14:01:27","date_gmt":"2017-05-19T12:01:27","guid":{"rendered":"http:\/\/partycypacjaobywatelska.pl\/forum-2017\/?page_id=1358"},"modified":"2017-05-26T16:11:21","modified_gmt":"2017-05-26T14:11:21","slug":"roznorodnosci","status":"publish","type":"page","link":"https:\/\/partycypacjaobywatelska.pl\/forum-2017\/roznorodnosci\/","title":{"rendered":"R\u00f3\u017cno\u015bci"},"content":{"rendered":"<h4><strong>Prowadzenie:<\/strong><\/h4>\n<p>Aleksandra Markowska, Laboratorium Innowacji Spo\u0142ecznych<\/p>\n<h4><strong>Wyst\u0105pienia:<\/strong><\/h4>\n<p>Marcin Gerwin,\u00a0Sopocka Inicjatywa Rozwojowa<br \/>\nInga Hajdarowicz,\u00a0Zak\u0142ad Us\u0142ug Miejskich<br \/>\nIzabela Kaszy\u0144ska,\u00a0Pracownia D\u00f3br Wsp\u00f3lnych<br \/>\nAgnieszka Sikorska, cooperativa studio, engage warsaw<br \/>\nAgata Urbanik, Fundacja Pole Dialogu<\/p>\n<h4><strong>Termin:<\/strong><\/h4>\n<p>1. dzie\u0144 Forum (5 czerwca, poniedzia\u0142ek), godz. 14.00-15.00<\/p>\n<h4><strong>Miejsce:<\/strong><\/h4>\n<p>pi\u0119tro 0, sala J<\/p>\n<h4><strong>Formu\u0142a:<\/strong><\/h4>\n<p>kalejdoskop<\/p>\n<h4><strong>Opis:<\/strong><\/h4>\n<p>W tym bloku kalejdoskopu zbieramy r\u00f3\u017cnorodne w\u0105tki zwi\u0105zane z partycypacj\u0105 obywatelsk\u0105.<\/p>\n<p>Marcin Gerwin przybli\u017cy formu\u0142\u0119\u00a0panelu obywatelskiego, Inga Hajdarowicz poruszy temat migracji i dzia\u0142a\u0144 na rzecz r\u00f3\u017cnorodno\u015bci, Izabela Kaszy\u0144ska opowie o ogrodnictwie miejskim, Agnieszka Sikorska o projekcie\u00a0\u201eGotowi w g\u00f3ry\u201d\u00a0zrealizowanym dla\u00a0Tatrza\u0144skiego Parku Narodowego, a Agata Urbanik\u00a0przedstawi kr\u00f3tk\u0105\u00a0opowie\u015b\u0107 o stawianiu pyta\u0144.<\/p>\n","protected":false},"excerpt":{"rendered":"<p>Prowadzenie: Aleksandra Markowska, Laboratorium Innowacji Spo\u0142ecznych Wyst\u0105pienia: Marcin Gerwin,\u00a0Sopocka Inicjatywa Rozwojowa Inga Hajdarowicz,\u00a0Zak\u0142ad Us\u0142ug Miejskich Izabela Kaszy\u0144ska,\u00a0Pracownia D\u00f3br Wsp\u00f3lnych Agnieszka Sikorska, cooperativa studio, engage warsaw Agata Urbanik, Fundacja Pole Dialogu Termin: 1. dzie\u0144 Forum (5 czerwca, poniedzia\u0142ek), godz. 14.00-15.00 Miejsce: pi\u0119tro 0, sala J Formu\u0142a: kalejdoskop Opis: W tym bloku kalejdoskopu zbieramy r\u00f3\u017cnorodne w\u0105tki zwi\u0105zane [&hellip;]<\/p>\n","protected":false},"author":141,"featured_media":0,"parent":0,"menu_order":0,"comment_status":"open","ping_status":"open","template":"template-forum_praktykow.php","meta":[],"_links":{"self":[{"href":"https:\/\/partycypacjaobywatelska.pl\/forum-2017\/wp-json\/wp\/v2\/pages\/1358"}],"collection":[{"href":"https:\/\/partycypacjaobywatelska.pl\/forum-2017\/wp-json\/wp\/v2\/pages"}],"about":[{"href":"https:\/\/partycypacjaobywatelska.pl\/forum-2017\/wp-json\/wp\/v2\/types\/page"}],"author":[{"embeddable":true,"href":"https:\/\/partycypacjaobywatelska.pl\/forum-2017\/wp-json\/wp\/v2\/users\/141"}],"replies":[{"embeddable":true,"href":"https:\/\/partycypacjaobywatelska.pl\/forum-2017\/wp-json\/wp\/v2\/comments?post=1358"}],"version-history":[{"count":10,"href":"https:\/\/partycypacjaobywatelska.pl\/forum-2017\/wp-json\/wp\/v2\/pages\/1358\/revisions"}],"predecessor-version":[{"id":1570,"href":"https:\/\/partycypacjaobywatelska.pl\/forum-2017\/wp-json\/wp\/v2\/pages\/1358\/revisions\/1570"}],"wp:attachment":[{"href":"https:\/\/partycypacjaobywatelska.pl\/forum-2017\/wp-json\/wp\/v2\/media?parent=1358"}],"curies":[{"name":"wp","href":"https:\/\/api.w.org\/{rel}","templated":true}]}}