{"id":1344,"date":"2017-05-19T13:06:41","date_gmt":"2017-05-19T11:06:41","guid":{"rendered":"http:\/\/partycypacjaobywatelska.pl\/forum-2017\/?page_id=1344"},"modified":"2017-05-26T16:08:46","modified_gmt":"2017-05-26T14:08:46","slug":"przestrzen-publiczna","status":"publish","type":"page","link":"https:\/\/partycypacjaobywatelska.pl\/forum-2017\/przestrzen-publiczna\/","title":{"rendered":"Przestrze\u0144 publiczna"},"content":{"rendered":"<h4><strong>Prowadzenie:<\/strong><\/h4>\n<p>\u0141ukasz Prykowski, Urz\u0105d Miasta \u0141odzi<\/p>\n<h4><strong>Wyst\u0105pienia:<\/strong><\/h4>\n<p>Krzysztof Jaraszkiewicz, Fundacja tu obok<br \/>\nAndrzej Jaworski,\u00a0JAZ+Architekci<br \/>\nMagdalena Jochemczyk, Napraw Sobie Miasto<br \/>\nMarta Kurowska, Fundacja tu obok<br \/>\nKrzysztof \u015alebioda, Pracownia Zr\u00f3wnowa\u017conego Rozwoju<br \/>\nSylwia Widzisz-Pronobis, Pronobis Studio<\/p>\n<h4><strong>Termin:<\/strong><\/h4>\n<p>1. dzie\u0144 Forum (5 czerwca, poniedzia\u0142ek), godz. 14.00-15.00<\/p>\n<h4><strong>Miejsce:<\/strong><\/h4>\n<p>pi\u0119tro -1, sala F<\/p>\n<h4><strong>Formu\u0142a:<\/strong><\/h4>\n<p>kalejdoskop<\/p>\n<h4><strong>Opis:<\/strong><\/h4>\n<p>W tym bloku kalejdoskopu b\u0119dzie mo\u017cna us\u0142ysze\u0107 o projekcie \u201e\u017bywa Ulica\u201d wykorzystuj\u0105cym metod\u0119 prototypowania urbanistycznego (Magdalena Jochemczyk), o procesie \u201eChrobry na kwadracie\u201d w\u0142\u0105czaj\u0105cym mieszka\u0144c\u00f3w w planowanie przestrzenne \u015bcis\u0142ego centrum Gorzowa Wielkopolskiego (Sylwia Widzisz-Pronobis), o roli architekta w procesie partycypacyjnym na przyk\u0142adzie\u00a0projektowania Centrum Lokalnego Plac Hallera w Warszawie (Andrzej Jaworski) oraz o do\u015bwiadczeniach z projektu \u201ePrzepis na ulic\u0119\u201d (Krzysztof \u015alebioda).<\/p>\n<p>Zarysowane b\u0119d\u0105 te\u017c\u00a0dwa projekty lubelskie: \u201eMiasto dla ludzi\u201d o wypracowywaniu\u00a0standard\u00f3w infrastruktury pieszej\u00a0(Marta Kurowska) oraz spo\u0142eczny projekt zagospodarowania doliny Czech\u00f3wki\u00a0w Wieniawie, dzielnicy Lublina\u00a0(Krzysztof Jaraszkiewicz).<\/p>\n","protected":false},"excerpt":{"rendered":"<p>Prowadzenie: \u0141ukasz Prykowski, Urz\u0105d Miasta \u0141odzi Wyst\u0105pienia: Krzysztof Jaraszkiewicz, Fundacja tu obok Andrzej Jaworski,\u00a0JAZ+Architekci Magdalena Jochemczyk, Napraw Sobie Miasto Marta Kurowska, Fundacja tu obok Krzysztof \u015alebioda, Pracownia Zr\u00f3wnowa\u017conego Rozwoju Sylwia Widzisz-Pronobis, Pronobis Studio Termin: 1. dzie\u0144 Forum (5 czerwca, poniedzia\u0142ek), godz. 14.00-15.00 Miejsce: pi\u0119tro -1, sala F Formu\u0142a: kalejdoskop Opis: W tym bloku kalejdoskopu b\u0119dzie [&hellip;]<\/p>\n","protected":false},"author":141,"featured_media":0,"parent":0,"menu_order":0,"comment_status":"open","ping_status":"open","template":"template-forum_praktykow.php","meta":[],"_links":{"self":[{"href":"https:\/\/partycypacjaobywatelska.pl\/forum-2017\/wp-json\/wp\/v2\/pages\/1344"}],"collection":[{"href":"https:\/\/partycypacjaobywatelska.pl\/forum-2017\/wp-json\/wp\/v2\/pages"}],"about":[{"href":"https:\/\/partycypacjaobywatelska.pl\/forum-2017\/wp-json\/wp\/v2\/types\/page"}],"author":[{"embeddable":true,"href":"https:\/\/partycypacjaobywatelska.pl\/forum-2017\/wp-json\/wp\/v2\/users\/141"}],"replies":[{"embeddable":true,"href":"https:\/\/partycypacjaobywatelska.pl\/forum-2017\/wp-json\/wp\/v2\/comments?post=1344"}],"version-history":[{"count":18,"href":"https:\/\/partycypacjaobywatelska.pl\/forum-2017\/wp-json\/wp\/v2\/pages\/1344\/revisions"}],"predecessor-version":[{"id":1566,"href":"https:\/\/partycypacjaobywatelska.pl\/forum-2017\/wp-json\/wp\/v2\/pages\/1344\/revisions\/1566"}],"wp:attachment":[{"href":"https:\/\/partycypacjaobywatelska.pl\/forum-2017\/wp-json\/wp\/v2\/media?parent=1344"}],"curies":[{"name":"wp","href":"https:\/\/api.w.org\/{rel}","templated":true}]}}