{"id":1328,"date":"2017-05-19T11:17:20","date_gmt":"2017-05-19T09:17:20","guid":{"rendered":"http:\/\/partycypacjaobywatelska.pl\/forum-2017\/?page_id=1328"},"modified":"2017-05-26T17:07:28","modified_gmt":"2017-05-26T15:07:28","slug":"przyneta-jak-zachecic-ludzi-do-udzialu-w-konsultacjach-spolecznych","status":"publish","type":"page","link":"https:\/\/partycypacjaobywatelska.pl\/forum-2017\/przyneta-jak-zachecic-ludzi-do-udzialu-w-konsultacjach-spolecznych\/","title":{"rendered":"Przyn\u0119ta \u2013 jak zach\u0119ci\u0107 ludzi do udzia\u0142u w konsultacjach spo\u0142ecznych?"},"content":{"rendered":"<h4><strong>Prowadzenie:<\/strong><\/h4>\n<p>Adam Kadenaci, Towarzystwo Inicjatyw Tw\u00f3rczych \u201e\u0119\u201d<\/p>\n<h4><strong>Termin:<\/strong><\/h4>\n<p>2. dzie\u0144 Forum (6 czerwca, wtorek), godz. 10.45-12.15<\/p>\n<h4><strong>Miejsce:<\/strong><\/h4>\n<p>pi\u0119tro -1, sala F<\/p>\n<h4><strong>Formu\u0142a:\u00a0<\/strong><\/h4>\n<p>wymiana do\u015bwiadcze\u0144 z elementami warsztatu<\/p>\n<h4><strong>Opis:<\/strong><\/h4>\n<p>Ka\u017cdemu podmiotowi organizuj\u0105cemu konsultacje spo\u0142eczne zale\u017cy na jak najszerszym w\u0142\u0105czeniu mieszka\u0144c\u00f3w. Niestety wi\u0119kszo\u015b\u0107 z nich\u00a0nie ma\u00a0jeszcze naturalnego odruchu anga\u017cowania si\u0119 w podobne procesy ani ch\u0119ci wyra\u017cenia swojego zdania za ich pomoc\u0105. Organizatorom konsultacji trudno jest wi\u0119c wyj\u015b\u0107 poza zakl\u0119ty kr\u0105g dy\u017curnych uczestnik\u00f3w.<\/p>\n<p>Podczas tej sesji wsp\u00f3lnie zastanowimy si\u0119, w jaki spos\u00f3b mo\u017cemy zach\u0119ca\u0107 mieszka\u0144c\u00f3w do udzia\u0142u w konsultacjach i u\u0142atwia\u0107 im uczestnictwo w tym procesie. W pierwszej cz\u0119\u015bci spotkania spr\u00f3bujemy zebra\u0107 dobre praktyki, kt\u00f3re sprawdzaj\u0105 si\u0119 w dzia\u0142aniach realizowanych przez uczestnik\u00f3w sesji. Nast\u0119pnie zaprezentuj\u0119 \u201eprzyn\u0119ty\u201d, kt\u00f3re stosowa\u0142em podczas prowadzenia konsultacji dotycz\u0105cych modernizacji przestrzeni publicznych z ramienia Towarzystwa Inicjatyw Tw\u00f3rczych \u201e\u0119\u201d i Fundacji Na Miejscu.<\/p>\n<p>Zapraszam osoby, kt\u00f3re przeprowadza\u0142y lub wspiera\u0142y procesy konsultacyjne, oraz osoby, kt\u00f3re chcia\u0142yby si\u0119 zajmowa\u0107 tym tematem w przysz\u0142o\u015bci. Do\u015bwiadczenie nie jest konieczne!<\/p>\n","protected":false},"excerpt":{"rendered":"<p>Prowadzenie: Adam Kadenaci, Towarzystwo Inicjatyw Tw\u00f3rczych \u201e\u0119\u201d Termin: 2. dzie\u0144 Forum (6 czerwca, wtorek), godz. 10.45-12.15 Miejsce: pi\u0119tro -1, sala F Formu\u0142a:\u00a0 wymiana do\u015bwiadcze\u0144 z elementami warsztatu Opis: Ka\u017cdemu podmiotowi organizuj\u0105cemu konsultacje spo\u0142eczne zale\u017cy na jak najszerszym w\u0142\u0105czeniu mieszka\u0144c\u00f3w. Niestety wi\u0119kszo\u015b\u0107 z nich\u00a0nie ma\u00a0jeszcze naturalnego odruchu anga\u017cowania si\u0119 w podobne procesy ani ch\u0119ci wyra\u017cenia swojego [&hellip;]<\/p>\n","protected":false},"author":141,"featured_media":0,"parent":0,"menu_order":0,"comment_status":"open","ping_status":"open","template":"template-forum_praktykow.php","meta":[],"_links":{"self":[{"href":"https:\/\/partycypacjaobywatelska.pl\/forum-2017\/wp-json\/wp\/v2\/pages\/1328"}],"collection":[{"href":"https:\/\/partycypacjaobywatelska.pl\/forum-2017\/wp-json\/wp\/v2\/pages"}],"about":[{"href":"https:\/\/partycypacjaobywatelska.pl\/forum-2017\/wp-json\/wp\/v2\/types\/page"}],"author":[{"embeddable":true,"href":"https:\/\/partycypacjaobywatelska.pl\/forum-2017\/wp-json\/wp\/v2\/users\/141"}],"replies":[{"embeddable":true,"href":"https:\/\/partycypacjaobywatelska.pl\/forum-2017\/wp-json\/wp\/v2\/comments?post=1328"}],"version-history":[{"count":6,"href":"https:\/\/partycypacjaobywatelska.pl\/forum-2017\/wp-json\/wp\/v2\/pages\/1328\/revisions"}],"predecessor-version":[{"id":1614,"href":"https:\/\/partycypacjaobywatelska.pl\/forum-2017\/wp-json\/wp\/v2\/pages\/1328\/revisions\/1614"}],"wp:attachment":[{"href":"https:\/\/partycypacjaobywatelska.pl\/forum-2017\/wp-json\/wp\/v2\/media?parent=1328"}],"curies":[{"name":"wp","href":"https:\/\/api.w.org\/{rel}","templated":true}]}}