{"id":1314,"date":"2017-05-19T11:00:28","date_gmt":"2017-05-19T09:00:28","guid":{"rendered":"http:\/\/partycypacjaobywatelska.pl\/forum-2017\/?page_id=1314"},"modified":"2017-05-26T16:53:32","modified_gmt":"2017-05-26T14:53:32","slug":"jak-oswoic-termin-partycypacja","status":"publish","type":"page","link":"https:\/\/partycypacjaobywatelska.pl\/forum-2017\/jak-oswoic-termin-partycypacja\/","title":{"rendered":"Jak oswoi\u0107 termin \u201epartycypacja\u201d?"},"content":{"rendered":"<h4><strong>Prowadzenie:<\/strong><\/h4>\n<p>Agnieszka Sikorska, cooperativa studio<\/p>\n<p>Ewa Stok\u0142uska, Pracownia Bada\u0144 i Innowacji Spo\u0142ecznych \u201eStocznia\u201d<\/p>\n<h4><strong>Termin:<\/strong><\/h4>\n<p>2. dzie\u0144 Forum (6 czerwca, wtorek), godz. 9.30-12.15<\/p>\n<h4><strong>Miejsce:<\/strong><\/h4>\n<p>pi\u0119tro 0, sala J<\/p>\n<h4><strong>Formu\u0142a:\u00a0<\/strong><\/h4>\n<p>warsztat<\/p>\n<h4><strong>Opis:<\/strong><\/h4>\n<p>Co roku spotykamy si\u0119 na Forum w gronie os\u00f3b, kt\u00f3re wierz\u0105 w partycypacj\u0119 i w to, \u017ce mo\u017ce ona zmienia\u0107 na lepsze nasze otoczenie. Ale dla wielu innych, kt\u00f3rych na co dzie\u0144 pr\u00f3bujemy do partycypacji zach\u0119ca\u0107, ten termin brzmi obco i niezrozumiale, i mo\u017ce zniech\u0119ca\u0107 do w\u0142\u0105czania si\u0119 w jakiekolwiek dzia\u0142ania spod partycypacyjnego szyldu. Jak skutecznie go odczarowa\u0107? Co mo\u017cemy zrobi\u0107, by Polki i Polacy zrozumieli i pokochali s\u0142owo \u201epartycypacja&#8221;? Uruchomi\u0107 kampani\u0119 spo\u0142eczn\u0105? Zamieni\u0107 obco brzmi\u0105cy termin na co\u015b bardziej swojskiego i promowa\u0107 nowe s\u0142owo? Lobbowa\u0107 za nadaniem imienia \u201ePartycypacja&#8221; jednemu z popularnych po\u0142\u0105cze\u0144 PKP? A mo\u017ce&#8230;?<\/p>\n<p>Zapraszamy na intensywn\u0105 sesj\u0119 projektow\u0105, w trakcie kt\u00f3rej spr\u00f3bujemy razem wymy\u015bli\u0107 konkretne dzia\u0142ania na rzecz oswojenia naszego ulubionego s\u0142owa :). B\u0119dziemy posi\u0142kowa\u0107 si\u0119 podej\u015bciem projektowym w duchu <em>design thinking<\/em>\/<em>service design<\/em>: wybierzemy konkretne grupy, kt\u00f3rym chcemy przybli\u017cy\u0107 ten termin, b\u0119dziemy generowa\u0107 pomys\u0142y i spr\u00f3bujemy stworzy\u0107 wsp\u00f3lnie rozwi\u0105zania, kt\u00f3re mog\u0142yby faktycznie sprawi\u0107, \u017ce ludzie zaczn\u0105 lepiej rozumie\u0107, o co nam chodzi. I kt\u00f3re b\u0119dziemy mogli wcieli\u0107 w \u017cycie naszym wsp\u00f3lnym wysi\u0142kiem!<\/p>\n<p>Do udzia\u0142u w sesji zapraszamy wszystkich, kt\u00f3rym marzy si\u0119, by o partycypacji zacz\u0119li m\u00f3wi\u0107 nie tylko uczestnicy Forum &#8211; zar\u00f3wno tych, kt\u00f3rzy nigdy jeszcze nie brali udzia\u0142 w sesjach projektowania, jak i tych, kt\u00f3rzy maj\u0105 to ju\u017c za sob\u0105.<\/p>\n","protected":false},"excerpt":{"rendered":"<p>Prowadzenie: Agnieszka Sikorska, cooperativa studio Ewa Stok\u0142uska, Pracownia Bada\u0144 i Innowacji Spo\u0142ecznych \u201eStocznia\u201d Termin: 2. dzie\u0144 Forum (6 czerwca, wtorek), godz. 9.30-12.15 Miejsce: pi\u0119tro 0, sala J Formu\u0142a:\u00a0 warsztat Opis: Co roku spotykamy si\u0119 na Forum w gronie os\u00f3b, kt\u00f3re wierz\u0105 w partycypacj\u0119 i w to, \u017ce mo\u017ce ona zmienia\u0107 na lepsze nasze otoczenie. Ale [&hellip;]<\/p>\n","protected":false},"author":141,"featured_media":0,"parent":0,"menu_order":0,"comment_status":"open","ping_status":"open","template":"template-forum_praktykow.php","meta":[],"_links":{"self":[{"href":"https:\/\/partycypacjaobywatelska.pl\/forum-2017\/wp-json\/wp\/v2\/pages\/1314"}],"collection":[{"href":"https:\/\/partycypacjaobywatelska.pl\/forum-2017\/wp-json\/wp\/v2\/pages"}],"about":[{"href":"https:\/\/partycypacjaobywatelska.pl\/forum-2017\/wp-json\/wp\/v2\/types\/page"}],"author":[{"embeddable":true,"href":"https:\/\/partycypacjaobywatelska.pl\/forum-2017\/wp-json\/wp\/v2\/users\/141"}],"replies":[{"embeddable":true,"href":"https:\/\/partycypacjaobywatelska.pl\/forum-2017\/wp-json\/wp\/v2\/comments?post=1314"}],"version-history":[{"count":6,"href":"https:\/\/partycypacjaobywatelska.pl\/forum-2017\/wp-json\/wp\/v2\/pages\/1314\/revisions"}],"predecessor-version":[{"id":1321,"href":"https:\/\/partycypacjaobywatelska.pl\/forum-2017\/wp-json\/wp\/v2\/pages\/1314\/revisions\/1321"}],"wp:attachment":[{"href":"https:\/\/partycypacjaobywatelska.pl\/forum-2017\/wp-json\/wp\/v2\/media?parent=1314"}],"curies":[{"name":"wp","href":"https:\/\/api.w.org\/{rel}","templated":true}]}}