{"id":1260,"date":"2017-05-18T10:36:36","date_gmt":"2017-05-18T08:36:36","guid":{"rendered":"http:\/\/partycypacjaobywatelska.pl\/forum-2017\/?page_id=1260"},"modified":"2017-05-26T16:12:25","modified_gmt":"2017-05-26T14:12:25","slug":"budzet-partycypacyjny-i-konflikt-skazana-na-siebie-para","status":"publish","type":"page","link":"https:\/\/partycypacjaobywatelska.pl\/forum-2017\/budzet-partycypacyjny-i-konflikt-skazana-na-siebie-para\/","title":{"rendered":"Bud\u017cet partycypacyjny i konflikt \u2013 skazana na siebie para?"},"content":{"rendered":"<h4><strong>Prowadzenie:<\/strong><\/h4>\n<p>Katarzyna Doma\u0144ska,\u00a0Mateusz Gil,\u00a0Marek Jezierski,\u00a0Justyna Piwko i Magdalena Stefa\u0144ska,\u00a0Zesp\u00f3\u0142 Bud\u017cetu Partycypacyjnego\u00a0Centrum Komunikacji Spo\u0142ecznej Urz\u0119du m.st. Warszawy<\/p>\n<h4><strong>Termin:<\/strong><\/h4>\n<p>1. dzie\u0144 Forum (5 czerwca, poniedzia\u0142ek), godz. 15.30-17.15<\/p>\n<h4><strong>Miejsce:<\/strong><\/h4>\n<p>pi\u0119tro 1, sala A<\/p>\n<h4><strong>Formu\u0142a:<\/strong><\/h4>\n<p>wymiana do\u015bwiadcze\u0144<\/p>\n<h4><strong>Opis:<\/strong><\/h4>\n<p>Bud\u017cet partycypacyjny na dobre zago\u015bci\u0142 w wielu polskich miastach i gminach, a wraz z nim&#8230; konflikt. Mieszka\u0144cy zamiast \u0142\u0105czy\u0107 si\u0119 wok\u00f3\u0142 idei i wsp\u00f3lnych pomys\u0142\u00f3w, cz\u0119sto jednocz\u0105 si\u0119 przeciwko nim. Czy konflikt jest nieodzownym towarzyszem bud\u017cetu partycypacyjnego? Czy mo\u017cna go unikn\u0105\u0107? Jak sobie z nim radzi\u0107? Zapraszamy do wsp\u00f3lnego poszukania odpowiedzi na te pytania.<\/p>\n<p>Sesja ma na celu wymian\u0119 do\u015bwiadcze\u0144 os\u00f3b, kt\u00f3re uczestnicz\u0105 w procesach bud\u017cetu partycypacyjnego w r\u00f3\u017cnych rolach. Prowadz\u0105cy z Zespo\u0142u Bud\u017cetu Partycypacyjnego w Warszawie, gdzie w ostatnich edycjach bud\u017cetu dosz\u0142o do kilku powa\u017cnych sytuacji konfliktowych, podziel\u0105 si\u0119 kilkoma takimi przypadkami ze sto\u0142ecznego podw\u00f3rka oraz zach\u0119c\u0105 pozosta\u0142ych uczestnik\u00f3w do opowiedzenia, jak radz\u0105 sobie z takimi trudno\u015bciami w innych miejscowo\u015bciach. Spr\u00f3bujemy zidentyfikowa\u0107 najcz\u0119stsze typy konflikt\u00f3w, kt\u00f3re rodz\u0105 si\u0119 w zwi\u0105zku z tym mechanizmem i zastanowimy si\u0119 nad sposobami mierzenia si\u0119 z nimi na r\u00f3\u017cnych etapach procesu.<\/p>\n<p>Sesja jest dla os\u00f3b, kt\u00f3re zajmuj\u0105 si\u0119 bud\u017cetem partycypacyjnym, ale nie tylko. To temat dla wszystkich, tych, kt\u00f3rzy w swojej pracy spotkali si\u0119 z konfliktem &#8211; zar\u00f3wno prowadz\u0105c procesy partycypacyjne, jak i uczestnicz\u0105c w procesach, w kt\u00f3rych pojawi\u0142 si\u0119 konflikt.<\/p>\n","protected":false},"excerpt":{"rendered":"<p>Prowadzenie: Katarzyna Doma\u0144ska,\u00a0Mateusz Gil,\u00a0Marek Jezierski,\u00a0Justyna Piwko i Magdalena Stefa\u0144ska,\u00a0Zesp\u00f3\u0142 Bud\u017cetu Partycypacyjnego\u00a0Centrum Komunikacji Spo\u0142ecznej Urz\u0119du m.st. Warszawy Termin: 1. dzie\u0144 Forum (5 czerwca, poniedzia\u0142ek), godz. 15.30-17.15 Miejsce: pi\u0119tro 1, sala A Formu\u0142a: wymiana do\u015bwiadcze\u0144 Opis: Bud\u017cet partycypacyjny na dobre zago\u015bci\u0142 w wielu polskich miastach i gminach, a wraz z nim&#8230; konflikt. Mieszka\u0144cy zamiast \u0142\u0105czy\u0107 si\u0119 wok\u00f3\u0142 [&hellip;]<\/p>\n","protected":false},"author":141,"featured_media":0,"parent":0,"menu_order":0,"comment_status":"open","ping_status":"open","template":"template-forum_praktykow.php","meta":[],"_links":{"self":[{"href":"https:\/\/partycypacjaobywatelska.pl\/forum-2017\/wp-json\/wp\/v2\/pages\/1260"}],"collection":[{"href":"https:\/\/partycypacjaobywatelska.pl\/forum-2017\/wp-json\/wp\/v2\/pages"}],"about":[{"href":"https:\/\/partycypacjaobywatelska.pl\/forum-2017\/wp-json\/wp\/v2\/types\/page"}],"author":[{"embeddable":true,"href":"https:\/\/partycypacjaobywatelska.pl\/forum-2017\/wp-json\/wp\/v2\/users\/141"}],"replies":[{"embeddable":true,"href":"https:\/\/partycypacjaobywatelska.pl\/forum-2017\/wp-json\/wp\/v2\/comments?post=1260"}],"version-history":[{"count":8,"href":"https:\/\/partycypacjaobywatelska.pl\/forum-2017\/wp-json\/wp\/v2\/pages\/1260\/revisions"}],"predecessor-version":[{"id":1571,"href":"https:\/\/partycypacjaobywatelska.pl\/forum-2017\/wp-json\/wp\/v2\/pages\/1260\/revisions\/1571"}],"wp:attachment":[{"href":"https:\/\/partycypacjaobywatelska.pl\/forum-2017\/wp-json\/wp\/v2\/media?parent=1260"}],"curies":[{"name":"wp","href":"https:\/\/api.w.org\/{rel}","templated":true}]}}