{"id":1249,"date":"2017-05-17T18:00:21","date_gmt":"2017-05-17T16:00:21","guid":{"rendered":"http:\/\/partycypacjaobywatelska.pl\/forum-2017\/?page_id=1249"},"modified":"2017-05-31T14:34:55","modified_gmt":"2017-05-31T12:34:55","slug":"impreza-na-dachu-centrum-spotkania-kultur","status":"publish","type":"page","link":"https:\/\/partycypacjaobywatelska.pl\/forum-2017\/impreza-na-dachu-centrum-spotkania-kultur\/","title":{"rendered":"Impreza na dachu Centrum Spotkania Kultur"},"content":{"rendered":"<h4><strong>Termin:<\/strong><\/h4>\n<p>1. dzie\u0144 Forum (5 czerwca, poniedzia\u0142ek), godz. 20.00\u201324.00<\/p>\n<h4><strong>Miejsce:<\/strong><\/h4>\n<p>dach Centrum Spotkania Kultur (pi\u0119tro +4)<\/p>\n<h4><strong>Opis:<\/strong><\/h4>\n<p>Na zako\u0144czenie pierwszego dnia Forum serdecznie zapraszamy na dach Centrum Spotkania Kultur. Porozmawiamy o wra\u017ceniach z sesji i warsztat\u00f3w, bli\u017cej si\u0119 poznamy, wymienimy do\u015bwiadczeniami.<\/p>\n<p>B\u0119dzie te\u017c tradycyjny quiz, kt\u00f3ry poprowadzi\u00a0niezast\u0105pione Anna Petroff-Skiba i Ewa Stok\u0142uska.<\/p>\n<p>Mamy nadziej\u0119, \u017ce pogoda nas nie zawiedzie. Zapewniamy koce i poduszki do siedzenia oraz muzyk\u0119 :).<\/p>\n","protected":false},"excerpt":{"rendered":"<p>Termin: 1. dzie\u0144 Forum (5 czerwca, poniedzia\u0142ek), godz. 20.00\u201324.00 Miejsce: dach Centrum Spotkania Kultur (pi\u0119tro +4) Opis: Na zako\u0144czenie pierwszego dnia Forum serdecznie zapraszamy na dach Centrum Spotkania Kultur. Porozmawiamy o wra\u017ceniach z sesji i warsztat\u00f3w, bli\u017cej si\u0119 poznamy, wymienimy do\u015bwiadczeniami. B\u0119dzie te\u017c tradycyjny quiz, kt\u00f3ry poprowadzi\u00a0niezast\u0105pione Anna Petroff-Skiba i Ewa Stok\u0142uska. Mamy nadziej\u0119, \u017ce [&hellip;]<\/p>\n","protected":false},"author":1,"featured_media":0,"parent":0,"menu_order":0,"comment_status":"open","ping_status":"open","template":"template-forum_praktykow.php","meta":[],"_links":{"self":[{"href":"https:\/\/partycypacjaobywatelska.pl\/forum-2017\/wp-json\/wp\/v2\/pages\/1249"}],"collection":[{"href":"https:\/\/partycypacjaobywatelska.pl\/forum-2017\/wp-json\/wp\/v2\/pages"}],"about":[{"href":"https:\/\/partycypacjaobywatelska.pl\/forum-2017\/wp-json\/wp\/v2\/types\/page"}],"author":[{"embeddable":true,"href":"https:\/\/partycypacjaobywatelska.pl\/forum-2017\/wp-json\/wp\/v2\/users\/1"}],"replies":[{"embeddable":true,"href":"https:\/\/partycypacjaobywatelska.pl\/forum-2017\/wp-json\/wp\/v2\/comments?post=1249"}],"version-history":[{"count":7,"href":"https:\/\/partycypacjaobywatelska.pl\/forum-2017\/wp-json\/wp\/v2\/pages\/1249\/revisions"}],"predecessor-version":[{"id":1684,"href":"https:\/\/partycypacjaobywatelska.pl\/forum-2017\/wp-json\/wp\/v2\/pages\/1249\/revisions\/1684"}],"wp:attachment":[{"href":"https:\/\/partycypacjaobywatelska.pl\/forum-2017\/wp-json\/wp\/v2\/media?parent=1249"}],"curies":[{"name":"wp","href":"https:\/\/api.w.org\/{rel}","templated":true}]}}