{"id":1238,"date":"2017-05-17T17:21:33","date_gmt":"2017-05-17T15:21:33","guid":{"rendered":"http:\/\/partycypacjaobywatelska.pl\/forum-2017\/?page_id=1238"},"modified":"2017-05-26T16:14:15","modified_gmt":"2017-05-26T14:14:15","slug":"komitet-rewitalizacyjny","status":"publish","type":"page","link":"https:\/\/partycypacjaobywatelska.pl\/forum-2017\/komitet-rewitalizacyjny\/","title":{"rendered":"Komitet Rewitalizacyjny &#8211; sk\u0142adnik przepisu na udan\u0105 rewitalizacj\u0119"},"content":{"rendered":"<h4><strong>Prowadzenie:<\/strong><\/h4>\n<p>Pawe\u0142 Ko\u0142acz, Pracownia Zr\u00f3wnowa\u017conego Rozwoju<\/p>\n<h4><strong>Termin:<\/strong><\/h4>\n<p>1. dzie\u0144 Forum (5 czerwca, poniedzia\u0142ek), godz. 15.30-17.15<\/p>\n<h4><strong>Miejsce:<\/strong><\/h4>\n<p>pi\u0119tro -1, sala F<\/p>\n<h4><strong>Formu\u0142a:<\/strong><\/h4>\n<p>sesja dyskusyjna z elementami wymiany do\u015bwiadcze\u0144 i warsztat\u00f3w<\/p>\n<h4><strong>Opis:<\/strong><\/h4>\n<p>Wiele miast i gmin ma ju\u017c za sob\u0105 opracowanie gminnego lub lokalnego programu rewitalizacji. Programy maj\u0105 pom\u00f3c samorz\u0105dom wyprowadzi\u0107 obszary zdegradowane ze stanu kryzysowego spowodowanego koncentracj\u0105 problem\u00f3w spo\u0142ecznych, ekonomicznych i przestrzennych.<\/p>\n<p>Obecnie w\u0142a\u015bciwie na ka\u017cdym etapie planowania program\u00f3w konieczne jest anga\u017cowanie mieszka\u0144c\u00f3w. Partycypacja sta\u0142a si\u0119 z mocy prawa (ustawy o rewitalizacji) integraln\u0105 cz\u0119\u015bci\u0105 procesu rewitalizacji. Wymaga\u0142o to od samorz\u0105d\u00f3w zastosowania szerokiej palety dzia\u0142a\u0144 w\u0142\u0105czaj\u0105cych interesariuszy, a tak\u017ce oddania im realnie cz\u0119\u015bci inicjatywy i decyzyjno\u015bci w tym procesie.<\/p>\n<p>Obecnie znaczna cz\u0119\u015b\u0107 samorz\u0105d\u00f3w wdra\u017ca procesy rewitalizacji. W\u0142adze lokalne stoj\u0105 przed kolejnym nowym wyzwaniem \u2013 jak zaanga\u017cowa\u0107 i w\u0142\u0105czy\u0107 mieszka\u0144c\u00f3w w proces zmian? W trakcie sesji porozmawiamy o pierwszym do tego kroku, czyli o tym, jak wyznaczy\u0107 sk\u0142ad Komitetu Rewitalizacji i zasady jego dzia\u0142ania, aby sta\u0142 si\u0119 realnym narz\u0119dziem partycypacji obywatelskiej w procesie rewitalizacji.<\/p>\n<p>Na sesj\u0119 zapraszamy osoby, kt\u00f3re chcia\u0142yby mie\u0107 wp\u0142yw na procesy rewitalizacji miast &#8211; urz\u0119dnik\u00f3w, pracownik\u00f3w instytucji publicznych oraz przedstawicieli organizacji pozarz\u0105dowych, aktywnych mieszka\u0144c\u00f3w i lokalnych przedsi\u0119biorc\u00f3w.<\/p>\n","protected":false},"excerpt":{"rendered":"<p>Prowadzenie: Pawe\u0142 Ko\u0142acz, Pracownia Zr\u00f3wnowa\u017conego Rozwoju Termin: 1. dzie\u0144 Forum (5 czerwca, poniedzia\u0142ek), godz. 15.30-17.15 Miejsce: pi\u0119tro -1, sala F Formu\u0142a: sesja dyskusyjna z elementami wymiany do\u015bwiadcze\u0144 i warsztat\u00f3w Opis: Wiele miast i gmin ma ju\u017c za sob\u0105 opracowanie gminnego lub lokalnego programu rewitalizacji. Programy maj\u0105 pom\u00f3c samorz\u0105dom wyprowadzi\u0107 obszary zdegradowane ze stanu kryzysowego spowodowanego [&hellip;]<\/p>\n","protected":false},"author":141,"featured_media":0,"parent":0,"menu_order":0,"comment_status":"open","ping_status":"open","template":"template-forum_praktykow.php","meta":[],"_links":{"self":[{"href":"https:\/\/partycypacjaobywatelska.pl\/forum-2017\/wp-json\/wp\/v2\/pages\/1238"}],"collection":[{"href":"https:\/\/partycypacjaobywatelska.pl\/forum-2017\/wp-json\/wp\/v2\/pages"}],"about":[{"href":"https:\/\/partycypacjaobywatelska.pl\/forum-2017\/wp-json\/wp\/v2\/types\/page"}],"author":[{"embeddable":true,"href":"https:\/\/partycypacjaobywatelska.pl\/forum-2017\/wp-json\/wp\/v2\/users\/141"}],"replies":[{"embeddable":true,"href":"https:\/\/partycypacjaobywatelska.pl\/forum-2017\/wp-json\/wp\/v2\/comments?post=1238"}],"version-history":[{"count":10,"href":"https:\/\/partycypacjaobywatelska.pl\/forum-2017\/wp-json\/wp\/v2\/pages\/1238\/revisions"}],"predecessor-version":[{"id":1573,"href":"https:\/\/partycypacjaobywatelska.pl\/forum-2017\/wp-json\/wp\/v2\/pages\/1238\/revisions\/1573"}],"wp:attachment":[{"href":"https:\/\/partycypacjaobywatelska.pl\/forum-2017\/wp-json\/wp\/v2\/media?parent=1238"}],"curies":[{"name":"wp","href":"https:\/\/api.w.org\/{rel}","templated":true}]}}