{"id":1194,"date":"2017-05-16T17:44:05","date_gmt":"2017-05-16T15:44:05","guid":{"rendered":"http:\/\/partycypacjaobywatelska.pl\/forum-2017\/?page_id=1194"},"modified":"2017-05-26T17:06:27","modified_gmt":"2017-05-26T15:06:27","slug":"konsultacje-z-powerem","status":"publish","type":"page","link":"https:\/\/partycypacjaobywatelska.pl\/forum-2017\/konsultacje-z-powerem\/","title":{"rendered":"Konsultacje z POWEREM, czyli jak gminy powinny planowa\u0107 przestrze\u0144 z mieszka\u0144cami"},"content":{"rendered":"<h4><strong>Prowadzenie:<\/strong><\/h4>\n<p>\u0141ukasz Broniszewski, Fundacja Stabilo<\/p>\n<p>Maria Perchu\u0107-\u017b\u00f3\u0142towska, Pracownia Bada\u0144 i Innowacji Spo\u0142ecznych \u201eStocznia\u201d<\/p>\n<h4><strong>Go\u015bcie:<\/strong><\/h4>\n<p>\u0141ukasz Pancewicz,\u00a0A2P2 architecture &amp; planning<\/p>\n<p>Anna Rembowicz-Dziekciowska, Dyrektor Miejskiej Pracowni Urbanistycznej w Bydgoszczy<\/p>\n<p>Krzysztof \u015alebioda, Pracownia Zr\u00f3wnowa\u017conego Rozwoju<\/p>\n<p>Marianna Zakrzewska, Urz\u0105d Gminy P\u0142u\u017cnica<\/p>\n<h4><strong>Miejsce:<\/strong><\/h4>\n<p>pi\u0119tro -1, sala B<\/p>\n<h4><strong>Termin:<\/strong><\/h4>\n<p>2. dzie\u0144 Forum (6 czerwca, wtorek), godz. 10.45-12.15<\/p>\n<h4><strong>Formu\u0142a:<\/strong><\/h4>\n<p>sesja dyskusyjna z elementami wymiany do\u015bwiadcze\u0144<\/p>\n<h4><strong>Opis:<\/strong><\/h4>\n<p>Od 2016 roku w ramach europejskiego Programu Operacyjnego Wiedza, Edukacja, Rozw\u00f3j (PO WER 2.19) w polskich gminach na szerok\u0105 skal\u0119 testowane jest partycypacyjne podej\u015bcie do tworzenia dokument\u00f3w planistycznych &#8211; miejscowych plan\u00f3w zagospodarowania i studi\u00f3w. Ide\u0105 tego przedsi\u0119wzi\u0119cia jest aktywne anga\u017cowanie mieszka\u0144c\u00f3w na jak najwcze\u015bniejszym etapie ich powstawania. Jak takie podej\u015bcie sprawdza si\u0119 w praktyce i jak\u0105 ma przysz\u0142o\u015b\u0107?<\/p>\n<p>Podczas sesji, wsp\u00f3lnie z przedstawicielami organizacji pozarz\u0105dowych pracuj\u0105cymi z gminami z ca\u0142ej Polski oraz urz\u0119dnikami, kt\u00f3rzy testuj\u0105 u siebie w gminach takie podej\u015bcie, porozmawiamy o tym, jakie korzy\u015bci i bariery wi\u0105\u017c\u0105 si\u0119 z szerokim anga\u017cowaniem mieszka\u0144c\u00f3w na etapie tworzenia za\u0142o\u017ce\u0144 do dokument\u00f3w planistycznych oraz jakiego wsparcia gminy potrzebuj\u0105 w tym zakresie.<\/p>\n<p>Temat jest istotny i aktualny, poniewa\u017c planowane s\u0105 kolejne tego typu projekty, nadzorowane przez Ministerstwo Rozwoju, zak\u0142adaj\u0105ce szerok\u0105 partycypacj\u0119 mieszka\u0144c\u00f3w w procedurach planistycznych, a kt\u00f3re b\u0119d\u0105 oparte na\u00a0obecnych do\u015bwiadczeniach z realizacji PO WER 2.19.<\/p>\n<p>Zapraszamy wszystkich zainteresowanych \u2013 zar\u00f3wno tych, kt\u00f3rzy w takie podej\u015bcie z ca\u0142ym przekonaniem wierz\u0105, jak i tych, kt\u00f3rzy chcieliby si\u0119 z podzieli\u0107 swoimi w\u0105tpliwo\u015bciami.<\/p>\n","protected":false},"excerpt":{"rendered":"<p>Prowadzenie: \u0141ukasz Broniszewski, Fundacja Stabilo Maria Perchu\u0107-\u017b\u00f3\u0142towska, Pracownia Bada\u0144 i Innowacji Spo\u0142ecznych \u201eStocznia\u201d Go\u015bcie: \u0141ukasz Pancewicz,\u00a0A2P2 architecture &amp; planning Anna Rembowicz-Dziekciowska, Dyrektor Miejskiej Pracowni Urbanistycznej w Bydgoszczy Krzysztof \u015alebioda, Pracownia Zr\u00f3wnowa\u017conego Rozwoju Marianna Zakrzewska, Urz\u0105d Gminy P\u0142u\u017cnica Miejsce: pi\u0119tro -1, sala B Termin: 2. dzie\u0144 Forum (6 czerwca, wtorek), godz. 10.45-12.15 Formu\u0142a: sesja dyskusyjna z [&hellip;]<\/p>\n","protected":false},"author":141,"featured_media":0,"parent":0,"menu_order":0,"comment_status":"open","ping_status":"open","template":"template-forum_praktykow.php","meta":[],"_links":{"self":[{"href":"https:\/\/partycypacjaobywatelska.pl\/forum-2017\/wp-json\/wp\/v2\/pages\/1194"}],"collection":[{"href":"https:\/\/partycypacjaobywatelska.pl\/forum-2017\/wp-json\/wp\/v2\/pages"}],"about":[{"href":"https:\/\/partycypacjaobywatelska.pl\/forum-2017\/wp-json\/wp\/v2\/types\/page"}],"author":[{"embeddable":true,"href":"https:\/\/partycypacjaobywatelska.pl\/forum-2017\/wp-json\/wp\/v2\/users\/141"}],"replies":[{"embeddable":true,"href":"https:\/\/partycypacjaobywatelska.pl\/forum-2017\/wp-json\/wp\/v2\/comments?post=1194"}],"version-history":[{"count":10,"href":"https:\/\/partycypacjaobywatelska.pl\/forum-2017\/wp-json\/wp\/v2\/pages\/1194\/revisions"}],"predecessor-version":[{"id":1611,"href":"https:\/\/partycypacjaobywatelska.pl\/forum-2017\/wp-json\/wp\/v2\/pages\/1194\/revisions\/1611"}],"wp:attachment":[{"href":"https:\/\/partycypacjaobywatelska.pl\/forum-2017\/wp-json\/wp\/v2\/media?parent=1194"}],"curies":[{"name":"wp","href":"https:\/\/api.w.org\/{rel}","templated":true}]}}