{"id":1145,"date":"2017-05-15T10:06:21","date_gmt":"2017-05-15T08:06:21","guid":{"rendered":"http:\/\/partycypacjaobywatelska.pl\/forum-2017\/?page_id=1145"},"modified":"2017-05-20T14:58:27","modified_gmt":"2017-05-20T12:58:27","slug":"wycieczka-rowerowa","status":"publish","type":"page","link":"https:\/\/partycypacjaobywatelska.pl\/forum-2017\/wycieczka-rowerowa\/","title":{"rendered":"Wycieczka rowerowa po Lublinie &#8211; zmiany w infrastrukturze rowerowej i pieszej jako element partycypacji spo\u0142ecznej"},"content":{"rendered":"<h4><strong>Prowadzenie:<\/strong><\/h4>\n<p>Maciej Luba\u015b i Aleksander Wi\u0105cek, Zesp\u00f3\u0142 Mobilno\u015bci Aktywnej w Urz\u0119dzie Miasta\u00a0Lublin<\/p>\n<p><strong>Termin:<\/strong><\/p>\n<p>1. dzie\u0144 Forum (5 czerwca, poniedzia\u0142ek), godz. 20.00-21.30<\/p>\n<h4><strong>Opis:<\/strong><\/h4>\n<p>Zapraszamy na wycieczk\u0119 rowerow\u0105 po najciekawszych elementach infrastruktury rowerowej i pieszej Lublina. Podczas wycieczki odwiedzimy miejsca, kt\u00f3rych realizacja w szczeg\u00f3lny spos\u00f3b zwi\u0105zana by\u0142a z elementami partycypacji. Obejrzymy m.in. organizacj\u0119 ruchu rowerowego w Ogrodzie Saskim, ulice z kontrapasami w rejonie ul. Narutowicza, Plac Litewski, Plac \u0141okietka i ul. Zamojsk\u0105.<\/p>\n<p>Zbi\u00f3rka i zako\u0144czenie na Placu Teatralnym.<\/p>\n<p>Ze wzgl\u0119d\u00f3w organizacyjnych liczba uczestnik\u00f3w wycieczki jest ograniczona do 15\u00a0os\u00f3b. Wymagane b\u0119dzie wcze\u015bniejsze zg\u0142oszenie (podczas 1. dnia Forum).<\/p>\n<p><strong>Po wycieczce zapraszamy na <a href=\"http:\/\/partycypacjaobywatelska.pl\/forum-2017\/impreza-na-dachu-centrum-spotkania-kultur\/\">imprez\u0119 na dachu Centrum Spotkania Kultur<\/a>!<\/strong><\/p>\n","protected":false},"excerpt":{"rendered":"<p>Prowadzenie: Maciej Luba\u015b i Aleksander Wi\u0105cek, Zesp\u00f3\u0142 Mobilno\u015bci Aktywnej w Urz\u0119dzie Miasta\u00a0Lublin Termin: 1. dzie\u0144 Forum (5 czerwca, poniedzia\u0142ek), godz. 20.00-21.30 Opis: Zapraszamy na wycieczk\u0119 rowerow\u0105 po najciekawszych elementach infrastruktury rowerowej i pieszej Lublina. Podczas wycieczki odwiedzimy miejsca, kt\u00f3rych realizacja w szczeg\u00f3lny spos\u00f3b zwi\u0105zana by\u0142a z elementami partycypacji. Obejrzymy m.in. organizacj\u0119 ruchu rowerowego w Ogrodzie [&hellip;]<\/p>\n","protected":false},"author":141,"featured_media":0,"parent":0,"menu_order":0,"comment_status":"open","ping_status":"open","template":"template-forum_praktykow.php","meta":[],"_links":{"self":[{"href":"https:\/\/partycypacjaobywatelska.pl\/forum-2017\/wp-json\/wp\/v2\/pages\/1145"}],"collection":[{"href":"https:\/\/partycypacjaobywatelska.pl\/forum-2017\/wp-json\/wp\/v2\/pages"}],"about":[{"href":"https:\/\/partycypacjaobywatelska.pl\/forum-2017\/wp-json\/wp\/v2\/types\/page"}],"author":[{"embeddable":true,"href":"https:\/\/partycypacjaobywatelska.pl\/forum-2017\/wp-json\/wp\/v2\/users\/141"}],"replies":[{"embeddable":true,"href":"https:\/\/partycypacjaobywatelska.pl\/forum-2017\/wp-json\/wp\/v2\/comments?post=1145"}],"version-history":[{"count":7,"href":"https:\/\/partycypacjaobywatelska.pl\/forum-2017\/wp-json\/wp\/v2\/pages\/1145\/revisions"}],"predecessor-version":[{"id":1432,"href":"https:\/\/partycypacjaobywatelska.pl\/forum-2017\/wp-json\/wp\/v2\/pages\/1145\/revisions\/1432"}],"wp:attachment":[{"href":"https:\/\/partycypacjaobywatelska.pl\/forum-2017\/wp-json\/wp\/v2\/media?parent=1145"}],"curies":[{"name":"wp","href":"https:\/\/api.w.org\/{rel}","templated":true}]}}