{"id":983,"date":"2015-05-18T15:16:53","date_gmt":"2015-05-18T15:16:53","guid":{"rendered":"http:\/\/partycypacjaobywatelska.pl\/forum-2015\/?page_id=983"},"modified":"2015-06-17T23:22:56","modified_gmt":"2015-06-17T23:22:56","slug":"o-podejsciu-partycypacyjnym-do-dlugofalowej-wspolpracy-pomiedzy-samorzadem-o-organizacjami-pozarzadowymi","status":"publish","type":"page","link":"https:\/\/partycypacjaobywatelska.pl\/forum-2015\/o-podejsciu-partycypacyjnym-do-dlugofalowej-wspolpracy-pomiedzy-samorzadem-o-organizacjami-pozarzadowymi\/","title":{"rendered":"O podej\u015bciu partycypacyjnym do d\u0142ugofalowej wsp\u00f3\u0142pracy pomi\u0119dzy samorz\u0105dem a organizacjami pozarz\u0105dowymi"},"content":{"rendered":"<p><span style=\"color: #808080\">Prowadz\u0105ca: <span lang=\"EN-US\" style=\"color: #333333\">Susan M. Guerra, dyrektor Unit for Sustainability w urz\u0119dzie dzielnicy Sagene w Oslo<\/span><br \/>\n<\/span><\/p>\n<p><span style=\"color: #808080\">Termin:<\/span> 2 dzie\u0144 (29 maja, pi\u0105tek), godz. 9:30-10:30<\/p>\n<p><span style=\"color: #808080\">Miejsce:<\/span> III pi\u0119tro, strefa C<\/p>\n<p><span style=\"color: #808080\">Formu\u0142a sesji:\u00a0<\/span><span style=\"color: #ff00ff\">spotkanie \u015bniadaniowe<\/span><\/p>\n<p>&nbsp;<\/p>\n<p>Prawdziwa partycypacja nie powinna mie\u0107 charakteru incydentalnego, lecz stanowi\u0107 element systemowego podej\u015bcia do rozwoju spo\u0142eczno\u015bci lokalnej, w kt\u00f3ry mieszka\u0144cy anga\u017cowani s\u0105 w spos\u00f3b ci\u0105g\u0142y &#8211; zar\u00f3wno na etapie planowania, jak i konkretnych dzia\u0142a\u0144 wdro\u017ceniowych.<\/p>\n<p>Takie podej\u015bcie od lat praktykowane jest w Oslo, gdzie urz\u0119dnicy administracji samorz\u0105dowej wsp\u00f3\u0142pracuj\u0105 z organizacjami spo\u0142ecznymi i mieszka\u0144cami na poziomie osiedli, pr\u00f3buj\u0105c wykorzysta\u0107 partycypacj\u0119 do radzenia sobie tak\u017ce z takimi zagadnieniami, jak wykluczenie i konflikty spo\u0142eczne. O przyk\u0142adach takich d\u0142ugofalowych dzia\u0142a\u0144 podejmowanych na osiedlu\u00a0S\u00f8ndre \u00c5sen w Oslo\u00a0opowiada\u0142a Susan Guerra, przedstawicielka magistratu norweskiej stolicy.<\/p>\n<p><a href=\"http:\/\/partycypacjaobywatelska.pl\/forum-2015\/program\/\">Powr\u00f3t do programu Forum<\/a><\/p>\n<div id='gallery-1' class='gallery galleryid-983 gallery-columns-3 gallery-size-thumbnail'><dl class='gallery-item'>\n\t\t\t<dt class='gallery-icon landscape'>\n\t\t\t\t<a href='https:\/\/partycypacjaobywatelska.pl\/forum-2015\/wystapienia-wprowadzajace\/_j2a0065-2-2\/'><img width=\"150\" height=\"150\" src=\"https:\/\/partycypacjaobywatelska.pl\/forum-2015\/wp-content\/uploads\/sites\/3\/2015\/05\/J2A0065-2-150x150.jpg\" class=\"attachment-thumbnail size-thumbnail\" alt=\"\" loading=\"lazy\" \/><\/a>\n\t\t\t<\/dt><\/dl><dl class='gallery-item'>\n\t\t\t<dt class='gallery-icon landscape'>\n\t\t\t\t<a href='https:\/\/partycypacjaobywatelska.pl\/forum-2015\/o-podejsciu-partycypacyjnym-do-dlugofalowej-wspolpracy-pomiedzy-samorzadem-o-organizacjami-pozarzadowymi\/_j2a0075-2\/'><img width=\"150\" height=\"150\" src=\"https:\/\/partycypacjaobywatelska.pl\/forum-2015\/wp-content\/uploads\/sites\/3\/2015\/05\/J2A0075-2-150x150.jpg\" class=\"attachment-thumbnail size-thumbnail\" alt=\"\" loading=\"lazy\" \/><\/a>\n\t\t\t<\/dt><\/dl><dl class='gallery-item'>\n\t\t\t<dt class='gallery-icon landscape'>\n\t\t\t\t<a href='https:\/\/partycypacjaobywatelska.pl\/forum-2015\/o-podejsciu-partycypacyjnym-do-dlugofalowej-wspolpracy-pomiedzy-samorzadem-o-organizacjami-pozarzadowymi\/_j2a0109-2\/'><img width=\"150\" height=\"150\" src=\"https:\/\/partycypacjaobywatelska.pl\/forum-2015\/wp-content\/uploads\/sites\/3\/2015\/05\/J2A0109-2-150x150.jpg\" class=\"attachment-thumbnail size-thumbnail\" alt=\"\" loading=\"lazy\" \/><\/a>\n\t\t\t<\/dt><\/dl><br style=\"clear: both\" \/>\n\t\t<\/div>\n\n","protected":false},"excerpt":{"rendered":"<p>Prowadz\u0105ca: Susan M. Guerra, dyrektor Unit for Sustainability w urz\u0119dzie dzielnicy Sagene w Oslo Termin: 2 dzie\u0144 (29 maja, pi\u0105tek), godz. 9:30-10:30 Miejsce: III pi\u0119tro, strefa C Formu\u0142a sesji:\u00a0spotkanie \u015bniadaniowe &nbsp; Prawdziwa partycypacja nie powinna mie\u0107 charakteru incydentalnego, lecz stanowi\u0107 element systemowego podej\u015bcia do rozwoju spo\u0142eczno\u015bci lokalnej, w kt\u00f3ry mieszka\u0144cy anga\u017cowani s\u0105 w spos\u00f3b ci\u0105g\u0142y [&hellip;]<\/p>\n","protected":false},"author":1,"featured_media":0,"parent":0,"menu_order":0,"comment_status":"open","ping_status":"open","template":"template-forum_praktykow.php","meta":[],"_links":{"self":[{"href":"https:\/\/partycypacjaobywatelska.pl\/forum-2015\/wp-json\/wp\/v2\/pages\/983"}],"collection":[{"href":"https:\/\/partycypacjaobywatelska.pl\/forum-2015\/wp-json\/wp\/v2\/pages"}],"about":[{"href":"https:\/\/partycypacjaobywatelska.pl\/forum-2015\/wp-json\/wp\/v2\/types\/page"}],"author":[{"embeddable":true,"href":"https:\/\/partycypacjaobywatelska.pl\/forum-2015\/wp-json\/wp\/v2\/users\/1"}],"replies":[{"embeddable":true,"href":"https:\/\/partycypacjaobywatelska.pl\/forum-2015\/wp-json\/wp\/v2\/comments?post=983"}],"version-history":[{"count":4,"href":"https:\/\/partycypacjaobywatelska.pl\/forum-2015\/wp-json\/wp\/v2\/pages\/983\/revisions"}],"predecessor-version":[{"id":1486,"href":"https:\/\/partycypacjaobywatelska.pl\/forum-2015\/wp-json\/wp\/v2\/pages\/983\/revisions\/1486"}],"wp:attachment":[{"href":"https:\/\/partycypacjaobywatelska.pl\/forum-2015\/wp-json\/wp\/v2\/media?parent=983"}],"curies":[{"name":"wp","href":"https:\/\/api.w.org\/{rel}","templated":true}]}}