{"id":974,"date":"2015-05-18T13:48:52","date_gmt":"2015-05-18T13:48:52","guid":{"rendered":"http:\/\/partycypacjaobywatelska.pl\/forum-2015\/?page_id=974"},"modified":"2015-06-16T06:39:20","modified_gmt":"2015-06-16T06:39:20","slug":"service-design-thinking-czyli-od-pomyslu-do-prototypu-razem-z-mieszkancami","status":"publish","type":"page","link":"https:\/\/partycypacjaobywatelska.pl\/forum-2015\/service-design-thinking-czyli-od-pomyslu-do-prototypu-razem-z-mieszkancami\/","title":{"rendered":"Service design thinking, czyli od pomys\u0142u do prototypu razem z mieszka\u0144cami"},"content":{"rendered":"<p><span style=\"color: #808080;\">Prowadz\u0105cy:\u00a0\u00a0<\/span><\/p>\n<p>Marta Grochowska, Engage Warsaw<\/p>\n<p>Micha\u0142 Szewczyk, Engage Warsaw<\/p>\n<p><span style=\"color: #808080;\">Termin:<\/span> 1. dzie\u0144 Forum (28 maja, czwartek), godz. 12:45-14:45<\/p>\n<p><span style=\"color: #808080;\">Miejsce:<\/span> II pi\u0119tro, strefa L<\/p>\n<p><span style=\"color: #808080;\">Formu\u0142a sesji:\u00a0<\/span> <span style=\"color: #0000ff;\">sesja szkoleniowa<\/span><\/p>\n<p>&nbsp;<\/p>\n<p>Prototypowanie jest jednym z kluczowych element\u00f3w procesu service design thinking, kt\u00f3ry k\u0142adzie nacisk na tworzenie rozwi\u0105za\u0144 odpowiadaj\u0105cych na potrzeby u\u017cytkownik\u00f3w. Polega on na testowaniu roboczych, wsp\u00f3lnie wypracowanych wersji rozwi\u0105za\u0144 przez samych u\u017cytkownik\u00f3w, jeszcze przed wprowadzeniem zmian w \u017cycie. Procesowi prototypowania mog\u0105 podlega\u0107 zar\u00f3wno pojedyncze elementy przestrzeni publicznej (np. \u0142awka czy przystanek autobusowy), jak i ca\u0142o\u015bciowy kszta\u0142t okre\u015blonych us\u0142ug publicznych.<\/p>\n<p>Podczas warsztatu wsp\u00f3lnie zastanawiali\u015bmy si\u0119, jak prototypowanie mo\u017ce pom\u00f3c w realizacji projekt\u00f3w partycypacyjnych i co \u0142\u0105czy service design z partycypacj\u0105.<\/p>\n<p>Uczestnicy wzi\u0119li udzia\u0142 w praktycznym warsztacie, podczas kt\u00f3rego dowiedzieli si\u0119, jak prototypowa\u0107 rozwi\u0105zania oraz wykorzystywa\u0107 prototypowanie do szybkiej weryfikacji projekt\u00f3w, generowania pomys\u0142\u00f3w i budowania wsp\u00f3lnego j\u0119zyka z interesariuszami. Pracuj\u0105c w grupach stworzyli pierwsze prototypy rozwi\u0105za\u0144, kt\u00f3re nast\u0119pnie ulepszali na podstawie informacji zwrotnej z pozosta\u0142ych grup. Poznali te\u017c kilka r\u00f3\u017cnych technik prototypowania.<\/p>\n<p>Sesja skierowana by\u0142a po prostu do wszystkich zainteresowanych tym, jak metoda design thinking mo\u017ce by\u0107 wykorzystywana w partycypacji.<\/p>\n<p>&nbsp;<\/p>\n<p><span style=\"color: #808080;\"><strong>Materia\u0142y, z kt\u00f3rymi warto si\u0119 zapozna\u0107:<\/strong><\/span><\/p>\n<p><a href=\"https:\/\/docs.google.com\/document\/d\/1qqZbTUqwAA44LANdEYkUM4N1kfyRMvXtvG_ZQ14IBQs\/edit?usp=sharing\" target=\"_blank\"><strong>Notatka z sesji<\/strong><\/a> autorstwa Mai Durlik z Pracowni Bada\u0144 i Innowacji Spo\u0142ecznych &#8222;Stocznia&#8221;<\/p>\n<p><a href=\"http:\/\/partycypacjaobywatelska.pl\/forum-2015\/wp-content\/uploads\/sites\/3\/2015\/05\/engage-warsaw_logo.png\"><img loading=\"lazy\" class=\"  wp-image-977 alignnone\" src=\"http:\/\/partycypacjaobywatelska.pl\/forum-2015\/wp-content\/uploads\/sites\/3\/2015\/05\/engage-warsaw_logo.png\" alt=\"engage warsaw_logo\" width=\"279\" height=\"120\" srcset=\"https:\/\/partycypacjaobywatelska.pl\/forum-2015\/wp-content\/uploads\/sites\/3\/2015\/05\/engage-warsaw_logo.png 854w, https:\/\/partycypacjaobywatelska.pl\/forum-2015\/wp-content\/uploads\/sites\/3\/2015\/05\/engage-warsaw_logo-300x129.png 300w, https:\/\/partycypacjaobywatelska.pl\/forum-2015\/wp-content\/uploads\/sites\/3\/2015\/05\/engage-warsaw_logo-177x76.png 177w\" sizes=\"(max-width: 279px) 100vw, 279px\" \/><\/a><\/p>\n","protected":false},"excerpt":{"rendered":"<p>Prowadz\u0105cy:\u00a0\u00a0 Marta Grochowska, Engage Warsaw Micha\u0142 Szewczyk, Engage Warsaw Termin: 1. dzie\u0144 Forum (28 maja, czwartek), godz. 12:45-14:45 Miejsce: II pi\u0119tro, strefa L Formu\u0142a sesji:\u00a0 sesja szkoleniowa &nbsp; Prototypowanie jest jednym z kluczowych element\u00f3w procesu service design thinking, kt\u00f3ry k\u0142adzie nacisk na tworzenie rozwi\u0105za\u0144 odpowiadaj\u0105cych na potrzeby u\u017cytkownik\u00f3w. Polega on na testowaniu roboczych, wsp\u00f3lnie wypracowanych [&hellip;]<\/p>\n","protected":false},"author":1,"featured_media":0,"parent":0,"menu_order":0,"comment_status":"open","ping_status":"open","template":"template-forum_praktykow.php","meta":[],"_links":{"self":[{"href":"https:\/\/partycypacjaobywatelska.pl\/forum-2015\/wp-json\/wp\/v2\/pages\/974"}],"collection":[{"href":"https:\/\/partycypacjaobywatelska.pl\/forum-2015\/wp-json\/wp\/v2\/pages"}],"about":[{"href":"https:\/\/partycypacjaobywatelska.pl\/forum-2015\/wp-json\/wp\/v2\/types\/page"}],"author":[{"embeddable":true,"href":"https:\/\/partycypacjaobywatelska.pl\/forum-2015\/wp-json\/wp\/v2\/users\/1"}],"replies":[{"embeddable":true,"href":"https:\/\/partycypacjaobywatelska.pl\/forum-2015\/wp-json\/wp\/v2\/comments?post=974"}],"version-history":[{"count":4,"href":"https:\/\/partycypacjaobywatelska.pl\/forum-2015\/wp-json\/wp\/v2\/pages\/974\/revisions"}],"predecessor-version":[{"id":1622,"href":"https:\/\/partycypacjaobywatelska.pl\/forum-2015\/wp-json\/wp\/v2\/pages\/974\/revisions\/1622"}],"wp:attachment":[{"href":"https:\/\/partycypacjaobywatelska.pl\/forum-2015\/wp-json\/wp\/v2\/media?parent=974"}],"curies":[{"name":"wp","href":"https:\/\/api.w.org\/{rel}","templated":true}]}}