{"id":921,"date":"2015-05-17T09:27:44","date_gmt":"2015-05-17T09:27:44","guid":{"rendered":"http:\/\/partycypacjaobywatelska.pl\/forum-2015\/?page_id=921"},"modified":"2015-06-18T07:26:01","modified_gmt":"2015-06-18T07:26:01","slug":"outsourcing-partycypacji-czyli-o-tym-czy-mozna-i-czy-powinno-korzystac-sie-z-kazdej-propozycji","status":"publish","type":"page","link":"https:\/\/partycypacjaobywatelska.pl\/forum-2015\/outsourcing-partycypacji-czyli-o-tym-czy-mozna-i-czy-powinno-korzystac-sie-z-kazdej-propozycji\/","title":{"rendered":"Outsourcing partycypacji &#8211; czyli o tym, czy mo\u017cna i czy powinno si\u0119 korzysta\u0107 z ka\u017cdej propozycji"},"content":{"rendered":"<p><span style=\"color: #808080\">Prowadz\u0105cy:\u00a0<\/span><\/p>\n<p>Piotr Choro\u015b, Urz\u0105d Miasta Lublin<br \/>\nAnna Petroff-Skiba, Centrum Komunikacji Spo\u0142ecznej Urz\u0119du m.st. Warszawy<\/p>\n<p><span style=\"color: #808080\">Termin:<\/span> 2 dzie\u0144 (29 maja, pi\u0105tek), godz. 9:30-10:30<\/p>\n<p><span style=\"color: #808080\">Miejsce:<\/span> II pi\u0119tro, strefa J<\/p>\n<p><span style=\"color: #808080\">Formu\u0142a sesji:<\/span>\u00a0<span style=\"color: #ff00ff\">spotkanie \u015bniadaniowe<\/span><\/p>\n<p>&nbsp;<\/p>\n<p>Ta historia cz\u0119sto zaczyna si\u0119 tak: Przychodzi organizacja do urz\u0119du z propozycj\u0105 przeprowadzenia szkolenia\/ przygotowania konsultacji\/ nowego lub innowacyjnego narz\u0119dzia wspomagaj\u0105cego partycypacj\u0119.<br \/>\nA jak si\u0119 ko\u0144czy? Niestety bardzo r\u00f3\u017cnie&#8230;<\/p>\n<p>Czy organizacje zawsze maj\u0105 wiedz\u0119 do tego by prowadzi\u0107 takie dzia\u0142ania? Czy tylko dlatego, \u017ce s\u0105 z zewn\u0105trz mog\u0105 ro\u015bci\u0107 sobie prawo do tego, \u017ce wiedz\u0105 lepiej? Jakie warunki musz\u0105 by\u0107 spe\u0142nione, aby w\u0142adze lokalne odda\u0142y prowadzenie konkretnego procesu partycypacji podmiotowi zewn\u0119trznemu? Czy mo\u017cna outsourcing&#8217;owa\u0107 partycypacj\u0119?<\/p>\n<p>Organizacje pozarz\u0105dowe i przedsi\u0119biorstwa tworz\u0105 serwisy internetowe do prowadzenia konsultacji spo\u0142ecznych lub zbierania pomys\u0142\u00f3w mieszka\u0144c\u00f3w na zmiany w gminie. Czasami inicjuj\u0105 i prowadz\u0105 procesy dyskusji publicznej nazywane konsultacjami spo\u0142ecznymi. Najprawdopodobniej, w zwi\u0105zku z kolejnymi \u015brodkami z UE oraz innych grantodawc\u00f3w tego typu sytuacje b\u0119d\u0105 coraz cz\u0119stsze.<\/p>\n<p>Zaprosili\u015bmy osoby reprezentuj\u0105ce trzeci sektor do zastanowienia si\u0119, czy nie jest to &#8222;\u015blepa uliczka&#8221; w rozwoju partycypacji w polskim samorz\u0105dzie. Zach\u0119cali\u015bmy osoby reprezentuj\u0105ce administracj\u0119 samorz\u0105dow\u0105 do dyskusji na temat tego, jakie elementy proces\u00f3w partycypacji mo\u017cna przekaza\u0107 do prowadzenia podmiotom zewn\u0119trznym i czy zawsze warto to robi\u0107, je\u015bli nadarzy si\u0119 taka okazja.<\/p>\n<p>&nbsp;<\/p>\n<p><span style=\"color: #808080\"><strong>Materia\u0142y, z kt\u00f3rymi warto si\u0119 zapozna\u0107:<\/strong><\/span><\/p>\n<p><a href=\"https:\/\/docs.google.com\/document\/d\/1I56jQFePwsVSZ9Kqwj9P7pVvarWO-TmmpkUjmBc-HPQ\/edit\" target=\"_blank\"><strong>Notatka z sesji<\/strong><\/a> autorstwa Katarzyny W\u00f3jcikowskiej-Baniak z Pracowni Bada\u0144 i Innowacji Spo\u0142ecznych &#8222;Stocznia&#8221;<\/p>\n<div id='gallery-1' class='gallery galleryid-921 gallery-columns-3 gallery-size-thumbnail'><dl class='gallery-item'>\n\t\t\t<dt class='gallery-icon landscape'>\n\t\t\t\t<a href='https:\/\/partycypacjaobywatelska.pl\/forum-2015\/outsourcing-partycypacji-czyli-o-tym-czy-mozna-i-czy-powinno-korzystac-sie-z-kazdej-propozycji\/_j2a9982-2\/'><img width=\"150\" height=\"150\" src=\"https:\/\/partycypacjaobywatelska.pl\/forum-2015\/wp-content\/uploads\/sites\/3\/2015\/05\/J2A9982-2-150x150.jpg\" class=\"attachment-thumbnail size-thumbnail\" alt=\"\" loading=\"lazy\" \/><\/a>\n\t\t\t<\/dt><\/dl>\n\t\t\t<br style='clear: both' \/>\n\t\t<\/div>\n\n<p><a href=\"http:\/\/www.partycypacja.lublin.eu\" target=\"_blank\"><img loading=\"lazy\" class=\"  wp-image-925 alignnone\" src=\"http:\/\/partycypacjaobywatelska.pl\/forum-2015\/wp-content\/uploads\/sites\/3\/2015\/05\/lublin.png\" alt=\"lublin\" width=\"273\" height=\"135\" srcset=\"https:\/\/partycypacjaobywatelska.pl\/forum-2015\/wp-content\/uploads\/sites\/3\/2015\/05\/lublin.png 637w, https:\/\/partycypacjaobywatelska.pl\/forum-2015\/wp-content\/uploads\/sites\/3\/2015\/05\/lublin-300x148.png 300w, https:\/\/partycypacjaobywatelska.pl\/forum-2015\/wp-content\/uploads\/sites\/3\/2015\/05\/lublin-177x87.png 177w\" sizes=\"(max-width: 273px) 100vw, 273px\" \/><\/a><a href=\"http:\/\/partycypacjaobywatelska.pl\/forum-2015\/wp-content\/uploads\/sites\/3\/2015\/05\/warszawa_zakochaj_jpg.jpg\"><img loading=\"lazy\" class=\"  wp-image-379 alignnone\" src=\"http:\/\/partycypacjaobywatelska.pl\/forum-2015\/wp-content\/uploads\/sites\/3\/2015\/05\/warszawa_zakochaj_jpg.jpg\" alt=\"warszawa_zakochaj_jpg\" width=\"116\" height=\"136\" srcset=\"https:\/\/partycypacjaobywatelska.pl\/forum-2015\/wp-content\/uploads\/sites\/3\/2015\/05\/warszawa_zakochaj_jpg.jpg 212w, https:\/\/partycypacjaobywatelska.pl\/forum-2015\/wp-content\/uploads\/sites\/3\/2015\/05\/warszawa_zakochaj_jpg-177x207.jpg 177w\" sizes=\"(max-width: 116px) 100vw, 116px\" \/><\/a><\/p>\n<p><a href=\"http:\/\/partycypacjaobywatelska.pl\/forum-2015\/program\/\">Powr\u00f3t do programu Forum<\/a><\/p>\n","protected":false},"excerpt":{"rendered":"<p>Prowadz\u0105cy:\u00a0 Piotr Choro\u015b, Urz\u0105d Miasta Lublin Anna Petroff-Skiba, Centrum Komunikacji Spo\u0142ecznej Urz\u0119du m.st. Warszawy Termin: 2 dzie\u0144 (29 maja, pi\u0105tek), godz. 9:30-10:30 Miejsce: II pi\u0119tro, strefa J Formu\u0142a sesji:\u00a0spotkanie \u015bniadaniowe &nbsp; Ta historia cz\u0119sto zaczyna si\u0119 tak: Przychodzi organizacja do urz\u0119du z propozycj\u0105 przeprowadzenia szkolenia\/ przygotowania konsultacji\/ nowego lub innowacyjnego narz\u0119dzia wspomagaj\u0105cego partycypacj\u0119. A jak [&hellip;]<\/p>\n","protected":false},"author":1,"featured_media":0,"parent":0,"menu_order":0,"comment_status":"open","ping_status":"open","template":"template-forum_praktykow.php","meta":[],"_links":{"self":[{"href":"https:\/\/partycypacjaobywatelska.pl\/forum-2015\/wp-json\/wp\/v2\/pages\/921"}],"collection":[{"href":"https:\/\/partycypacjaobywatelska.pl\/forum-2015\/wp-json\/wp\/v2\/pages"}],"about":[{"href":"https:\/\/partycypacjaobywatelska.pl\/forum-2015\/wp-json\/wp\/v2\/types\/page"}],"author":[{"embeddable":true,"href":"https:\/\/partycypacjaobywatelska.pl\/forum-2015\/wp-json\/wp\/v2\/users\/1"}],"replies":[{"embeddable":true,"href":"https:\/\/partycypacjaobywatelska.pl\/forum-2015\/wp-json\/wp\/v2\/comments?post=921"}],"version-history":[{"count":4,"href":"https:\/\/partycypacjaobywatelska.pl\/forum-2015\/wp-json\/wp\/v2\/pages\/921\/revisions"}],"predecessor-version":[{"id":1612,"href":"https:\/\/partycypacjaobywatelska.pl\/forum-2015\/wp-json\/wp\/v2\/pages\/921\/revisions\/1612"}],"wp:attachment":[{"href":"https:\/\/partycypacjaobywatelska.pl\/forum-2015\/wp-json\/wp\/v2\/media?parent=921"}],"curies":[{"name":"wp","href":"https:\/\/api.w.org\/{rel}","templated":true}]}}