{"id":912,"date":"2015-05-17T08:54:22","date_gmt":"2015-05-17T08:54:22","guid":{"rendered":"http:\/\/partycypacjaobywatelska.pl\/forum-2015\/?page_id=912"},"modified":"2015-06-18T07:20:18","modified_gmt":"2015-06-18T07:20:18","slug":"osiedle-domkow-finskich-jazdow-w-warszawie-ludzie-i-przestrzen","status":"publish","type":"page","link":"https:\/\/partycypacjaobywatelska.pl\/forum-2015\/osiedle-domkow-finskich-jazdow-w-warszawie-ludzie-i-przestrzen\/","title":{"rendered":"Osiedle Domk\u00f3w Fi\u0144skich Jazd\u00f3w w Warszawie \u2013 ludzie i przestrze\u0144"},"content":{"rendered":"<p><span style=\"color: #808080\">Prowadz\u0105ca:\u00a0<\/span>Martyna Cziszewska, Stowarzyszenie Mieszka\u0144c\u00f3w Domk\u00f3w Fi\u0144skich Jazd\u00f3w oraz Katedra Sztuki Krajobrazu SGGW w Warszawie<\/p>\n<p><span style=\"color: #808080\">Termin:<\/span> 2 dzie\u0144 (29 maja, pi\u0105tek), godz. 9:30-10.30<\/p>\n<p><span style=\"color: #808080\">Miejsce:<\/span> II pi\u0119tro, strefa I<\/p>\n<p><span style=\"color: #808080\">Formu\u0142a sesji:<\/span>\u00a0<span style=\"color: #ff00ff\">spotkanie \u015bniadaniowe<\/span><\/p>\n<p>&nbsp;<\/p>\n<p>W czasie spotkania rozmawiali\u015bmy na temat wp\u0142ywu mieszka\u0144c\u00f3w na przestrze\u0144, w kt\u00f3rej \u017cyj\u0105.<\/p>\n<p>Przedstawili\u015bmy przyk\u0142ad Osiedla Domk\u00f3w Fi\u0144skich na warszawskim Jazdowie, gdzie mamy do czynienia ze wsp\u00f3\u0142dzia\u0142aniem i siln\u0105 aktywizacj\u0105 spo\u0142eczn\u0105, przek\u0142adaj\u0105c\u0105 si\u0119 bezpo\u015brednio na zachowanie warto\u015bciowego terenu. Przestrze\u0144 Osiedla jest fenomenem na du\u017c\u0105 skal\u0119. Wart\u0105 uwagi jest tu nie tylko wyj\u0105tkowa przestrze\u0144, ale przede wszystkim bardzo silna lokalno\u015b\u0107 i to\u017csamo\u015b\u0107 tego miejsca, co uwidoczni\u0142 fakt wszcz\u0119cia pierwszych w Warszawie konsultacji spo\u0142ecznych przeprowadzonych na wniosek mieszka\u0144c\u00f3w. By\u0142y one reakcj\u0105 na decyzj\u0119 o likwidacji Osiedla Jazd\u00f3w. Pozytywnym skutkiem procesu konsultacji ciesz\u0105 si\u0119 nie tylko mieszka\u0144cy Jazdowa, ale r\u00f3wnie\u017c osoby z zewn\u0105trz, w r\u00f3\u017cnym stopniu zaanga\u017cowane w dzia\u0142ania Osiedla, ale przekonane o potencjale domk\u00f3w fi\u0144skich.<\/p>\n<p>W czasie spotkania \u015bniadaniowego przedstawili\u015bmy nie tylko przyk\u0142ad walki o przestrze\u0144 wsp\u00f3ln\u0105, ale chcieli\u015bmy poruszy\u0107 r\u00f3wnie\u017c temat mo\u017cliwo\u015bci i zagro\u017ce\u0144 wynikaj\u0105cych z powolnego procesu przekszta\u0142cania przestrzeni prywatnej w przestrze\u0144 publiczn\u0105.<\/p>\n<p>Spotkanie by\u0142o skierowane dla os\u00f3b dzia\u0142aj\u0105cych w przestrzeni publicznej, w tym animator\u00f3w, socjolog\u00f3w, architekt\u00f3w, projektant\u00f3w.<\/p>\n<p><a href=\"http:\/\/partycypacjaobywatelska.pl\/forum-2015\/program\/\">Powr\u00f3t do programu Forum<\/a><\/p>\n<div id='gallery-1' class='gallery galleryid-912 gallery-columns-3 gallery-size-thumbnail'><dl class='gallery-item'>\n\t\t\t<dt class='gallery-icon landscape'>\n\t\t\t\t<a href='https:\/\/partycypacjaobywatelska.pl\/forum-2015\/osiedle-domkow-finskich-jazdow-w-warszawie-ludzie-i-przestrzen\/_j2a9965-2\/'><img width=\"150\" height=\"150\" src=\"https:\/\/partycypacjaobywatelska.pl\/forum-2015\/wp-content\/uploads\/sites\/3\/2015\/05\/J2A9965-2-150x150.jpg\" class=\"attachment-thumbnail size-thumbnail\" alt=\"\" loading=\"lazy\" \/><\/a>\n\t\t\t<\/dt><\/dl><dl class='gallery-item'>\n\t\t\t<dt class='gallery-icon landscape'>\n\t\t\t\t<a href='https:\/\/partycypacjaobywatelska.pl\/forum-2015\/osiedle-domkow-finskich-jazdow-w-warszawie-ludzie-i-przestrzen\/_j2a9958-2-2\/'><img width=\"150\" height=\"150\" src=\"https:\/\/partycypacjaobywatelska.pl\/forum-2015\/wp-content\/uploads\/sites\/3\/2015\/05\/J2A9958-2-150x150.jpg\" class=\"attachment-thumbnail size-thumbnail\" alt=\"\" loading=\"lazy\" \/><\/a>\n\t\t\t<\/dt><\/dl>\n\t\t\t<br style='clear: both' \/>\n\t\t<\/div>\n\n<p><strong><span style=\"color: #808080\">Materia\u0142y, z kt\u00f3rymi warto si\u0119 zapozna\u0107 przed lub po spotkaniu \u015bniadaniowym:<\/span><\/strong><\/p>\n<p><a href=\"http:\/\/konsultacje.um.warszawa.pl\/sites\/konsultacje.um.warszawa.pl\/files\/raport_konsultacje_osiedle_jazdow.pdf\" target=\"_blank\">Raport z konsultacji spo\u0142ecznych dotycz\u0105cych Osiedla Jazd\u00f3w<\/a><\/p>\n<p><a href=\"https:\/\/www.facebook.com\/jazdow?_rdr\" target=\"_blank\"><img loading=\"lazy\" class=\"  wp-image-919 alignnone\" src=\"http:\/\/partycypacjaobywatelska.pl\/forum-2015\/wp-content\/uploads\/sites\/3\/2015\/05\/113598.jpg\" alt=\"113598\" width=\"159\" height=\"161\" srcset=\"https:\/\/partycypacjaobywatelska.pl\/forum-2015\/wp-content\/uploads\/sites\/3\/2015\/05\/113598.jpg 791w, https:\/\/partycypacjaobywatelska.pl\/forum-2015\/wp-content\/uploads\/sites\/3\/2015\/05\/113598-297x300.jpg 297w, https:\/\/partycypacjaobywatelska.pl\/forum-2015\/wp-content\/uploads\/sites\/3\/2015\/05\/113598-177x179.jpg 177w\" sizes=\"(max-width: 159px) 100vw, 159px\" \/><\/a><\/p>\n","protected":false},"excerpt":{"rendered":"<p>Prowadz\u0105ca:\u00a0Martyna Cziszewska, Stowarzyszenie Mieszka\u0144c\u00f3w Domk\u00f3w Fi\u0144skich Jazd\u00f3w oraz Katedra Sztuki Krajobrazu SGGW w Warszawie Termin: 2 dzie\u0144 (29 maja, pi\u0105tek), godz. 9:30-10.30 Miejsce: II pi\u0119tro, strefa I Formu\u0142a sesji:\u00a0spotkanie \u015bniadaniowe &nbsp; W czasie spotkania rozmawiali\u015bmy na temat wp\u0142ywu mieszka\u0144c\u00f3w na przestrze\u0144, w kt\u00f3rej \u017cyj\u0105. Przedstawili\u015bmy przyk\u0142ad Osiedla Domk\u00f3w Fi\u0144skich na warszawskim Jazdowie, gdzie mamy do [&hellip;]<\/p>\n","protected":false},"author":1,"featured_media":0,"parent":0,"menu_order":0,"comment_status":"open","ping_status":"open","template":"template-forum_praktykow.php","meta":[],"_links":{"self":[{"href":"https:\/\/partycypacjaobywatelska.pl\/forum-2015\/wp-json\/wp\/v2\/pages\/912"}],"collection":[{"href":"https:\/\/partycypacjaobywatelska.pl\/forum-2015\/wp-json\/wp\/v2\/pages"}],"about":[{"href":"https:\/\/partycypacjaobywatelska.pl\/forum-2015\/wp-json\/wp\/v2\/types\/page"}],"author":[{"embeddable":true,"href":"https:\/\/partycypacjaobywatelska.pl\/forum-2015\/wp-json\/wp\/v2\/users\/1"}],"replies":[{"embeddable":true,"href":"https:\/\/partycypacjaobywatelska.pl\/forum-2015\/wp-json\/wp\/v2\/comments?post=912"}],"version-history":[{"count":4,"href":"https:\/\/partycypacjaobywatelska.pl\/forum-2015\/wp-json\/wp\/v2\/pages\/912\/revisions"}],"predecessor-version":[{"id":1031,"href":"https:\/\/partycypacjaobywatelska.pl\/forum-2015\/wp-json\/wp\/v2\/pages\/912\/revisions\/1031"}],"wp:attachment":[{"href":"https:\/\/partycypacjaobywatelska.pl\/forum-2015\/wp-json\/wp\/v2\/media?parent=912"}],"curies":[{"name":"wp","href":"https:\/\/api.w.org\/{rel}","templated":true}]}}