{"id":902,"date":"2015-05-17T08:35:12","date_gmt":"2015-05-17T08:35:12","guid":{"rendered":"http:\/\/partycypacjaobywatelska.pl\/forum-2015\/?page_id=902"},"modified":"2015-06-17T23:20:35","modified_gmt":"2015-06-17T23:20:35","slug":"902-2","status":"publish","type":"page","link":"https:\/\/partycypacjaobywatelska.pl\/forum-2015\/902-2\/","title":{"rendered":"Miejskie ogrodnictwo &#8211; czy zawsze zbieramy to, co zasiejemy?"},"content":{"rendered":"<p><span style=\"color: #808080\">Prowadz\u0105cy<\/span>: Grzegorz M\u0142ynarski, Kwiatkibratki<\/p>\n<p><span style=\"color: #808080\">Termin:<\/span> 2 dzie\u0144 (29 maja, pi\u0105tek), godz. 9:30-10:30<\/p>\n<p><span style=\"color: #808080\">Miejsce:<\/span> II pi\u0119tro, strefa H<\/p>\n<p><span style=\"color: #808080\">Formu\u0142a sesji:<\/span>\u00a0<span style=\"color: #ff00ff\">spotkanie \u015bniadaniowe<\/span><\/p>\n<p>&nbsp;<\/p>\n<p>Czy miejskie ogrodnictwo to utopia? Jak daleko pada ogr\u00f3d od ogrodnika? Dlaczego nie rozmawiamy o ogr\u00f3dkach dzia\u0142kowych? Jak nie zosta\u0107 ogrodnikiem-samotnikiem?.<\/p>\n<p>W trakcie sesji odpowiada\u0142em na te pytania, prezentuj\u0105c wyniki bada\u0144 dotycz\u0105cych zaanga\u017cowania Polak\u00f3w, poczucia sprawstwa i zaufania spo\u0142ecznego, a tak\u017ce programy stworzone przez pracowni\u0119 miejskich transformacji Sociopolis oraz akcje przeprowadzone przez pracowni\u0119 Kwiatkibratki. Po prezentacji ka\u017cdego zagadnienia robili\u015bmy 7-minutow\u0105 dyskusj\u0119.<\/p>\n<p><a href=\"http:\/\/partycypacjaobywatelska.pl\/forum-2015\/program\/\">Powr\u00f3t do programu Forum<\/a><\/p>\n<div id='gallery-1' class='gallery galleryid-902 gallery-columns-3 gallery-size-thumbnail'><dl class='gallery-item'>\n\t\t\t<dt class='gallery-icon landscape'>\n\t\t\t\t<a href='https:\/\/partycypacjaobywatelska.pl\/forum-2015\/902-2\/_j2a9953-2-2\/'><img width=\"150\" height=\"150\" src=\"https:\/\/partycypacjaobywatelska.pl\/forum-2015\/wp-content\/uploads\/sites\/3\/2015\/05\/J2A9953-2-150x150.jpg\" class=\"attachment-thumbnail size-thumbnail\" alt=\"\" loading=\"lazy\" \/><\/a>\n\t\t\t<\/dt><\/dl><dl class='gallery-item'>\n\t\t\t<dt class='gallery-icon landscape'>\n\t\t\t\t<a href='https:\/\/partycypacjaobywatelska.pl\/forum-2015\/902-2\/_j2a9886-2\/'><img width=\"150\" height=\"150\" src=\"https:\/\/partycypacjaobywatelska.pl\/forum-2015\/wp-content\/uploads\/sites\/3\/2015\/05\/J2A9886-2-150x150.jpg\" class=\"attachment-thumbnail size-thumbnail\" alt=\"\" loading=\"lazy\" \/><\/a>\n\t\t\t<\/dt><\/dl>\n\t\t\t<br style='clear: both' \/>\n\t\t<\/div>\n\n<p><a href=\"https:\/\/www.facebook.com\/Kwiatkibratki\" target=\"_blank\"><img loading=\"lazy\" class=\"  wp-image-906 alignnone\" src=\"http:\/\/partycypacjaobywatelska.pl\/forum-2015\/wp-content\/uploads\/sites\/3\/2015\/05\/kwiatkibratki_logo_KWADRAT.jpg\" alt=\"kwiatkibratki_logo_KWADRAT\" width=\"134\" height=\"134\" srcset=\"https:\/\/partycypacjaobywatelska.pl\/forum-2015\/wp-content\/uploads\/sites\/3\/2015\/05\/kwiatkibratki_logo_KWADRAT.jpg 400w, https:\/\/partycypacjaobywatelska.pl\/forum-2015\/wp-content\/uploads\/sites\/3\/2015\/05\/kwiatkibratki_logo_KWADRAT-150x150.jpg 150w, https:\/\/partycypacjaobywatelska.pl\/forum-2015\/wp-content\/uploads\/sites\/3\/2015\/05\/kwiatkibratki_logo_KWADRAT-300x300.jpg 300w, https:\/\/partycypacjaobywatelska.pl\/forum-2015\/wp-content\/uploads\/sites\/3\/2015\/05\/kwiatkibratki_logo_KWADRAT-177x177.jpg 177w\" sizes=\"(max-width: 134px) 100vw, 134px\" \/><\/a><\/p>\n","protected":false},"excerpt":{"rendered":"<p>Prowadz\u0105cy: Grzegorz M\u0142ynarski, Kwiatkibratki Termin: 2 dzie\u0144 (29 maja, pi\u0105tek), godz. 9:30-10:30 Miejsce: II pi\u0119tro, strefa H Formu\u0142a sesji:\u00a0spotkanie \u015bniadaniowe &nbsp; Czy miejskie ogrodnictwo to utopia? Jak daleko pada ogr\u00f3d od ogrodnika? Dlaczego nie rozmawiamy o ogr\u00f3dkach dzia\u0142kowych? Jak nie zosta\u0107 ogrodnikiem-samotnikiem?. W trakcie sesji odpowiada\u0142em na te pytania, prezentuj\u0105c wyniki bada\u0144 dotycz\u0105cych zaanga\u017cowania Polak\u00f3w, [&hellip;]<\/p>\n","protected":false},"author":1,"featured_media":0,"parent":0,"menu_order":0,"comment_status":"open","ping_status":"open","template":"template-forum_praktykow.php","meta":[],"_links":{"self":[{"href":"https:\/\/partycypacjaobywatelska.pl\/forum-2015\/wp-json\/wp\/v2\/pages\/902"}],"collection":[{"href":"https:\/\/partycypacjaobywatelska.pl\/forum-2015\/wp-json\/wp\/v2\/pages"}],"about":[{"href":"https:\/\/partycypacjaobywatelska.pl\/forum-2015\/wp-json\/wp\/v2\/types\/page"}],"author":[{"embeddable":true,"href":"https:\/\/partycypacjaobywatelska.pl\/forum-2015\/wp-json\/wp\/v2\/users\/1"}],"replies":[{"embeddable":true,"href":"https:\/\/partycypacjaobywatelska.pl\/forum-2015\/wp-json\/wp\/v2\/comments?post=902"}],"version-history":[{"count":4,"href":"https:\/\/partycypacjaobywatelska.pl\/forum-2015\/wp-json\/wp\/v2\/pages\/902\/revisions"}],"predecessor-version":[{"id":1535,"href":"https:\/\/partycypacjaobywatelska.pl\/forum-2015\/wp-json\/wp\/v2\/pages\/902\/revisions\/1535"}],"wp:attachment":[{"href":"https:\/\/partycypacjaobywatelska.pl\/forum-2015\/wp-json\/wp\/v2\/media?parent=902"}],"curies":[{"name":"wp","href":"https:\/\/api.w.org\/{rel}","templated":true}]}}