{"id":891,"date":"2015-05-17T08:20:37","date_gmt":"2015-05-17T08:20:37","guid":{"rendered":"http:\/\/partycypacjaobywatelska.pl\/forum-2015\/?page_id=891"},"modified":"2015-06-17T23:03:31","modified_gmt":"2015-06-17T23:03:31","slug":"ewaluacja-budzetow-partycypacyjnych","status":"publish","type":"page","link":"https:\/\/partycypacjaobywatelska.pl\/forum-2015\/ewaluacja-budzetow-partycypacyjnych\/","title":{"rendered":"Ewaluacja bud\u017cet\u00f3w partycypacyjnych"},"content":{"rendered":"<p><span style=\"color: #808080\">Prowadz\u0105cy<\/span>:<\/p>\n<p>\u0141ukasz Ostrowski, Pracownia Bada\u0144 i Innowacji Spo\u0142ecznych &#8222;Stocznia&#8221;<br \/>\nRafa\u0142 Rudnicki, Pracownia Bada\u0144 i Innowacji Spo\u0142ecznych &#8222;Stocznia&#8221;<\/p>\n<p><span style=\"color: #808080\">Termin:<\/span> 2 dzie\u0144 (29 maja, pi\u0105tek), godz. 9:30-10:30<\/p>\n<p><span style=\"color: #808080\">Miejsce:<\/span> III pi\u0119tro, strefa B<\/p>\n<p><span style=\"color: #808080\">Formu\u0142a sesji:<\/span>\u00a0<span style=\"color: #ff00ff\">spotkanie \u015bniadaniowe<\/span><\/p>\n<p>&nbsp;<\/p>\n<p>Od kilku lat obserwujemy w polskich miastach szybki przyrost liczby bud\u017cet\u00f3w partycypacyjnych. Wdra\u017canie innowacji spo\u0142ecznych zawsze jest wyzwaniem, nie inaczej jest w przypadku bud\u017cetu partycypacyjnego. Polskie samorz\u0105dy oraz ruchy miejskie ca\u0142y czas szukaj\u0105 formu\u0142y, kt\u00f3ra najlepiej sprawdzi si\u0119 w polskich warunkach. Dopiero czas poka\u017ce, kt\u00f3re rozwi\u0105zania si\u0119 sprawdz\u0105, a kt\u00f3re b\u0119dzie trzeba porzuci\u0107. W tym okresie musimy uwa\u017cnie obserwowa\u0107, wyci\u0105ga\u0107 wnioski oraz przede wszystkim uczy\u0107 si\u0119 na swoich do\u015bwiadczeniach. Uwa\u017camy, \u017ce bardzo pomocna mo\u017ce by\u0107 w tym ewaluacja.<\/p>\n<p>W trakcie sesji przedstawili\u015bmy dotychczasowe do\u015bwiadczenia Stoczni w prowadzeniu ewaluacji bud\u017cet\u00f3w partycypacyjnych. Rozmawiali\u015bmy o tym, w jaki spos\u00f3b uczyni\u0107 ewaluacj\u0119 tw\u00f3rcz\u0105 refleksj\u0105 nad bud\u017cetem i co mo\u017ce z niej wynika\u0107.<\/p>\n<p>Na spotkanie \u015bniadaniowe zaprosili\u015bmy wszystkich zainteresowanych ocen\u0105 przebiegu i skutk\u00f3w bud\u017cet\u00f3w partycypacyjnych.<\/p>\n<p><a href=\"http:\/\/partycypacjaobywatelska.pl\/forum-2015\/program\/\">Powr\u00f3t do programu Forum<\/a><\/p>\n<div id='gallery-1' class='gallery galleryid-891 gallery-columns-3 gallery-size-thumbnail'><dl class='gallery-item'>\n\t\t\t<dt class='gallery-icon landscape'>\n\t\t\t\t<a href='https:\/\/partycypacjaobywatelska.pl\/forum-2015\/ewaluacja-budzetow-partycypacyjnych\/_j2a0080-2\/'><img width=\"150\" height=\"150\" src=\"https:\/\/partycypacjaobywatelska.pl\/forum-2015\/wp-content\/uploads\/sites\/3\/2015\/05\/J2A0080-2-150x150.jpg\" class=\"attachment-thumbnail size-thumbnail\" alt=\"\" loading=\"lazy\" \/><\/a>\n\t\t\t<\/dt><\/dl>\n\t\t\t<br style='clear: both' \/>\n\t\t<\/div>\n\n<p><strong><span style=\"color: #808080\">Materia\u0142y, z kt\u00f3rymi warto si\u0119 zapozna\u0107:<\/span><br \/>\n<\/strong><\/p>\n<p><a href=\"https:\/\/www.bip.krakow.pl\/zalaczniki\/dokumenty\/n\/129119\/karta\" target=\"_blank\">Raport z ewaluacji bud\u017cetu obywatelskiego w Krakowie<\/a><\/p>\n<p><a href=\"https:\/\/docs.google.com\/document\/d\/1g3jHmgqkjVwM7PHgdC9vipZU8865GJZQmrBB6PE9MvU\/edit?usp=sharing\" target=\"_blank\">Notatka z sesji <\/a>autorstwa Mai Durlik z Pracowni Bada\u0144 i Innowacji Spo\u0142ecznych &#8222;Stocznia&#8221;<\/p>\n<p><a href=\"http:\/\/stocznia.org.pl\/\" target=\"_blank\"><img loading=\"lazy\" class=\"  wp-image-578 alignnone\" src=\"http:\/\/partycypacjaobywatelska.pl\/forum-2015\/wp-content\/uploads\/sites\/3\/2015\/05\/stocznia.jpg\" alt=\"stocznia\" width=\"125\" height=\"125\" srcset=\"https:\/\/partycypacjaobywatelska.pl\/forum-2015\/wp-content\/uploads\/sites\/3\/2015\/05\/stocznia.jpg 709w, https:\/\/partycypacjaobywatelska.pl\/forum-2015\/wp-content\/uploads\/sites\/3\/2015\/05\/stocznia-150x150.jpg 150w, https:\/\/partycypacjaobywatelska.pl\/forum-2015\/wp-content\/uploads\/sites\/3\/2015\/05\/stocznia-300x300.jpg 300w, https:\/\/partycypacjaobywatelska.pl\/forum-2015\/wp-content\/uploads\/sites\/3\/2015\/05\/stocznia-177x177.jpg 177w\" sizes=\"(max-width: 125px) 100vw, 125px\" \/><\/a><\/p>\n","protected":false},"excerpt":{"rendered":"<p>Prowadz\u0105cy: \u0141ukasz Ostrowski, Pracownia Bada\u0144 i Innowacji Spo\u0142ecznych &#8222;Stocznia&#8221; Rafa\u0142 Rudnicki, Pracownia Bada\u0144 i Innowacji Spo\u0142ecznych &#8222;Stocznia&#8221; Termin: 2 dzie\u0144 (29 maja, pi\u0105tek), godz. 9:30-10:30 Miejsce: III pi\u0119tro, strefa B Formu\u0142a sesji:\u00a0spotkanie \u015bniadaniowe &nbsp; Od kilku lat obserwujemy w polskich miastach szybki przyrost liczby bud\u017cet\u00f3w partycypacyjnych. Wdra\u017canie innowacji spo\u0142ecznych zawsze jest wyzwaniem, nie inaczej jest [&hellip;]<\/p>\n","protected":false},"author":1,"featured_media":0,"parent":0,"menu_order":0,"comment_status":"open","ping_status":"open","template":"template-forum_praktykow.php","meta":[],"_links":{"self":[{"href":"https:\/\/partycypacjaobywatelska.pl\/forum-2015\/wp-json\/wp\/v2\/pages\/891"}],"collection":[{"href":"https:\/\/partycypacjaobywatelska.pl\/forum-2015\/wp-json\/wp\/v2\/pages"}],"about":[{"href":"https:\/\/partycypacjaobywatelska.pl\/forum-2015\/wp-json\/wp\/v2\/types\/page"}],"author":[{"embeddable":true,"href":"https:\/\/partycypacjaobywatelska.pl\/forum-2015\/wp-json\/wp\/v2\/users\/1"}],"replies":[{"embeddable":true,"href":"https:\/\/partycypacjaobywatelska.pl\/forum-2015\/wp-json\/wp\/v2\/comments?post=891"}],"version-history":[{"count":4,"href":"https:\/\/partycypacjaobywatelska.pl\/forum-2015\/wp-json\/wp\/v2\/pages\/891\/revisions"}],"predecessor-version":[{"id":1654,"href":"https:\/\/partycypacjaobywatelska.pl\/forum-2015\/wp-json\/wp\/v2\/pages\/891\/revisions\/1654"}],"wp:attachment":[{"href":"https:\/\/partycypacjaobywatelska.pl\/forum-2015\/wp-json\/wp\/v2\/media?parent=891"}],"curies":[{"name":"wp","href":"https:\/\/api.w.org\/{rel}","templated":true}]}}