{"id":871,"date":"2015-05-15T12:38:37","date_gmt":"2015-05-15T12:38:37","guid":{"rendered":"http:\/\/partycypacjaobywatelska.pl\/forum-2015\/?page_id=871"},"modified":"2015-06-17T21:44:15","modified_gmt":"2015-06-17T21:44:15","slug":"wystapienia-wprowadzajace","status":"publish","type":"page","link":"https:\/\/partycypacjaobywatelska.pl\/forum-2015\/wystapienia-wprowadzajace\/","title":{"rendered":"Wyst\u0105pienia wprowadzaj\u0105ce"},"content":{"rendered":"<p><span style=\"color: #808080\">Prowadzenie:<\/span> Ewa Stok\u0142uska, Pracownia Bada\u0144 i Innowacji Spo\u0142ecznych &#8222;Stocznia&#8221; <a href=\"http:\/\/partycypacjaobywatelska.pl\/praktycy\/praktycy\/ewa-stokluska\/\" target=\"_blank\">&gt;&gt;<\/a><\/p>\n<p><span style=\"color: #808080\">Wyst\u0105pienia:<\/span><\/p>\n<p>Przemys\u0142aw Dziewitek, Stowarzyszenie Pracownia Obywatelska <a href=\"http:\/\/partycypacjaobywatelska.pl\/praktycy\/praktycy\/przemek-dziewitek\/\" target=\"_blank\">&gt;&gt;<\/a><br \/>\nSusan M. Guerra,\u00a0dyrektor Unit for Sustainability w urz\u0119dzie dzielnicy Sagene w Oslo<br \/>\nInga Hajdarowicz<br \/>\nEwa Lieder, Przewodnicz\u0105ca Zarz\u0105du Dzielnicy Wrzeszcz Dolny w Gda\u0144sku<br \/>\nJaros\u0142aw Ogrodowski, Urz\u0105d Miasta \u0141odzi <a href=\"http:\/\/partycypacjaobywatelska.pl\/praktycy\/praktycy\/jaroslaw-ogrodowski\/\">&gt;&gt;<\/a><\/p>\n<p><span style=\"color: #808080\">Termin:<\/span> 1 dzie\u0144 (28 maja, czwartek), godz. 11:30-12:15<\/p>\n<p>&nbsp;<\/p>\n<p>Takie wydarzenia jak Forum zaczynaj\u0105 si\u0119 zwykle od d\u0142ugiego wyk\u0142adu wprowadzaj\u0105cego. Ale my w tym roku chcieli\u015bmy zacz\u0105\u0107 troch\u0119 inaczej &#8211; kr\u00f3tko i dynamicznie, ale jak najbardziej na powa\u017cnie. Na pocz\u0105tek naszego spotkania by\u0142a mowa o wyzwaniach dla partycypacji, o wa\u017cnych w\u0105tkach,\u00a0kt\u00f3re towarzysz\u0105 wielu naszym dzia\u0142aniom i kt\u00f3re wielokrotnie powraca\u0142y w trakcie Forum &#8211; tak jak je widzieli do\u015bwiadczeni praktycy partycypacji.\u00a0Takie forumowe &#8222;mini-wyk\u0142ady o maxi-sprawach&#8221;.<\/p>\n<p><a href=\"http:\/\/partycypacjaobywatelska.pl\/forum-2015\/program\/\">Powr\u00f3t do programu Forum<\/a><\/p>\n<p>&nbsp;<\/p>\n<p>&nbsp;<\/p>\n","protected":false},"excerpt":{"rendered":"<p>Prowadzenie: Ewa Stok\u0142uska, Pracownia Bada\u0144 i Innowacji Spo\u0142ecznych &#8222;Stocznia&#8221; &gt;&gt; Wyst\u0105pienia: Przemys\u0142aw Dziewitek, Stowarzyszenie Pracownia Obywatelska &gt;&gt; Susan M. Guerra,\u00a0dyrektor Unit for Sustainability w urz\u0119dzie dzielnicy Sagene w Oslo Inga Hajdarowicz Ewa Lieder, Przewodnicz\u0105ca Zarz\u0105du Dzielnicy Wrzeszcz Dolny w Gda\u0144sku Jaros\u0142aw Ogrodowski, Urz\u0105d Miasta \u0141odzi &gt;&gt; Termin: 1 dzie\u0144 (28 maja, czwartek), godz. 11:30-12:15 &nbsp; [&hellip;]<\/p>\n","protected":false},"author":1,"featured_media":0,"parent":0,"menu_order":0,"comment_status":"open","ping_status":"open","template":"template-forum_praktykow.php","meta":[],"_links":{"self":[{"href":"https:\/\/partycypacjaobywatelska.pl\/forum-2015\/wp-json\/wp\/v2\/pages\/871"}],"collection":[{"href":"https:\/\/partycypacjaobywatelska.pl\/forum-2015\/wp-json\/wp\/v2\/pages"}],"about":[{"href":"https:\/\/partycypacjaobywatelska.pl\/forum-2015\/wp-json\/wp\/v2\/types\/page"}],"author":[{"embeddable":true,"href":"https:\/\/partycypacjaobywatelska.pl\/forum-2015\/wp-json\/wp\/v2\/users\/1"}],"replies":[{"embeddable":true,"href":"https:\/\/partycypacjaobywatelska.pl\/forum-2015\/wp-json\/wp\/v2\/comments?post=871"}],"version-history":[{"count":4,"href":"https:\/\/partycypacjaobywatelska.pl\/forum-2015\/wp-json\/wp\/v2\/pages\/871\/revisions"}],"predecessor-version":[{"id":1632,"href":"https:\/\/partycypacjaobywatelska.pl\/forum-2015\/wp-json\/wp\/v2\/pages\/871\/revisions\/1632"}],"wp:attachment":[{"href":"https:\/\/partycypacjaobywatelska.pl\/forum-2015\/wp-json\/wp\/v2\/media?parent=871"}],"curies":[{"name":"wp","href":"https:\/\/api.w.org\/{rel}","templated":true}]}}