{"id":855,"date":"2015-05-14T14:48:03","date_gmt":"2015-05-14T14:48:03","guid":{"rendered":"http:\/\/partycypacjaobywatelska.pl\/forum-2015\/?page_id=855"},"modified":"2016-05-27T14:21:09","modified_gmt":"2016-05-27T14:21:09","slug":"ogladaj-online","status":"publish","type":"page","link":"https:\/\/partycypacjaobywatelska.pl\/forum-2015\/ogladaj-online\/","title":{"rendered":"Ogl\u0105daj online"},"content":{"rendered":"<p style=\"text-align: left;\">Ju\u017c nied\u0142ugo na naszym portalu zamie\u015bcimy materia\u0142y z 2. Forum Praktyk\u00f3w Partycypacji nagrane podczas wydarzenia.<\/p>\n<p style=\"text-align: left;\"><span style=\"text-decoration: underline;\"><strong>S<a href=\"http:\/\/partycypacjaobywatelska.pl\/forum-2015\/wp-content\/uploads\/sites\/3\/2015\/05\/II-FPP_wprowadzenie.pdf\">lajdy z prezentacji wprowadzaj\u0105cej<\/a><br \/>\n<\/strong><\/span><\/p>\n<p><iframe loading=\"lazy\" src=\"https:\/\/www.youtube.com\/embed\/hsJvzUzDtCs\" width=\"560\" height=\"315\" frameborder=\"0\" allowfullscreen=\"allowfullscreen\"><\/iframe><\/p>\n<p style=\"text-align: left;\"><span style=\"text-decoration: underline;\"><strong>Instrukcja obs\u0142ugi programu do transmisji on-line:<\/strong><\/span><\/p>\n<p style=\"text-align: left;\">1. Powy\u017cej, w dniu transmisji, automatycznie pojawi si\u0119 okno programu do transmisji oraz komunikat o potrzebie zalogowania si\u0119.<\/p>\n<p style=\"text-align: left;\">2. Zaloguj si\u0119 jako go\u015b\u0107 podaj\u0105c sw\u00f3j nick, na przyk\u0142ad imi\u0119 i nazwisko (nie potrzeba has\u0142a).<\/p>\n<p style=\"text-align: left;\"><strong>3. Dzi\u0119ki temu b\u0119dzie mo\u017cliwe ogl\u0105danie relacji z 2. Forum Praktyk\u00f3w Partycypacji na \u017cywo<\/strong><\/p>\n<p style=\"text-align: left;\">4. B\u0119dziemy mie\u0107 dost\u0119p do trzech opcji podczas ogl\u0105dania transmisji: relacji video z miejsca wydarzenia (1), do\u0142\u0105czenia do czatu (2), gdzie b\u0119dzie mo\u017cna komentowa\u0107 bie\u017c\u0105ce wydarzenia oraz przegl\u0105dania pokazywanych prezentacji (3). Dwie pierwsze (1), (2) opcje mo\u017cna zmienia\u0107, korzystaj\u0105c z zak\u0142adek znajduj\u0105cych si\u0119 po\u015brodku na g\u00f3rnym pasku programu. Czat (3) mo\u017cna znale\u017a\u0107 w lewym dolnym rogu. Czat b\u0119dzie moderowany, wi\u0119c nale\u017cy poczeka\u0107 na potwierdzenie administratora nim komunikat pojawi si\u0119 w og\u00f3lnym oknie rozmowy.<\/p>\n<p style=\"text-align: left;\">5. W razie problem\u00f3w z d\u017awi\u0119kiem lub obrazem, nale\u017cy skorzysta\u0107 ze znajduj\u0105cego si\u0119 na pasku zada\u0144 okna, wybieraj\u0105c jedn\u0105 z dw\u00f3ch opcji, w zale\u017cno\u015bci od problemu \u2013 audio (problem z d\u017awi\u0119kiem) lub video (gdy jest problem z obrazem).<\/p>\n<p style=\"text-align: left;\">5a) S\u0142u\u017cymy te\u017c pomoc\u0105 &#8211; w razie problem\u00f3w z odbiorem w dniu wydarzenia, prosz\u0119 pisa\u0107 na:\u00a0<strong>mnowak@stocznia.org.pl<\/strong><strong><br \/>\n<\/strong><\/p>\n<p style=\"text-align: left;\">\u00a0<strong>\u017byczymy dobrych i niezak\u0142\u00f3conych transmisji!<\/strong><\/p>\n<p style=\"text-align: left;\"><strong> zesp\u00f3\u0142 Laboratorium Partycypacji Obywatelskiej<\/strong><\/p>\n","protected":false},"excerpt":{"rendered":"<p>Ju\u017c nied\u0142ugo na naszym portalu zamie\u015bcimy materia\u0142y z 2. Forum Praktyk\u00f3w Partycypacji nagrane podczas wydarzenia. Slajdy z prezentacji wprowadzaj\u0105cej Instrukcja obs\u0142ugi programu do transmisji on-line: 1. Powy\u017cej, w dniu transmisji, automatycznie pojawi si\u0119 okno programu do transmisji oraz komunikat o potrzebie zalogowania si\u0119. 2. Zaloguj si\u0119 jako go\u015b\u0107 podaj\u0105c sw\u00f3j nick, na przyk\u0142ad imi\u0119 i [&hellip;]<\/p>\n","protected":false},"author":1,"featured_media":0,"parent":0,"menu_order":0,"comment_status":"open","ping_status":"open","template":"template-forum_praktykow.php","meta":[],"_links":{"self":[{"href":"https:\/\/partycypacjaobywatelska.pl\/forum-2015\/wp-json\/wp\/v2\/pages\/855"}],"collection":[{"href":"https:\/\/partycypacjaobywatelska.pl\/forum-2015\/wp-json\/wp\/v2\/pages"}],"about":[{"href":"https:\/\/partycypacjaobywatelska.pl\/forum-2015\/wp-json\/wp\/v2\/types\/page"}],"author":[{"embeddable":true,"href":"https:\/\/partycypacjaobywatelska.pl\/forum-2015\/wp-json\/wp\/v2\/users\/1"}],"replies":[{"embeddable":true,"href":"https:\/\/partycypacjaobywatelska.pl\/forum-2015\/wp-json\/wp\/v2\/comments?post=855"}],"version-history":[{"count":4,"href":"https:\/\/partycypacjaobywatelska.pl\/forum-2015\/wp-json\/wp\/v2\/pages\/855\/revisions"}],"predecessor-version":[{"id":1052,"href":"https:\/\/partycypacjaobywatelska.pl\/forum-2015\/wp-json\/wp\/v2\/pages\/855\/revisions\/1052"}],"wp:attachment":[{"href":"https:\/\/partycypacjaobywatelska.pl\/forum-2015\/wp-json\/wp\/v2\/media?parent=855"}],"curies":[{"name":"wp","href":"https:\/\/api.w.org\/{rel}","templated":true}]}}