{"id":830,"date":"2015-05-13T21:32:06","date_gmt":"2015-05-13T21:32:06","guid":{"rendered":"http:\/\/partycypacjaobywatelska.pl\/forum-2015\/?page_id=830"},"modified":"2015-06-18T08:26:50","modified_gmt":"2015-06-18T08:26:50","slug":"tworcze-spolecznosci-animacja-kultury-jako-narzedzie-partycypacji","status":"publish","type":"page","link":"https:\/\/partycypacjaobywatelska.pl\/forum-2015\/tworcze-spolecznosci-animacja-kultury-jako-narzedzie-partycypacji\/","title":{"rendered":"Tw\u00f3rcze spo\u0142eczno\u015bci \u2013 animacja kultury jako narz\u0119dzie partycypacji"},"content":{"rendered":"<p><span style=\"color: #808080\">Prowadz\u0105ce:<\/span><\/p>\n<div>Dorota Ogrodzka, Lataj\u0105ca Animatorka Kultury Towarzystwa Inicjatyw Tw\u00f3rczych &#8222;\u0119&#8221;, SLOT<\/div>\n<div>Zuzanna Naruszewicz, Lataj\u0105ca Animatorka Kultury Towarzystwa Inicjatyw Tw\u00f3rczych &#8222;\u0119&#8221;<\/div>\n<p>Termin: 2 dzie\u0144 (29 maja, pi\u0105tek), godz. 12:45-14:15<\/p>\n<p><span style=\"color: #808080\">Miejsce:<\/span> III pi\u0119tro, strefa F<\/p>\n<p>Formu\u0142a sesji: <span style=\"color: #0000ff\">sesja szkoleniowa<\/span><\/p>\n<p>&nbsp;<\/p>\n<p>Czy dzia\u0142anie tw\u00f3rcze mo\u017ce by\u0107 pomocne w budowaniu przestrzeni partycypacji? W jaki spos\u00f3b animacja kultury lub akcja artystyczna mog\u0105 przyczyni\u0107 si\u0119 do nawi\u0105zywania dialogu, wzmacniania wi\u0119zi spo\u0142ecznych, anga\u017cowania ludzi w sfer\u0119 publiczn\u0105? Czy wsp\u00f3lne gotowanie, malowanie muralu na przystanku lub teatralny warsztat daj\u0105 szans\u0119 na bardziej demokratyczn\u0105 komunikacj\u0119 lub rozpocz\u0119cie rozmowy na trudne i dot\u0105d niezauwa\u017cone tematy?<\/p>\n<p>W trakcie sesji, odpowiadaj\u0105c na te pytania, dzielili\u015bmy si\u0119\u00a0przyk\u0142adami dobrych praktyk animacyjnych, artystyczno-spo\u0142ecznych i tw\u00f3rczych, kt\u00f3re w r\u00f3\u017cnych miejscach w Polsce sta\u0142y si\u0119 pocz\u0105tkiem g\u0142\u0119bokiego procesu partycypacyjnego.<\/p>\n<p>Chcia\u0142y\u015bmy zainspirowa\u0107 uczestnik\u00f3w do pomy\u015blenia w tw\u00f3rczy, niestandardowy spos\u00f3b o swoich spo\u0142eczno\u015bciach. Chcia\u0142y\u015bmy pokaza\u0107 animacj\u0119 kultury jako otwarty, nieko\u0144cz\u0105cy si\u0119 zestaw narz\u0119dzi, metod i pomys\u0142\u00f3w na to, jak bada\u0107 potrzeby, zach\u0119ca\u0107 do rozmowy, prowokowa\u0107 do dyskusji i do brania odpowiedzialno\u015bci za swoj\u0105 lokalno\u015b\u0107.<\/p>\n<p><a href=\"http:\/\/partycypacjaobywatelska.pl\/forum-2015\/program\/\">Powr\u00f3t do programu Forum<\/a><\/p>\n<div id='gallery-1' class='gallery galleryid-830 gallery-columns-3 gallery-size-thumbnail'><dl class='gallery-item'>\n\t\t\t<dt class='gallery-icon landscape'>\n\t\t\t\t<a href='https:\/\/partycypacjaobywatelska.pl\/forum-2015\/tworcze-spolecznosci-animacja-kultury-jako-narzedzie-partycypacji\/_j2a0038-3-2\/'><img width=\"150\" height=\"150\" src=\"https:\/\/partycypacjaobywatelska.pl\/forum-2015\/wp-content\/uploads\/sites\/3\/2015\/05\/J2A0038-3-150x150.jpg\" class=\"attachment-thumbnail size-thumbnail\" alt=\"\" loading=\"lazy\" \/><\/a>\n\t\t\t<\/dt><\/dl>\n\t\t\t<br style='clear: both' \/>\n\t\t<\/div>\n\n<p><span style=\"color: #808080\"><strong>Materia\u0142y, z kt\u00f3rymi warto si\u0119 zapozna\u0107 przed lub po sesji:<\/strong><\/span><\/p>\n<p><a href=\"http:\/\/pomysly.e.org.pl\/\">Pomys\u0142y do zrobienia <\/a>Towarzystwa Inicjatyw Tw\u00f3rczych \u0119<br \/>\n<a href=\"http:\/\/e.org.pl\/wp-content\/uploads\/2012\/04\/podaj_dalej.pdf\" target=\"_blank\">Podaj dalej<\/a><\/p>\n<p><a href=\"http:\/\/e.org.pl\/\" target=\"_blank\"><img loading=\"lazy\" class=\"  wp-image-444 alignnone\" src=\"http:\/\/partycypacjaobywatelska.pl\/forum-2015\/wp-content\/uploads\/sites\/3\/2015\/05\/logo_e_male.jpg\" alt=\"logo_e_male\" width=\"219\" height=\"136\" srcset=\"https:\/\/partycypacjaobywatelska.pl\/forum-2015\/wp-content\/uploads\/sites\/3\/2015\/05\/logo_e_male.jpg 627w, https:\/\/partycypacjaobywatelska.pl\/forum-2015\/wp-content\/uploads\/sites\/3\/2015\/05\/logo_e_male-300x187.jpg 300w, https:\/\/partycypacjaobywatelska.pl\/forum-2015\/wp-content\/uploads\/sites\/3\/2015\/05\/logo_e_male-177x110.jpg 177w\" sizes=\"(max-width: 219px) 100vw, 219px\" \/><\/a><\/p>\n","protected":false},"excerpt":{"rendered":"<p>Prowadz\u0105ce: Dorota Ogrodzka, Lataj\u0105ca Animatorka Kultury Towarzystwa Inicjatyw Tw\u00f3rczych &#8222;\u0119&#8221;, SLOT Zuzanna Naruszewicz, Lataj\u0105ca Animatorka Kultury Towarzystwa Inicjatyw Tw\u00f3rczych &#8222;\u0119&#8221; Termin: 2 dzie\u0144 (29 maja, pi\u0105tek), godz. 12:45-14:15 Miejsce: III pi\u0119tro, strefa F Formu\u0142a sesji: sesja szkoleniowa &nbsp; Czy dzia\u0142anie tw\u00f3rcze mo\u017ce by\u0107 pomocne w budowaniu przestrzeni partycypacji? W jaki spos\u00f3b animacja kultury lub akcja [&hellip;]<\/p>\n","protected":false},"author":1,"featured_media":0,"parent":0,"menu_order":0,"comment_status":"open","ping_status":"open","template":"template-forum_praktykow.php","meta":[],"_links":{"self":[{"href":"https:\/\/partycypacjaobywatelska.pl\/forum-2015\/wp-json\/wp\/v2\/pages\/830"}],"collection":[{"href":"https:\/\/partycypacjaobywatelska.pl\/forum-2015\/wp-json\/wp\/v2\/pages"}],"about":[{"href":"https:\/\/partycypacjaobywatelska.pl\/forum-2015\/wp-json\/wp\/v2\/types\/page"}],"author":[{"embeddable":true,"href":"https:\/\/partycypacjaobywatelska.pl\/forum-2015\/wp-json\/wp\/v2\/users\/1"}],"replies":[{"embeddable":true,"href":"https:\/\/partycypacjaobywatelska.pl\/forum-2015\/wp-json\/wp\/v2\/comments?post=830"}],"version-history":[{"count":4,"href":"https:\/\/partycypacjaobywatelska.pl\/forum-2015\/wp-json\/wp\/v2\/pages\/830\/revisions"}],"predecessor-version":[{"id":1689,"href":"https:\/\/partycypacjaobywatelska.pl\/forum-2015\/wp-json\/wp\/v2\/pages\/830\/revisions\/1689"}],"wp:attachment":[{"href":"https:\/\/partycypacjaobywatelska.pl\/forum-2015\/wp-json\/wp\/v2\/media?parent=830"}],"curies":[{"name":"wp","href":"https:\/\/api.w.org\/{rel}","templated":true}]}}