{"id":823,"date":"2015-05-13T21:21:44","date_gmt":"2015-05-13T21:21:44","guid":{"rendered":"http:\/\/partycypacjaobywatelska.pl\/forum-2015\/?page_id=823"},"modified":"2015-06-17T22:03:46","modified_gmt":"2015-06-17T22:03:46","slug":"bp","status":"publish","type":"page","link":"https:\/\/partycypacjaobywatelska.pl\/forum-2015\/bp\/","title":{"rendered":"Potencjalne b\u0142\u0119dy i trudno\u015bci zwi\u0105zane z bud\u017cetem partycypacyjnym oraz sposoby radzenia sobie z nimi"},"content":{"rendered":"<p><span style=\"color: #808080\">Prowadz\u0105cy:<\/span><\/p>\n<div class=\"page-content\">\n<p>Piotr Dryga\u0142a,\u00a0Urz\u0105d Miejski w D\u0105browie G\u00f3rniczej <a href=\"http:\/\/partycypacjaobywatelska.pl\/praktycy\/praktycy\/piotr-drygala\/\" target=\"_blank\">&gt;&gt;<\/a><br \/>\nBorys Martela, \u0141\u00f3dzkie Stowarzyszenie Inicjatyw Miejskich Topografie oraz Fundacja Miejski Kolektyw <a href=\"http:\/\/partycypacjaobywatelska.pl\/praktycy\/praktycy\/borys-martela\/\" target=\"_blank\">&gt;&gt;<\/a><\/p>\n<p><span style=\"color: #808080\">Termin:<\/span> 1 dzie\u0144 (28 maja, czwartek), godz. 12:45-14:45<\/p>\n<p><span style=\"color: #808080\">Miejsce:<\/span> III pi\u0119tro, strefa A<\/p>\n<p><span style=\"color: #808080\">Formu\u0142a sesji: <span style=\"color: #339966\">wymiana do\u015bwiadcze\u0144<\/span><br \/>\n<\/span><\/p>\n<p>&nbsp;<\/p>\n<p>Czy bud\u017cet partycypacyjny musi by\u0107 idealny? Czy ta ci\u0105gle jeszcze innowacyjna procedura, kt\u00f3ra w najbardziej zaawansowanych samorz\u0105dach doczeka\u0142a si\u0119 co najwy\u017cej czwartej edycji jest wolna od b\u0142\u0119d\u00f3w?<\/p>\n<p>Praktyka pokazuje, \u017ce nie. Bud\u017cet partycypacyjny, jak ka\u017cdy inny proces, jest po prostu nara\u017cony na wpadki. To, co go odr\u00f3\u017cnia w znaczny spos\u00f3b od innych procedur w naszej administracji publicznej, to fakt, i\u017c prawdziwy bud\u017cet partycypacyjny jest wprowadzany i realizowany przy du\u017cym zaanga\u017cowaniu mieszka\u0144c\u00f3w i organizacji pozarz\u0105dowych, a tym samym podlega tak bardzo po\u017c\u0105danej kontroli obywatelskiej. To sprawia, \u017ce ka\u017cda najmniejsza wpadka bardzo cz\u0119sto ro\u015bnie do olbrzymiego problemu, k\u0142ad\u0105c cz\u0119sto cie\u0144 na dobrze wykonan\u0105 prac\u0119 os\u00f3b zaanga\u017cowanych w jego realizacj\u0119.<\/p>\n<p>Podczas naszej sesji dyskutowali\u015bmy, nie tyle o tym jak wpadek unika\u0107, ale jak je oswoi\u0107 i sobie z nimi radzi\u0107. M\u00f3wi\u0105c najpro\u015bciej, jak umie\u0107 przyzna\u0107 si\u0119 do b\u0142\u0119du i wyj\u015b\u0107 z niego z twarz\u0105, bez uszczerbku dla ca\u0142o\u015bci procesu.<\/p>\n<p><a href=\"http:\/\/partycypacjaobywatelska.pl\/forum-2015\/program\/\">Powr\u00f3t do programu Forum<\/a><\/p>\n<div id='gallery-1' class='gallery galleryid-823 gallery-columns-3 gallery-size-thumbnail'><dl class='gallery-item'>\n\t\t\t<dt class='gallery-icon portrait'>\n\t\t\t\t<a href='https:\/\/partycypacjaobywatelska.pl\/forum-2015\/bp\/_j2a9873-2\/'><img width=\"150\" height=\"150\" src=\"https:\/\/partycypacjaobywatelska.pl\/forum-2015\/wp-content\/uploads\/sites\/3\/2015\/05\/J2A9873-150x150.jpg\" class=\"attachment-thumbnail size-thumbnail\" alt=\"\" loading=\"lazy\" \/><\/a>\n\t\t\t<\/dt><\/dl><dl class='gallery-item'>\n\t\t\t<dt class='gallery-icon portrait'>\n\t\t\t\t<a href='https:\/\/partycypacjaobywatelska.pl\/forum-2015\/bp\/_j2a9871\/'><img width=\"150\" height=\"150\" src=\"https:\/\/partycypacjaobywatelska.pl\/forum-2015\/wp-content\/uploads\/sites\/3\/2015\/05\/J2A9871-150x150.jpg\" class=\"attachment-thumbnail size-thumbnail\" alt=\"\" loading=\"lazy\" \/><\/a>\n\t\t\t<\/dt><\/dl><dl class='gallery-item'>\n\t\t\t<dt class='gallery-icon landscape'>\n\t\t\t\t<a href='https:\/\/partycypacjaobywatelska.pl\/forum-2015\/bp\/_j2a9627\/'><img width=\"150\" height=\"150\" src=\"https:\/\/partycypacjaobywatelska.pl\/forum-2015\/wp-content\/uploads\/sites\/3\/2015\/05\/J2A9627-150x150.jpg\" class=\"attachment-thumbnail size-thumbnail\" alt=\"\" loading=\"lazy\" \/><\/a>\n\t\t\t<\/dt><\/dl><br style=\"clear: both\" \/><dl class='gallery-item'>\n\t\t\t<dt class='gallery-icon landscape'>\n\t\t\t\t<a href='https:\/\/partycypacjaobywatelska.pl\/forum-2015\/bp\/_j2a9615-2\/'><img width=\"150\" height=\"150\" src=\"https:\/\/partycypacjaobywatelska.pl\/forum-2015\/wp-content\/uploads\/sites\/3\/2015\/05\/J2A9615-150x150.jpg\" class=\"attachment-thumbnail size-thumbnail\" alt=\"\" loading=\"lazy\" \/><\/a>\n\t\t\t<\/dt><\/dl>\n\t\t\t<br style='clear: both' \/>\n\t\t<\/div>\n\n<p>&nbsp;<\/p>\n<\/div>\n<p><span style=\"color: #808080\"><strong>Materia\u0142y, z kt\u00f3rymi warto si\u0119 zapozna\u0107 przed lub po sesji:<\/strong><\/span><\/p>\n<p>D. Kraszewski, R. Skrzypiec, G. W\u00f3jkowski,\u00a0<a href=\"http:\/\/bonafides.pl\/wp-content\/uploads\/raport_podsumowuj\u0105cy-bud\u017cety-obywatelskie_woj.\u015bl\u0105skie_Bona-Fides2.pdf\">Monitoring realizacji bud\u017cetu obywatelskiego. Raport z pilota\u017cowego etapu badania w 6 gminach wojew\u00f3dztwa \u015bl\u0105skiego<\/a>,\u00a0Stowarzyszenie Aktywno\u015bci Obywatelskiej Bona Fides,\u00a0Katowice, kwiecie\u0144 2015 r.<\/p>\n<p>&nbsp;<\/p>\n<div class=\"page-content\">\n<p><a href=\"http:\/\/topografie.pl\" target=\"_blank\"><img loading=\"lazy\" class=\"  wp-image-1067 alignleft\" src=\"http:\/\/partycypacjaobywatelska.pl\/forum-2015\/wp-content\/uploads\/sites\/3\/2015\/05\/dbp.png\" alt=\"dbp\" width=\"101\" height=\"101\" srcset=\"https:\/\/partycypacjaobywatelska.pl\/forum-2015\/wp-content\/uploads\/sites\/3\/2015\/05\/dbp.png 400w, https:\/\/partycypacjaobywatelska.pl\/forum-2015\/wp-content\/uploads\/sites\/3\/2015\/05\/dbp-150x150.png 150w, https:\/\/partycypacjaobywatelska.pl\/forum-2015\/wp-content\/uploads\/sites\/3\/2015\/05\/dbp-300x300.png 300w, https:\/\/partycypacjaobywatelska.pl\/forum-2015\/wp-content\/uploads\/sites\/3\/2015\/05\/dbp-177x177.png 177w\" sizes=\"(max-width: 101px) 100vw, 101px\" \/><img loading=\"lazy\" class=\"  wp-image-819 alignnone\" src=\"http:\/\/partycypacjaobywatelska.pl\/forum-2015\/wp-content\/uploads\/sites\/3\/2015\/05\/logo.png\" alt=\"logo\" width=\"365\" height=\"60\" srcset=\"https:\/\/partycypacjaobywatelska.pl\/forum-2015\/wp-content\/uploads\/sites\/3\/2015\/05\/logo.png 377w, https:\/\/partycypacjaobywatelska.pl\/forum-2015\/wp-content\/uploads\/sites\/3\/2015\/05\/logo-300x49.png 300w, https:\/\/partycypacjaobywatelska.pl\/forum-2015\/wp-content\/uploads\/sites\/3\/2015\/05\/logo-177x29.png 177w\" sizes=\"(max-width: 365px) 100vw, 365px\" \/><\/a><\/p>\n<\/div>\n","protected":false},"excerpt":{"rendered":"<p>Prowadz\u0105cy: Piotr Dryga\u0142a,\u00a0Urz\u0105d Miejski w D\u0105browie G\u00f3rniczej &gt;&gt; Borys Martela, \u0141\u00f3dzkie Stowarzyszenie Inicjatyw Miejskich Topografie oraz Fundacja Miejski Kolektyw &gt;&gt; Termin: 1 dzie\u0144 (28 maja, czwartek), godz. 12:45-14:45 Miejsce: III pi\u0119tro, strefa A Formu\u0142a sesji: wymiana do\u015bwiadcze\u0144 &nbsp; Czy bud\u017cet partycypacyjny musi by\u0107 idealny? Czy ta ci\u0105gle jeszcze innowacyjna procedura, kt\u00f3ra w najbardziej zaawansowanych samorz\u0105dach [&hellip;]<\/p>\n","protected":false},"author":1,"featured_media":0,"parent":0,"menu_order":0,"comment_status":"open","ping_status":"open","template":"template-forum_praktykow.php","meta":[],"_links":{"self":[{"href":"https:\/\/partycypacjaobywatelska.pl\/forum-2015\/wp-json\/wp\/v2\/pages\/823"}],"collection":[{"href":"https:\/\/partycypacjaobywatelska.pl\/forum-2015\/wp-json\/wp\/v2\/pages"}],"about":[{"href":"https:\/\/partycypacjaobywatelska.pl\/forum-2015\/wp-json\/wp\/v2\/types\/page"}],"author":[{"embeddable":true,"href":"https:\/\/partycypacjaobywatelska.pl\/forum-2015\/wp-json\/wp\/v2\/users\/1"}],"replies":[{"embeddable":true,"href":"https:\/\/partycypacjaobywatelska.pl\/forum-2015\/wp-json\/wp\/v2\/comments?post=823"}],"version-history":[{"count":4,"href":"https:\/\/partycypacjaobywatelska.pl\/forum-2015\/wp-json\/wp\/v2\/pages\/823\/revisions"}],"predecessor-version":[{"id":1520,"href":"https:\/\/partycypacjaobywatelska.pl\/forum-2015\/wp-json\/wp\/v2\/pages\/823\/revisions\/1520"}],"wp:attachment":[{"href":"https:\/\/partycypacjaobywatelska.pl\/forum-2015\/wp-json\/wp\/v2\/media?parent=823"}],"curies":[{"name":"wp","href":"https:\/\/api.w.org\/{rel}","templated":true}]}}