{"id":810,"date":"2015-05-13T20:54:05","date_gmt":"2015-05-13T20:54:05","guid":{"rendered":"http:\/\/partycypacjaobywatelska.pl\/forum-2015\/?page_id=810"},"modified":"2015-06-18T08:35:26","modified_gmt":"2015-06-18T08:35:26","slug":"aktywnosci-wieczorne","status":"publish","type":"page","link":"https:\/\/partycypacjaobywatelska.pl\/forum-2015\/aktywnosci-wieczorne\/","title":{"rendered":"Aktywno\u015bci wieczorne"},"content":{"rendered":"<p>Wieczorem pierwszego dnia mieli\u015bmy okazj\u0119 porozmawia\u0107 wsp\u00f3lnie\u00a0w mniej formalnej atmosferze. Zaprosili\u015bmy wszystkich na wsp\u00f3ln\u0105 kolacj\u0119, a nast\u0119pnie do skorzystania z kilku wydarze\u0144 zorganizowanych specjalnie dla uczestnik\u00f3w Forum.<\/p>\n<p>Wzorem zesz\u0142ego roku, powt\u00f3rzyli\u015bmy rowerow\u0105 przeja\u017cd\u017ck\u0119 po Warszawie. By\u0142a to trwaj\u0105ca oko\u0142o godziny przeja\u017cd\u017cka po ciekawych z obywatelskiego punktu widzenia miejscach stolicy. Poprowadzi\u0142 j\u0105 Wojciech Kacperski.<\/p>\n<p>Wa\u017cnym punktem wieczornego programu by\u0142 quiz po\u015bwi\u0119cony r\u00f3\u017cnym zagadnieniom z dziedziny partycypacji obywatelskiej. Jego formu\u0142\u0119 do ko\u0144ca utrzymywali\u015bmy w tajemnicy, a jak si\u0119 okaza\u0142o, wydarzenie to przesz\u0142o nasze naj\u015bmielsze oczekiwania!<\/p>\n<p>Do repertuaru wieczornych wydarze\u0144 do\u0142\u0105czyli\u015bmy \u00a0otwarty tak\u017ce dla os\u00f3b nie bior\u0105cych udzia\u0142u w 2. FPP pokaz filmu &#8217;<a href=\"http:\/\/lacomuna9.com\/\" target=\"_blank\">La Comuna 9. Odzyskuj\u0105c miasto<\/a>&#8217; o bud\u017cecie partycypacyjnym w Medellin w Kolumbii, po\u0142\u0105czony z dyskusj\u0105 z autorkami \u2013 uczestniczkami tegorocznego Forum.<\/p>\n<p>&nbsp;<\/p>\n<p><a href=\"http:\/\/partycypacjaobywatelska.pl\/forum-2015\/program\/\">Powr\u00f3t do programu Forum<\/a><\/p>\n<p>&nbsp;<\/p>\n<div id='gallery-1' class='gallery galleryid-810 gallery-columns-3 gallery-size-thumbnail'><dl class='gallery-item'>\n\t\t\t<dt class='gallery-icon landscape'>\n\t\t\t\t<a href='https:\/\/partycypacjaobywatelska.pl\/forum-2015\/aktywnosci-wieczorne\/_j2a0366\/'><img width=\"150\" height=\"150\" src=\"https:\/\/partycypacjaobywatelska.pl\/forum-2015\/wp-content\/uploads\/sites\/3\/2015\/05\/J2A0366-150x150.jpg\" class=\"attachment-thumbnail size-thumbnail\" alt=\"\" loading=\"lazy\" \/><\/a>\n\t\t\t<\/dt><\/dl><dl class='gallery-item'>\n\t\t\t<dt class='gallery-icon landscape'>\n\t\t\t\t<a href='https:\/\/partycypacjaobywatelska.pl\/forum-2015\/aktywnosci-wieczorne\/_j2a0358-2\/'><img width=\"150\" height=\"150\" src=\"https:\/\/partycypacjaobywatelska.pl\/forum-2015\/wp-content\/uploads\/sites\/3\/2015\/05\/J2A0358-150x150.jpg\" class=\"attachment-thumbnail size-thumbnail\" alt=\"\" loading=\"lazy\" \/><\/a>\n\t\t\t<\/dt><\/dl><dl class='gallery-item'>\n\t\t\t<dt class='gallery-icon landscape'>\n\t\t\t\t<a href='https:\/\/partycypacjaobywatelska.pl\/forum-2015\/aktywnosci-wieczorne\/_j2a0331\/'><img width=\"150\" height=\"150\" src=\"https:\/\/partycypacjaobywatelska.pl\/forum-2015\/wp-content\/uploads\/sites\/3\/2015\/05\/J2A0331-150x150.jpg\" class=\"attachment-thumbnail size-thumbnail\" alt=\"\" loading=\"lazy\" \/><\/a>\n\t\t\t<\/dt><\/dl><br style=\"clear: both\" \/><dl class='gallery-item'>\n\t\t\t<dt class='gallery-icon landscape'>\n\t\t\t\t<a href='https:\/\/partycypacjaobywatelska.pl\/forum-2015\/aktywnosci-wieczorne\/_j2a0269-2\/'><img width=\"150\" height=\"150\" src=\"https:\/\/partycypacjaobywatelska.pl\/forum-2015\/wp-content\/uploads\/sites\/3\/2015\/05\/J2A0269-150x150.jpg\" class=\"attachment-thumbnail size-thumbnail\" alt=\"\" loading=\"lazy\" \/><\/a>\n\t\t\t<\/dt><\/dl><dl class='gallery-item'>\n\t\t\t<dt class='gallery-icon landscape'>\n\t\t\t\t<a href='https:\/\/partycypacjaobywatelska.pl\/forum-2015\/aktywnosci-wieczorne\/_j2a0263-2\/'><img width=\"150\" height=\"150\" src=\"https:\/\/partycypacjaobywatelska.pl\/forum-2015\/wp-content\/uploads\/sites\/3\/2015\/05\/J2A0263-150x150.jpg\" class=\"attachment-thumbnail size-thumbnail\" alt=\"\" loading=\"lazy\" \/><\/a>\n\t\t\t<\/dt><\/dl><dl class='gallery-item'>\n\t\t\t<dt class='gallery-icon landscape'>\n\t\t\t\t<a href='https:\/\/partycypacjaobywatelska.pl\/forum-2015\/aktywnosci-wieczorne\/_j2a0250\/'><img width=\"150\" height=\"150\" src=\"https:\/\/partycypacjaobywatelska.pl\/forum-2015\/wp-content\/uploads\/sites\/3\/2015\/05\/J2A0250-150x150.jpg\" class=\"attachment-thumbnail size-thumbnail\" alt=\"\" loading=\"lazy\" \/><\/a>\n\t\t\t<\/dt><\/dl><br style=\"clear: both\" \/><dl class='gallery-item'>\n\t\t\t<dt class='gallery-icon landscape'>\n\t\t\t\t<a href='https:\/\/partycypacjaobywatelska.pl\/forum-2015\/aktywnosci-wieczorne\/_j2a0249\/'><img width=\"150\" height=\"150\" src=\"https:\/\/partycypacjaobywatelska.pl\/forum-2015\/wp-content\/uploads\/sites\/3\/2015\/05\/J2A0249-150x150.jpg\" class=\"attachment-thumbnail size-thumbnail\" alt=\"\" loading=\"lazy\" \/><\/a>\n\t\t\t<\/dt><\/dl><dl class='gallery-item'>\n\t\t\t<dt class='gallery-icon landscape'>\n\t\t\t\t<a href='https:\/\/partycypacjaobywatelska.pl\/forum-2015\/aktywnosci-wieczorne\/_j2a0238-2\/'><img width=\"150\" height=\"150\" src=\"https:\/\/partycypacjaobywatelska.pl\/forum-2015\/wp-content\/uploads\/sites\/3\/2015\/05\/J2A0238-150x150.jpg\" class=\"attachment-thumbnail size-thumbnail\" alt=\"\" loading=\"lazy\" \/><\/a>\n\t\t\t<\/dt><\/dl>\n\t\t\t<br style='clear: both' \/>\n\t\t<\/div>\n\n<p>&nbsp;<\/p>\n<p>Zapraszamy!<\/p>\n<p><a href=\"http:\/\/panstwomiasto.pl\/pmnatrawie\/\" target=\"_blank\"><img loading=\"lazy\" class=\"  wp-image-965 alignnone\" src=\"http:\/\/partycypacjaobywatelska.pl\/forum-2015\/wp-content\/uploads\/sites\/3\/2015\/05\/PM_NaTrawie.jpg\" alt=\"PM_NaTrawie\" width=\"155\" height=\"155\" srcset=\"https:\/\/partycypacjaobywatelska.pl\/forum-2015\/wp-content\/uploads\/sites\/3\/2015\/05\/PM_NaTrawie.jpg 250w, https:\/\/partycypacjaobywatelska.pl\/forum-2015\/wp-content\/uploads\/sites\/3\/2015\/05\/PM_NaTrawie-150x150.jpg 150w, https:\/\/partycypacjaobywatelska.pl\/forum-2015\/wp-content\/uploads\/sites\/3\/2015\/05\/PM_NaTrawie-177x177.jpg 177w\" sizes=\"(max-width: 155px) 100vw, 155px\" \/><\/a><a href=\"http:\/\/www.inicjatywarazem.pl\/\" target=\"_blank\"><img loading=\"lazy\" class=\"  wp-image-992 alignnone\" src=\"http:\/\/partycypacjaobywatelska.pl\/forum-2015\/wp-content\/uploads\/sites\/3\/2015\/05\/razem.png\" alt=\"razem\" width=\"99\" height=\"123\" srcset=\"https:\/\/partycypacjaobywatelska.pl\/forum-2015\/wp-content\/uploads\/sites\/3\/2015\/05\/razem.png 317w, https:\/\/partycypacjaobywatelska.pl\/forum-2015\/wp-content\/uploads\/sites\/3\/2015\/05\/razem-242x300.png 242w, https:\/\/partycypacjaobywatelska.pl\/forum-2015\/wp-content\/uploads\/sites\/3\/2015\/05\/razem-177x219.png 177w\" sizes=\"(max-width: 99px) 100vw, 99px\" \/><\/a><\/p>\n","protected":false},"excerpt":{"rendered":"<p>Wieczorem pierwszego dnia mieli\u015bmy okazj\u0119 porozmawia\u0107 wsp\u00f3lnie\u00a0w mniej formalnej atmosferze. Zaprosili\u015bmy wszystkich na wsp\u00f3ln\u0105 kolacj\u0119, a nast\u0119pnie do skorzystania z kilku wydarze\u0144 zorganizowanych specjalnie dla uczestnik\u00f3w Forum. Wzorem zesz\u0142ego roku, powt\u00f3rzyli\u015bmy rowerow\u0105 przeja\u017cd\u017ck\u0119 po Warszawie. By\u0142a to trwaj\u0105ca oko\u0142o godziny przeja\u017cd\u017cka po ciekawych z obywatelskiego punktu widzenia miejscach stolicy. Poprowadzi\u0142 j\u0105 Wojciech Kacperski. Wa\u017cnym punktem [&hellip;]<\/p>\n","protected":false},"author":1,"featured_media":0,"parent":0,"menu_order":0,"comment_status":"open","ping_status":"open","template":"template-forum_praktykow.php","meta":[],"_links":{"self":[{"href":"https:\/\/partycypacjaobywatelska.pl\/forum-2015\/wp-json\/wp\/v2\/pages\/810"}],"collection":[{"href":"https:\/\/partycypacjaobywatelska.pl\/forum-2015\/wp-json\/wp\/v2\/pages"}],"about":[{"href":"https:\/\/partycypacjaobywatelska.pl\/forum-2015\/wp-json\/wp\/v2\/types\/page"}],"author":[{"embeddable":true,"href":"https:\/\/partycypacjaobywatelska.pl\/forum-2015\/wp-json\/wp\/v2\/users\/1"}],"replies":[{"embeddable":true,"href":"https:\/\/partycypacjaobywatelska.pl\/forum-2015\/wp-json\/wp\/v2\/comments?post=810"}],"version-history":[{"count":4,"href":"https:\/\/partycypacjaobywatelska.pl\/forum-2015\/wp-json\/wp\/v2\/pages\/810\/revisions"}],"predecessor-version":[{"id":1575,"href":"https:\/\/partycypacjaobywatelska.pl\/forum-2015\/wp-json\/wp\/v2\/pages\/810\/revisions\/1575"}],"wp:attachment":[{"href":"https:\/\/partycypacjaobywatelska.pl\/forum-2015\/wp-json\/wp\/v2\/media?parent=810"}],"curies":[{"name":"wp","href":"https:\/\/api.w.org\/{rel}","templated":true}]}}