{"id":766,"date":"2015-05-13T14:00:51","date_gmt":"2015-05-13T14:00:51","guid":{"rendered":"http:\/\/partycypacjaobywatelska.pl\/forum-2015\/?page_id=766"},"modified":"2015-06-18T08:09:48","modified_gmt":"2015-06-18T08:09:48","slug":"obywatelski-samorzad","status":"publish","type":"page","link":"https:\/\/partycypacjaobywatelska.pl\/forum-2015\/obywatelski-samorzad\/","title":{"rendered":"Obywatelski samorz\u0105d"},"content":{"rendered":"<p><span style=\"color: #808080\">Prowadz\u0105cy:<\/span><\/p>\n<p>Dariusz Kraszewski, Fundacja im. Stefana Batorego<br \/>\n\u0141ukasz Prykowski, Urz\u0105d Miasta \u0141odzi <a href=\"http:\/\/partycypacjaobywatelska.pl\/praktycy\/praktycy\/lukasz-prykowski\/\" target=\"_blank\">&gt;&gt;<\/a><\/p>\n<p><span style=\"color: #808080\">Termin:<\/span> 2 dzie\u0144 (29 maja, pi\u0105tek), godz. 12:45-14:15<\/p>\n<p><span style=\"color: #808080\">Miejsce:<\/span> II pi\u0119tro, strefa J<\/p>\n<p><span style=\"color: #999999\">Formu\u0142a sesji:<\/span> <span style=\"color: #ff0000\">sesja dyskusyjna<\/span><\/p>\n<p>&nbsp;<\/p>\n<p align=\"justify\">Sesj\u0119 po\u015bwi\u0119cono dyskusji nad propozycjami zmian prawnych maj\u0105cych na celu wzmocnienie mo\u017cliwo\u015bci udzia\u0142u obywateli w procesach decyzyjnych oraz wzmocnienie pozycji rad gmin w relacjach z w\u00f3jtem, burmistrzem, prezydentem.<\/p>\n<p align=\"justify\">Obecnie mamy do czynienia z sytuacj\u0105 ograniczonej roli rad gmin we wsp\u00f3\u0142rz\u0105dzeniu, r\u00f3wnie\u017c wp\u0142yw obywateli na procesy decyzyjne w dalszym ci\u0105gu wymaga poprawy. Obowi\u0105zuj\u0105ce od 2002 roku bezpo\u015brednie wybory w\u00f3jt\u00f3w, burmistrz\u00f3w i prezydent\u00f3w doprowadzi\u0142y do nadmiernego wzmocnienia ich pozycji. Rola radnych w praktyce zosta\u0142a wyra\u017anie ograniczona, w wielu miejscowo\u015bciach sprowadza si\u0119 za\u015b jedynie do funkcji fasadowych. Tymczasem zadaniem radnych powinno by\u0107 reprezentowanie interes\u00f3w wszystkich mieszka\u0144c\u00f3w (nie tylko tych, kt\u00f3rzy na nich g\u0142osowali) oraz kontrolowanie dzia\u0142a\u0144 w\u0142adz wykonawczych, dla wsp\u00f3lnego dobra.<\/p>\n<p align=\"justify\">Nadszed\u0142 te\u017c czas na kolejny krok w kierunku szerokiego, bezpo\u015bredniego w\u0142\u0105czenia mieszka\u0144c\u00f3w do wsp\u00f3\u0142decydowania o losach gmin i podzielenie si\u0119 z nimi w\u0142adz\u0105.<\/p>\n<p align=\"justify\">Podczas tej sesji dyskutowali\u015bmy nad propozycjami zmian w zakresie wzmocnienia roli rady gminy i obywateli, przygotowane przez\u00a0Fundacj\u0119 Batorego wraz z innymi organizacjami oraz wypracowywali\u015bmy rekomendacje do nich. Z postulatami mo\u017cna si\u0119 zapozna\u0107 <a href=\"http:\/\/www.maszglos.pl\/2015\/04\/demokratyzacja-samorzadu-postulaty\/\" target=\"_blank\">tutaj<\/a>.<\/p>\n<p align=\"justify\"><a href=\"http:\/\/partycypacjaobywatelska.pl\/forum-2015\/program\/\">Powr\u00f3t do programu Forum<\/a><\/p>\n<div id='gallery-1' class='gallery galleryid-766 gallery-columns-3 gallery-size-thumbnail'><dl class='gallery-item'>\n\t\t\t<dt class='gallery-icon landscape'>\n\t\t\t\t<a href='https:\/\/partycypacjaobywatelska.pl\/forum-2015\/obywatelski-samorzad\/_j2a0079-3\/'><img width=\"150\" height=\"150\" src=\"https:\/\/partycypacjaobywatelska.pl\/forum-2015\/wp-content\/uploads\/sites\/3\/2015\/05\/J2A0079-3-150x150.jpg\" class=\"attachment-thumbnail size-thumbnail\" alt=\"\" loading=\"lazy\" \/><\/a>\n\t\t\t<\/dt><\/dl>\n\t\t\t<br style='clear: both' \/>\n\t\t<\/div>\n\n<p align=\"justify\">\u00a0<a href=\"http:\/\/www.batory.org.pl\/\" target=\"_blank\"><img loading=\"lazy\" class=\"  wp-image-98 alignnone\" src=\"http:\/\/partycypacjaobywatelska.pl\/forum-2015\/wp-content\/uploads\/sites\/3\/2015\/04\/fsb-logo-800x600.png\" alt=\"fsb-logo-800x600\" width=\"188\" height=\"141\" srcset=\"https:\/\/partycypacjaobywatelska.pl\/forum-2015\/wp-content\/uploads\/sites\/3\/2015\/04\/fsb-logo-800x600.png 800w, https:\/\/partycypacjaobywatelska.pl\/forum-2015\/wp-content\/uploads\/sites\/3\/2015\/04\/fsb-logo-800x600-300x225.png 300w, https:\/\/partycypacjaobywatelska.pl\/forum-2015\/wp-content\/uploads\/sites\/3\/2015\/04\/fsb-logo-800x600-177x132.png 177w\" sizes=\"(max-width: 188px) 100vw, 188px\" \/><\/a><a href=\"http:\/\/uml.lodz.pl\/samorzad\/konsultacje_spoleczne\" target=\"_blank\"><img loading=\"lazy\" class=\"  wp-image-773 alignnone\" src=\"http:\/\/partycypacjaobywatelska.pl\/forum-2015\/wp-content\/uploads\/sites\/3\/2015\/05\/logo_wer_horyzont_zhaslem_pl_kolor_rgb.jpg\" alt=\"logo_wer_horyzont_zhaslem_pl_kolor\" width=\"231\" height=\"163\" srcset=\"https:\/\/partycypacjaobywatelska.pl\/forum-2015\/wp-content\/uploads\/sites\/3\/2015\/05\/logo_wer_horyzont_zhaslem_pl_kolor_rgb.jpg 842w, https:\/\/partycypacjaobywatelska.pl\/forum-2015\/wp-content\/uploads\/sites\/3\/2015\/05\/logo_wer_horyzont_zhaslem_pl_kolor_rgb-300x212.jpg 300w, https:\/\/partycypacjaobywatelska.pl\/forum-2015\/wp-content\/uploads\/sites\/3\/2015\/05\/logo_wer_horyzont_zhaslem_pl_kolor_rgb-177x125.jpg 177w\" sizes=\"(max-width: 231px) 100vw, 231px\" \/><\/a><\/p>\n","protected":false},"excerpt":{"rendered":"<p>Prowadz\u0105cy: Dariusz Kraszewski, Fundacja im. Stefana Batorego \u0141ukasz Prykowski, Urz\u0105d Miasta \u0141odzi &gt;&gt; Termin: 2 dzie\u0144 (29 maja, pi\u0105tek), godz. 12:45-14:15 Miejsce: II pi\u0119tro, strefa J Formu\u0142a sesji: sesja dyskusyjna &nbsp; Sesj\u0119 po\u015bwi\u0119cono dyskusji nad propozycjami zmian prawnych maj\u0105cych na celu wzmocnienie mo\u017cliwo\u015bci udzia\u0142u obywateli w procesach decyzyjnych oraz wzmocnienie pozycji rad gmin w relacjach [&hellip;]<\/p>\n","protected":false},"author":1,"featured_media":0,"parent":0,"menu_order":0,"comment_status":"open","ping_status":"open","template":"template-forum_praktykow.php","meta":[],"_links":{"self":[{"href":"https:\/\/partycypacjaobywatelska.pl\/forum-2015\/wp-json\/wp\/v2\/pages\/766"}],"collection":[{"href":"https:\/\/partycypacjaobywatelska.pl\/forum-2015\/wp-json\/wp\/v2\/pages"}],"about":[{"href":"https:\/\/partycypacjaobywatelska.pl\/forum-2015\/wp-json\/wp\/v2\/types\/page"}],"author":[{"embeddable":true,"href":"https:\/\/partycypacjaobywatelska.pl\/forum-2015\/wp-json\/wp\/v2\/users\/1"}],"replies":[{"embeddable":true,"href":"https:\/\/partycypacjaobywatelska.pl\/forum-2015\/wp-json\/wp\/v2\/comments?post=766"}],"version-history":[{"count":4,"href":"https:\/\/partycypacjaobywatelska.pl\/forum-2015\/wp-json\/wp\/v2\/pages\/766\/revisions"}],"predecessor-version":[{"id":1682,"href":"https:\/\/partycypacjaobywatelska.pl\/forum-2015\/wp-json\/wp\/v2\/pages\/766\/revisions\/1682"}],"wp:attachment":[{"href":"https:\/\/partycypacjaobywatelska.pl\/forum-2015\/wp-json\/wp\/v2\/media?parent=766"}],"curies":[{"name":"wp","href":"https:\/\/api.w.org\/{rel}","templated":true}]}}