{"id":754,"date":"2015-05-13T13:35:18","date_gmt":"2015-05-13T13:35:18","guid":{"rendered":"http:\/\/partycypacjaobywatelska.pl\/forum-2015\/?page_id=754"},"modified":"2015-06-17T22:28:19","modified_gmt":"2015-06-17T22:28:19","slug":"czy-mozliwe-jest-tworzenie-lokalnych-polityk-publicznych-z-mieszkancami","status":"publish","type":"page","link":"https:\/\/partycypacjaobywatelska.pl\/forum-2015\/czy-mozliwe-jest-tworzenie-lokalnych-polityk-publicznych-z-mieszkancami\/","title":{"rendered":"Czy mo\u017cliwe jest tworzenie lokalnych polityk publicznych z mieszka\u0144cami?"},"content":{"rendered":"<p><span style=\"color: #808080\">Prowadz\u0105cy:<\/span><\/p>\n<p>Oktawiusz Chrzanowski, Fundacja Inicjatyw Spo\u0142eczno-Ekonomicznych <a href=\"http:\/\/partycypacjaobywatelska.pl\/praktycy\/praktycy\/oktawiusz-chrzanowski\/\" target=\"_blank\">&gt;&gt;<\/a><br \/>\nPrzemys\u0142aw Dziewitek, Stowarzyszenie Pracownia Obywatelska <a href=\"http:\/\/partycypacjaobywatelska.pl\/praktycy\/praktycy\/przemek-dziewitek\/\" target=\"_blank\">&gt;&gt;<\/a><\/p>\n<p><span style=\"color: #808080\">Termin:<\/span> 1 dzie\u0144 (28 maja, czwartek), godz. 15:45-17:45<\/p>\n<p><span style=\"color: #808080\">Miejsce:<\/span> II pi\u0119tro, strefa J<\/p>\n<p><span style=\"color: #808080\">Formu\u0142a sesji: <span style=\"color: #339966\">wymiana do\u015bwiadcze\u0144<\/span><br \/>\n<\/span><\/p>\n<p>&nbsp;<\/p>\n<p>W czasie sesji przyjrzeli\u015bmy si\u0119 dw\u00f3m przypadkom w\u0142\u0105czenia mieszka\u0144c\u00f3w w tworzenie polityk publicznych. Najpierw pos\u0142uchali\u015bmy o do\u015bwiadczeniach krakowskich i pr\u00f3bie uspo\u0142ecznienia prac nad tamtejsz\u0105 strategi\u0105 rozwoju miasta. A nast\u0119pnie, wraz z Iwon\u0105 Chrapkowsk\u0105 ze s\u0142upskiego urz\u0119du miasta, zastanawiali\u015bmy si\u0119 nad obecnie opracowywanym planem w\u0142\u0105czenia mieszka\u0144c\u00f3w w tworzenie s\u0142upskiej strategii rozwoju miasta.<\/p>\n<p>Dlaczego strategie rozwoju? To jeden z bardziej skomplikowanych i zawsze aktualnych temat\u00f3w przekrojowych polityk publicznych. Mog\u0105 i powinny odnosi\u0107 si\u0119 i wsp\u00f3\u0142gra\u0107 z innymi tematycznymi planami, programami i wizjami rozwoju (dotycz\u0105cymi np. rewitalizacji, edukacji, kultury). Jak skutecznie w\u0142\u0105czy\u0107 mieszka\u0144c\u00f3w w prac\u0119 nad tak skomplikowan\u0105 materi\u0105? O czym nie zapomnie\u0107?<\/p>\n<p>W czasie sesji stawiali\u015bmy na wymian\u0119 opinii i do\u015bwiadcze\u0144 na bazie poruszonych przyk\u0142ad\u00f3w. Zach\u0119cali\u015bmy do dzielenia si\u0119 swoimi refleksjami na temat tworzenia wraz z mieszka\u0144cami (i szerzej stron\u0105 spo\u0142eczn\u0105) za\u0142o\u017ce\u0144 i narz\u0119dzi rozwoju spo\u0142eczno\u015bci lokalnej.<\/p>\n<p><a href=\"http:\/\/partycypacjaobywatelska.pl\/forum-2015\/program\/\">Powr\u00f3t do programu Forum<\/a><\/p>\n<div id='gallery-1' class='gallery galleryid-754 gallery-columns-3 gallery-size-thumbnail'><dl class='gallery-item'>\n\t\t\t<dt class='gallery-icon landscape'>\n\t\t\t\t<a href='https:\/\/partycypacjaobywatelska.pl\/forum-2015\/czy-mozliwe-jest-tworzenie-lokalnych-polityk-publicznych-z-mieszkancami\/_j2a0046\/'><img width=\"150\" height=\"150\" src=\"https:\/\/partycypacjaobywatelska.pl\/forum-2015\/wp-content\/uploads\/sites\/3\/2015\/05\/J2A0046-150x150.jpg\" class=\"attachment-thumbnail size-thumbnail\" alt=\"\" loading=\"lazy\" \/><\/a>\n\t\t\t<\/dt><\/dl><dl class='gallery-item'>\n\t\t\t<dt class='gallery-icon landscape'>\n\t\t\t\t<a href='https:\/\/partycypacjaobywatelska.pl\/forum-2015\/czy-mozliwe-jest-tworzenie-lokalnych-polityk-publicznych-z-mieszkancami\/_j2a0071-2\/'><img width=\"150\" height=\"150\" src=\"https:\/\/partycypacjaobywatelska.pl\/forum-2015\/wp-content\/uploads\/sites\/3\/2015\/05\/J2A0071-150x150.jpg\" class=\"attachment-thumbnail size-thumbnail\" alt=\"\" loading=\"lazy\" \/><\/a>\n\t\t\t<\/dt><\/dl><dl class='gallery-item'>\n\t\t\t<dt class='gallery-icon landscape'>\n\t\t\t\t<a href='https:\/\/partycypacjaobywatelska.pl\/forum-2015\/czy-mozliwe-jest-tworzenie-lokalnych-polityk-publicznych-z-mieszkancami\/_j2a0059\/'><img width=\"150\" height=\"150\" src=\"https:\/\/partycypacjaobywatelska.pl\/forum-2015\/wp-content\/uploads\/sites\/3\/2015\/05\/J2A0059-150x150.jpg\" class=\"attachment-thumbnail size-thumbnail\" alt=\"\" loading=\"lazy\" \/><\/a>\n\t\t\t<\/dt><\/dl><br style=\"clear: both\" \/><dl class='gallery-item'>\n\t\t\t<dt class='gallery-icon landscape'>\n\t\t\t\t<a href='https:\/\/partycypacjaobywatelska.pl\/forum-2015\/czy-mozliwe-jest-tworzenie-lokalnych-polityk-publicznych-z-mieszkancami\/_j2a0080\/'><img width=\"150\" height=\"150\" src=\"https:\/\/partycypacjaobywatelska.pl\/forum-2015\/wp-content\/uploads\/sites\/3\/2015\/05\/J2A0080-150x150.jpg\" class=\"attachment-thumbnail size-thumbnail\" alt=\"\" loading=\"lazy\" \/><\/a>\n\t\t\t<\/dt><\/dl><dl class='gallery-item'>\n\t\t\t<dt class='gallery-icon landscape'>\n\t\t\t\t<a href='https:\/\/partycypacjaobywatelska.pl\/forum-2015\/czy-mozliwe-jest-tworzenie-lokalnych-polityk-publicznych-z-mieszkancami\/_j2a0087\/'><img width=\"150\" height=\"150\" src=\"https:\/\/partycypacjaobywatelska.pl\/forum-2015\/wp-content\/uploads\/sites\/3\/2015\/05\/J2A0087-150x150.jpg\" class=\"attachment-thumbnail size-thumbnail\" alt=\"\" loading=\"lazy\" \/><\/a>\n\t\t\t<\/dt><\/dl>\n\t\t\t<br style='clear: both' \/>\n\t\t<\/div>\n\n<p>=<\/p>\n<p><span style=\"color: #ffffff\">.<\/span><\/p>\n<p><span style=\"color: #808080\"><strong>Materia\u0142y, z kt\u00f3rymi warto si\u0119 zapozna\u0107:<br \/>\n<\/strong><\/span><\/p>\n<p>\u201e<a href=\"http:\/\/oddiagnozy.pl\/\" target=\"_blank\">Od diagnozy do strategii. Partycypacyjne planowanie us\u0142ug publicznych w samorz\u0105dach lokalnych<\/a>\u201d<\/p>\n<p>&#8222;<a href=\"http:\/\/dobrepraktyki.decydujmyrazem.pl\/x\/928589\" target=\"_blank\">Zarz\u0105dzanie partycypacyjne w gminie Figaro<\/a>&#8221;\u00a0 &#8211; czyli o harmonijnym i kompleksowym spojrzeniu na polityki publiczne wypracowywanym regularnie z mieszka\u0144cami.<\/p>\n<p><a href=\"https:\/\/docs.google.com\/document\/d\/1YqqNh5R84l0M9okde22hN7ZulSu8Y0lpo5f1T0KOL90\/edit?usp=sharing\" target=\"_blank\">Notatka z sesji<\/a> autorstwa Agnieszki Duszy\u0144skiej z Pracowni Bada\u0144 i Innowacji Spo\u0142ecznych &#8222;Stocznia&#8221;<\/p>\n<p>&nbsp;<\/p>\n<p><a href=\"http:\/\/pracowniaobywatelska.pl\/\" target=\"_blank\"><img loading=\"lazy\" class=\" size-full wp-image-732 alignnone\" src=\"http:\/\/partycypacjaobywatelska.pl\/forum-2015\/wp-content\/uploads\/sites\/3\/2015\/05\/logo-Pracowni-Obywatelskiej.jpg\" alt=\"logo Pracowni Obywatelskiej\" width=\"230\" height=\"90\" srcset=\"https:\/\/partycypacjaobywatelska.pl\/forum-2015\/wp-content\/uploads\/sites\/3\/2015\/05\/logo-Pracowni-Obywatelskiej.jpg 230w, https:\/\/partycypacjaobywatelska.pl\/forum-2015\/wp-content\/uploads\/sites\/3\/2015\/05\/logo-Pracowni-Obywatelskiej-177x69.jpg 177w\" sizes=\"(max-width: 230px) 100vw, 230px\" \/><\/a> <a href=\"http:\/\/www.fise.org.pl\/\" target=\"_blank\"><img loading=\"lazy\" class=\"  wp-image-563 alignnone\" src=\"http:\/\/partycypacjaobywatelska.pl\/forum-2015\/wp-content\/uploads\/sites\/3\/2015\/05\/Zrzut-ekranu-2015-05-12-godz.-10.07.13.png\" alt=\"Zrzut ekranu 2015-05-12 (godz. 10.07.13)\" width=\"417\" height=\"90\" srcset=\"https:\/\/partycypacjaobywatelska.pl\/forum-2015\/wp-content\/uploads\/sites\/3\/2015\/05\/Zrzut-ekranu-2015-05-12-godz.-10.07.13.png 511w, https:\/\/partycypacjaobywatelska.pl\/forum-2015\/wp-content\/uploads\/sites\/3\/2015\/05\/Zrzut-ekranu-2015-05-12-godz.-10.07.13-300x65.png 300w, https:\/\/partycypacjaobywatelska.pl\/forum-2015\/wp-content\/uploads\/sites\/3\/2015\/05\/Zrzut-ekranu-2015-05-12-godz.-10.07.13-177x38.png 177w\" sizes=\"(max-width: 417px) 100vw, 417px\" \/><\/a><\/p>\n","protected":false},"excerpt":{"rendered":"<p>Prowadz\u0105cy: Oktawiusz Chrzanowski, Fundacja Inicjatyw Spo\u0142eczno-Ekonomicznych &gt;&gt; Przemys\u0142aw Dziewitek, Stowarzyszenie Pracownia Obywatelska &gt;&gt; Termin: 1 dzie\u0144 (28 maja, czwartek), godz. 15:45-17:45 Miejsce: II pi\u0119tro, strefa J Formu\u0142a sesji: wymiana do\u015bwiadcze\u0144 &nbsp; W czasie sesji przyjrzeli\u015bmy si\u0119 dw\u00f3m przypadkom w\u0142\u0105czenia mieszka\u0144c\u00f3w w tworzenie polityk publicznych. Najpierw pos\u0142uchali\u015bmy o do\u015bwiadczeniach krakowskich i pr\u00f3bie uspo\u0142ecznienia prac nad tamtejsz\u0105 [&hellip;]<\/p>\n","protected":false},"author":1,"featured_media":0,"parent":0,"menu_order":0,"comment_status":"open","ping_status":"open","template":"template-forum_praktykow.php","meta":[],"_links":{"self":[{"href":"https:\/\/partycypacjaobywatelska.pl\/forum-2015\/wp-json\/wp\/v2\/pages\/754"}],"collection":[{"href":"https:\/\/partycypacjaobywatelska.pl\/forum-2015\/wp-json\/wp\/v2\/pages"}],"about":[{"href":"https:\/\/partycypacjaobywatelska.pl\/forum-2015\/wp-json\/wp\/v2\/types\/page"}],"author":[{"embeddable":true,"href":"https:\/\/partycypacjaobywatelska.pl\/forum-2015\/wp-json\/wp\/v2\/users\/1"}],"replies":[{"embeddable":true,"href":"https:\/\/partycypacjaobywatelska.pl\/forum-2015\/wp-json\/wp\/v2\/comments?post=754"}],"version-history":[{"count":4,"href":"https:\/\/partycypacjaobywatelska.pl\/forum-2015\/wp-json\/wp\/v2\/pages\/754\/revisions"}],"predecessor-version":[{"id":1560,"href":"https:\/\/partycypacjaobywatelska.pl\/forum-2015\/wp-json\/wp\/v2\/pages\/754\/revisions\/1560"}],"wp:attachment":[{"href":"https:\/\/partycypacjaobywatelska.pl\/forum-2015\/wp-json\/wp\/v2\/media?parent=754"}],"curies":[{"name":"wp","href":"https:\/\/api.w.org\/{rel}","templated":true}]}}