{"id":720,"date":"2015-05-13T12:52:59","date_gmt":"2015-05-13T12:52:59","guid":{"rendered":"http:\/\/partycypacjaobywatelska.pl\/forum-2015\/?page_id=720"},"modified":"2015-06-17T22:08:33","modified_gmt":"2015-06-17T22:08:33","slug":"trolle-w-partycypacji-czy-na-pewno-wiemy-kto-to","status":"publish","type":"page","link":"https:\/\/partycypacjaobywatelska.pl\/forum-2015\/trolle-w-partycypacji-czy-na-pewno-wiemy-kto-to\/","title":{"rendered":"Trolle w partycypacji. Czy na pewno wiemy, kto to?"},"content":{"rendered":"<p><span style=\"color: #808080\">Prowadz\u0105cy:<\/span><\/p>\n<p>Przemys\u0142aw Dziewitek, Stowarzyszenie Pracownia Obywatelska <a href=\"http:\/\/partycypacjaobywatelska.pl\/praktycy\/praktycy\/przemek-dziewitek\/\" target=\"_blank\">&gt;&gt;<\/a><br \/>\nKrzysztof \u015alebioda, Pracownia Zr\u00f3wnowa\u017conego Rozwoju <a href=\"http:\/\/partycypacjaobywatelska.pl\/praktycy\/praktycy\/krzysztof-slebioda\/\" target=\"_blank\">&gt;&gt;<\/a><\/p>\n<p><span style=\"color: #808080\">Termin:<\/span> 1 dzie\u0144 (28 maja, czwartek), godz. 12:45-14:45<\/p>\n<p><span style=\"color: #808080\">Miejsce:<\/span> II pi\u0119tro, strefa J<\/p>\n<p><span style=\"color: #808080\">Formu\u0142a sesji:<\/span>\u00a0<span style=\"color: #008000\">wymiana do\u015bwiadcze\u0144<span style=\"color: #000000\"> z elementami sesji szkoleniowej\u00a0<\/span><br \/>\n<\/span><\/p>\n<p>&nbsp;<\/p>\n<p>Podczas sesji rozmawiali\u015bmy o trollach w partycypacji.<\/p>\n<p>Kim jest troll?<\/p>\n<p>Czy to ten \u201etyp\u201d mieszka\u0144ca\/mieszkanki, kt\u00f3ry na spotkaniu zawsze powie co\u015b zupe\u0142nie nie na temat lub w temacie, ale z pot\u0119\u017cn\u0105 agresj\u0105, chc\u0105c zaw\u0142adn\u0105\u0107 t\u0142umem i spotkaniem? Kto\u015b, kto przychodzi na ka\u017cde spotkanie, \u017ceby za\u0142atwi\u0107 tylko \u201eswoj\u0105\u201d spraw\u0119.<\/p>\n<p>A mo\u017ce trollem partycypacji jest radny, kt\u00f3ry przychodzi na spotkanie i m\u00f3wi \u201eto my si\u0119 powinni\u015bmy tym zajmowa\u0107, to my jeste\u015bmy od tego, \u017ceby rozmawia\u0107 z mieszka\u0144cami\u201d? A mo\u017ce trolle nosz\u0105 garnitury i krawaty, a na co dzie\u0144 ka\u017c\u0105 nazywa\u0107 si\u0119 burmistrzami lub prezydentami? Ci, co \u0142api\u0105 w swoje trolle pu\u0142apki ca\u0142e t\u0142umy ludzi zainteresowanych wsp\u00f3\u0142decydowaniem, \u017ceby ostatecznie zmieni\u0107 decyzj\u0119 lub wykona\u0107 zaledwie cz\u0119\u015b\u0107 wsp\u00f3lnego planu.<\/p>\n<p>Czy to mo\u017ce my &#8211; praktycy &#8211; jeste\u015bmy trollami partycypacji? Ci\u0105gle wciskaj\u0105c si\u0119 na place, skwery, osiedla, namawiaj\u0105c mieszka\u0144c\u00f3w i mieszkanki do decydowania jak powinny one wygl\u0105da\u0107, przekonuj\u0105c, \u017ce ten, kto si\u0119 nie interesuje to <em>idi\u014dtes<\/em> &#8211; cz\u0142owiek prywatny, zaj\u0119ty swoimi w\u0142asnymi sprawami, nieuczestnicz\u0105cy w \u017cyciu publicznym.<\/p>\n<p>W trakcie sesji okre\u015blili\u015bmy najpierw, kto jest trollem, a potem rozmawiali\u015bmy o tym, jak sobie z nimi \u00a0radzi\u0107, i jak sprawi\u0107, by byli u\u017cyteczni.<\/p>\n<p>Sesja sk\u0142ada\u0142a si\u0119 \u00a0z trzech cz\u0119\u015bci. Podczas pierwszej wymienili\u015bmy si\u0119 do\u015bwiadczeniami, druga by\u0142a przegl\u0105dem narz\u0119dzi u\u0142atwiaj\u0105cych prac\u0119 z \u201etrudnymi\u201d uczestnikami. Trzecia to praktyczny warsztat stosowania zakl\u0119\u0107 odczarowuj\u0105cych trolle.<\/p>\n<p>&nbsp;<\/p>\n<p><span style=\"color: #808080\"><strong>Materia\u0142y, z kt\u00f3rymi warto si\u0119 zapozna\u0107:<\/strong><\/span><\/p>\n<p><a href=\"https:\/\/docs.google.com\/document\/d\/1Epbcb7iJ7dt25GsXirszi2qST0g1fgoONczRn2ZSb2I\/edit?usp=sharing\" target=\"_blank\"><strong>Notatka z sesji<\/strong> <\/a>autorstwa \u0141ucji Krzy\u017canowskiej z Pracowni Bada\u0144 i Innowacji Spo\u0142ecznych &#8222;Stocznia&#8221;<\/p>\n<div id='gallery-1' class='gallery galleryid-720 gallery-columns-3 gallery-size-thumbnail'><dl class='gallery-item'>\n\t\t\t<dt class='gallery-icon landscape'>\n\t\t\t\t<a href='https:\/\/partycypacjaobywatelska.pl\/forum-2015\/trolle-w-partycypacji-czy-na-pewno-wiemy-kto-to\/_j2a9521\/'><img width=\"150\" height=\"150\" src=\"https:\/\/partycypacjaobywatelska.pl\/forum-2015\/wp-content\/uploads\/sites\/3\/2015\/05\/J2A9521-150x150.jpg\" class=\"attachment-thumbnail size-thumbnail\" alt=\"\" loading=\"lazy\" \/><\/a>\n\t\t\t<\/dt><\/dl><dl class='gallery-item'>\n\t\t\t<dt class='gallery-icon landscape'>\n\t\t\t\t<a href='https:\/\/partycypacjaobywatelska.pl\/forum-2015\/trolle-w-partycypacji-czy-na-pewno-wiemy-kto-to\/_j2a9475\/'><img width=\"150\" height=\"150\" src=\"https:\/\/partycypacjaobywatelska.pl\/forum-2015\/wp-content\/uploads\/sites\/3\/2015\/05\/J2A9475-150x150.jpg\" class=\"attachment-thumbnail size-thumbnail\" alt=\"\" loading=\"lazy\" \/><\/a>\n\t\t\t<\/dt><\/dl>\n\t\t\t<br style='clear: both' \/>\n\t\t<\/div>\n\n<p>&nbsp;<\/p>\n<p>&nbsp;<\/p>\n<p><a href=\"http:\/\/pracowniaobywatelska.pl\/\" target=\"_blank\"><img loading=\"lazy\" class=\"  wp-image-732 alignnone\" src=\"http:\/\/partycypacjaobywatelska.pl\/forum-2015\/wp-content\/uploads\/sites\/3\/2015\/05\/logo-Pracowni-Obywatelskiej.jpg\" alt=\"logo Pracowni Obywatelskiej\" width=\"258\" height=\"101\" srcset=\"https:\/\/partycypacjaobywatelska.pl\/forum-2015\/wp-content\/uploads\/sites\/3\/2015\/05\/logo-Pracowni-Obywatelskiej.jpg 230w, https:\/\/partycypacjaobywatelska.pl\/forum-2015\/wp-content\/uploads\/sites\/3\/2015\/05\/logo-Pracowni-Obywatelskiej-177x69.jpg 177w\" sizes=\"(max-width: 258px) 100vw, 258px\" \/><\/a><a href=\"http:\/\/www.pzr.org.pl\" target=\"_blank\"><img loading=\"lazy\" class=\"  wp-image-731 alignnone\" src=\"http:\/\/partycypacjaobywatelska.pl\/forum-2015\/wp-content\/uploads\/sites\/3\/2015\/05\/logo-PZR.jpg\" alt=\"logo PZR\" width=\"330\" height=\"102\" srcset=\"https:\/\/partycypacjaobywatelska.pl\/forum-2015\/wp-content\/uploads\/sites\/3\/2015\/05\/logo-PZR.jpg 403w, https:\/\/partycypacjaobywatelska.pl\/forum-2015\/wp-content\/uploads\/sites\/3\/2015\/05\/logo-PZR-300x93.jpg 300w, https:\/\/partycypacjaobywatelska.pl\/forum-2015\/wp-content\/uploads\/sites\/3\/2015\/05\/logo-PZR-177x55.jpg 177w\" sizes=\"(max-width: 330px) 100vw, 330px\" \/><\/a><\/p>\n<p><a href=\"http:\/\/partycypacjaobywatelska.pl\/forum-2015\/program\/\">Powr\u00f3t do programu Forum<\/a><\/p>\n<p>&nbsp;<\/p>\n","protected":false},"excerpt":{"rendered":"<p>Prowadz\u0105cy: Przemys\u0142aw Dziewitek, Stowarzyszenie Pracownia Obywatelska &gt;&gt; Krzysztof \u015alebioda, Pracownia Zr\u00f3wnowa\u017conego Rozwoju &gt;&gt; Termin: 1 dzie\u0144 (28 maja, czwartek), godz. 12:45-14:45 Miejsce: II pi\u0119tro, strefa J Formu\u0142a sesji:\u00a0wymiana do\u015bwiadcze\u0144 z elementami sesji szkoleniowej\u00a0 &nbsp; Podczas sesji rozmawiali\u015bmy o trollach w partycypacji. Kim jest troll? Czy to ten \u201etyp\u201d mieszka\u0144ca\/mieszkanki, kt\u00f3ry na spotkaniu zawsze powie co\u015b [&hellip;]<\/p>\n","protected":false},"author":1,"featured_media":0,"parent":0,"menu_order":0,"comment_status":"open","ping_status":"open","template":"template-forum_praktykow.php","meta":[],"_links":{"self":[{"href":"https:\/\/partycypacjaobywatelska.pl\/forum-2015\/wp-json\/wp\/v2\/pages\/720"}],"collection":[{"href":"https:\/\/partycypacjaobywatelska.pl\/forum-2015\/wp-json\/wp\/v2\/pages"}],"about":[{"href":"https:\/\/partycypacjaobywatelska.pl\/forum-2015\/wp-json\/wp\/v2\/types\/page"}],"author":[{"embeddable":true,"href":"https:\/\/partycypacjaobywatelska.pl\/forum-2015\/wp-json\/wp\/v2\/users\/1"}],"replies":[{"embeddable":true,"href":"https:\/\/partycypacjaobywatelska.pl\/forum-2015\/wp-json\/wp\/v2\/comments?post=720"}],"version-history":[{"count":4,"href":"https:\/\/partycypacjaobywatelska.pl\/forum-2015\/wp-json\/wp\/v2\/pages\/720\/revisions"}],"predecessor-version":[{"id":1018,"href":"https:\/\/partycypacjaobywatelska.pl\/forum-2015\/wp-json\/wp\/v2\/pages\/720\/revisions\/1018"}],"wp:attachment":[{"href":"https:\/\/partycypacjaobywatelska.pl\/forum-2015\/wp-json\/wp\/v2\/media?parent=720"}],"curies":[{"name":"wp","href":"https:\/\/api.w.org\/{rel}","templated":true}]}}