{"id":705,"date":"2015-05-13T12:16:47","date_gmt":"2015-05-13T12:16:47","guid":{"rendered":"http:\/\/partycypacjaobywatelska.pl\/forum-2015\/?page_id=705"},"modified":"2015-06-17T22:01:37","modified_gmt":"2015-06-17T22:01:37","slug":"jak-zaplanowac-i-zaprojektowac-wspolna-przestrzen","status":"publish","type":"page","link":"https:\/\/partycypacjaobywatelska.pl\/forum-2015\/jak-zaplanowac-i-zaprojektowac-wspolna-przestrzen\/","title":{"rendered":"Jak zaplanowa\u0107 i zaprojektowa\u0107 wsp\u00f3ln\u0105 przestrze\u0144?"},"content":{"rendered":"<p><span style=\"color: #808080\">Prowadz\u0105cy:<\/span><\/p>\n<p>Ludwika Ignatowicz, Stowarzyszenie Odblokuj <a href=\"http:\/\/partycypacjaobywatelska.pl\/praktycy\/praktycy\/ludwika-ignatowicz\/\" target=\"_blank\">&gt;&gt;<\/a><br \/>\nPawe\u0142 Jaworski, Fundacja Napraw Sobie Miasto<br \/>\nMarcin Bazylak, Urz\u0105d Miejski w D\u0105browie G\u00f3rniczej <a href=\"http:\/\/partycypacjaobywatelska.pl\/praktycy\/praktycy\/marcin-bazylak\/\" target=\"_blank\">&gt;&gt;<\/a><\/p>\n<p><span style=\"color: #808080\">Termin:<\/span> 1 dzie\u0144 (28 maja, czwartek), godz. 12:45-14:45<\/p>\n<p><span style=\"color: #808080\">Miejsce:<\/span> II pi\u0119tro, strefa H<\/p>\n<p><span style=\"color: #808080\">Formu\u0142a sesji:<\/span>\u00a0<span style=\"color: #008000\">wymiana do\u015bwiadcze\u0144<\/span><\/p>\n<p>&nbsp;<\/p>\n<p>W trakcie sesji poruszyli\u015bmy dwa problemy: dialogu spo\u0142ecznego w planowaniu przestrzennym oraz projektowania urbanistycznego anga\u017cuj\u0105cego mieszka\u0144c\u00f3w i u\u017cytkownik\u00f3w.<\/p>\n<p>Rozmawiali\u015bmy o narz\u0119dziach oraz technikach w\u0142\u0105czania mieszka\u0144c\u00f3w i innych interesariuszy w proces przygotowania ram prawnych rozwoju przestrzennego w skali dzielnicy i so\u0142ectwa (opowiedzieli o tym przedstawiciele Stowarzyszenia Odblokuj oraz Fundacji Wspomagana Wsi), a tak\u017ce konsultowania zmian dotycz\u0105cych przestrzeni publicznych (o tym z kolei by\u0142a prezentacja Fundacji Napraw Sobie Miasto).<\/p>\n<p>W czasie sesji zderzyli\u015bmy ze sob\u0105 wiedz\u0119 i do\u015bwiadczenie moderator\u00f3w, projektant\u00f3w oraz urz\u0119dnik\u00f3w, kt\u00f3rzy wsp\u00f3lnie przygotowuj\u0105 i prowadz\u0105 takie procesy. Dyskutowali\u015bmy o tym, jak podnie\u015b\u0107 jako\u015b\u0107 tych dzia\u0142a\u0144 i zapewni\u0107 faktyczny udzia\u0142 os\u00f3b, kt\u00f3rych dotycz\u0105 zmiany w przestrzeni miasta lub wsi.<\/p>\n<p>Sesja s\u0142u\u017cy\u0142a przede wszystkim wymianie do\u015bwiadcze\u0144. Punktem wyj\u015bcia b\u0119dy kr\u00f3tkie prezentacje dotycz\u0105ce dzia\u0142a\u0144 w miastach du\u017cych, \u015bredniej wielko\u015bci, ale tak\u017ce w so\u0142ectwach.<\/p>\n<p><a href=\"http:\/\/partycypacjaobywatelska.pl\/forum-2015\/program\/\">Powr\u00f3t do programu Forum<\/a><\/p>\n<div id='gallery-1' class='gallery galleryid-705 gallery-columns-3 gallery-size-thumbnail'><dl class='gallery-item'>\n\t\t\t<dt class='gallery-icon landscape'>\n\t\t\t\t<a href='https:\/\/partycypacjaobywatelska.pl\/forum-2015\/jak-zaplanowac-i-zaprojektowac-wspolna-przestrzen\/_j2a9453-2\/'><img width=\"150\" height=\"150\" src=\"https:\/\/partycypacjaobywatelska.pl\/forum-2015\/wp-content\/uploads\/sites\/3\/2015\/05\/J2A9453-150x150.jpg\" class=\"attachment-thumbnail size-thumbnail\" alt=\"\" loading=\"lazy\" \/><\/a>\n\t\t\t<\/dt><\/dl>\n\t\t\t<br style='clear: both' \/>\n\t\t<\/div>\n\n<p>&nbsp;<\/p>\n<p><strong>Materia\u0142y, z kt\u00f3rymi warto si\u0119 zapozna\u0107:<\/strong><\/p>\n<p><a href=\"https:\/\/docs.google.com\/document\/d\/1IQl-8v5cG2gcpQf1CTEi4ucN4bKgHF3t7x1P7h47wKY\/edit?usp=sharing\" target=\"_blank\"><strong>Notatka z sesji<\/strong> <\/a>autorstwa Mateusza Olechowskiego z Pracowni Bada\u0144 i Innowacji Spo\u0142ecznych \u201eStocznia\u201d<\/p>\n<p><a href=\"http:\/\/www.odblokuj.org\/\" target=\"_blank\"><img loading=\"lazy\" class=\"  wp-image-709 alignnone\" src=\"http:\/\/partycypacjaobywatelska.pl\/forum-2015\/wp-content\/uploads\/sites\/3\/2015\/05\/odblokuj_logo.jpg\" alt=\"odblokuj_logo\" width=\"143\" height=\"143\" srcset=\"https:\/\/partycypacjaobywatelska.pl\/forum-2015\/wp-content\/uploads\/sites\/3\/2015\/05\/odblokuj_logo.jpg 225w, https:\/\/partycypacjaobywatelska.pl\/forum-2015\/wp-content\/uploads\/sites\/3\/2015\/05\/odblokuj_logo-150x150.jpg 150w, https:\/\/partycypacjaobywatelska.pl\/forum-2015\/wp-content\/uploads\/sites\/3\/2015\/05\/odblokuj_logo-177x177.jpg 177w\" sizes=\"(max-width: 143px) 100vw, 143px\" \/><\/a> <a href=\"http:\/\/naprawsobiemiasto.eu\/\" target=\"_blank\"><img loading=\"lazy\" class=\"  wp-image-710 alignnone\" src=\"http:\/\/partycypacjaobywatelska.pl\/forum-2015\/wp-content\/uploads\/sites\/3\/2015\/05\/napraw-sobie-miasto-347x347.jpg\" alt=\"napraw-sobie-miasto-347x347\" width=\"144\" height=\"144\" srcset=\"https:\/\/partycypacjaobywatelska.pl\/forum-2015\/wp-content\/uploads\/sites\/3\/2015\/05\/napraw-sobie-miasto-347x347.jpg 347w, https:\/\/partycypacjaobywatelska.pl\/forum-2015\/wp-content\/uploads\/sites\/3\/2015\/05\/napraw-sobie-miasto-347x347-150x150.jpg 150w, https:\/\/partycypacjaobywatelska.pl\/forum-2015\/wp-content\/uploads\/sites\/3\/2015\/05\/napraw-sobie-miasto-347x347-300x300.jpg 300w, https:\/\/partycypacjaobywatelska.pl\/forum-2015\/wp-content\/uploads\/sites\/3\/2015\/05\/napraw-sobie-miasto-347x347-177x177.jpg 177w\" sizes=\"(max-width: 144px) 100vw, 144px\" \/><\/a> <a href=\"http:\/\/konsultacje.idabrowa.pl\" target=\"_blank\"><img loading=\"lazy\" class=\"  wp-image-711 alignnone\" src=\"http:\/\/partycypacjaobywatelska.pl\/forum-2015\/wp-content\/uploads\/sites\/3\/2015\/05\/da\u0328browa-go\u0301rnicza_logo.jpg\" alt=\"da\u0328browa go\u0301rnicza_logo\" width=\"144\" height=\"144\" srcset=\"https:\/\/partycypacjaobywatelska.pl\/forum-2015\/wp-content\/uploads\/sites\/3\/2015\/05\/da\u0328browa-go\u0301rnicza_logo.jpg 225w, https:\/\/partycypacjaobywatelska.pl\/forum-2015\/wp-content\/uploads\/sites\/3\/2015\/05\/da\u0328browa-go\u0301rnicza_logo-150x150.jpg 150w, https:\/\/partycypacjaobywatelska.pl\/forum-2015\/wp-content\/uploads\/sites\/3\/2015\/05\/da\u0328browa-go\u0301rnicza_logo-177x177.jpg 177w\" sizes=\"(max-width: 144px) 100vw, 144px\" \/><\/a><\/p>\n","protected":false},"excerpt":{"rendered":"<p>Prowadz\u0105cy: Ludwika Ignatowicz, Stowarzyszenie Odblokuj &gt;&gt; Pawe\u0142 Jaworski, Fundacja Napraw Sobie Miasto Marcin Bazylak, Urz\u0105d Miejski w D\u0105browie G\u00f3rniczej &gt;&gt; Termin: 1 dzie\u0144 (28 maja, czwartek), godz. 12:45-14:45 Miejsce: II pi\u0119tro, strefa H Formu\u0142a sesji:\u00a0wymiana do\u015bwiadcze\u0144 &nbsp; W trakcie sesji poruszyli\u015bmy dwa problemy: dialogu spo\u0142ecznego w planowaniu przestrzennym oraz projektowania urbanistycznego anga\u017cuj\u0105cego mieszka\u0144c\u00f3w i u\u017cytkownik\u00f3w. [&hellip;]<\/p>\n","protected":false},"author":1,"featured_media":0,"parent":0,"menu_order":0,"comment_status":"open","ping_status":"open","template":"template-forum_praktykow.php","meta":[],"_links":{"self":[{"href":"https:\/\/partycypacjaobywatelska.pl\/forum-2015\/wp-json\/wp\/v2\/pages\/705"}],"collection":[{"href":"https:\/\/partycypacjaobywatelska.pl\/forum-2015\/wp-json\/wp\/v2\/pages"}],"about":[{"href":"https:\/\/partycypacjaobywatelska.pl\/forum-2015\/wp-json\/wp\/v2\/types\/page"}],"author":[{"embeddable":true,"href":"https:\/\/partycypacjaobywatelska.pl\/forum-2015\/wp-json\/wp\/v2\/users\/1"}],"replies":[{"embeddable":true,"href":"https:\/\/partycypacjaobywatelska.pl\/forum-2015\/wp-json\/wp\/v2\/comments?post=705"}],"version-history":[{"count":5,"href":"https:\/\/partycypacjaobywatelska.pl\/forum-2015\/wp-json\/wp\/v2\/pages\/705\/revisions"}],"predecessor-version":[{"id":1643,"href":"https:\/\/partycypacjaobywatelska.pl\/forum-2015\/wp-json\/wp\/v2\/pages\/705\/revisions\/1643"}],"wp:attachment":[{"href":"https:\/\/partycypacjaobywatelska.pl\/forum-2015\/wp-json\/wp\/v2\/media?parent=705"}],"curies":[{"name":"wp","href":"https:\/\/api.w.org\/{rel}","templated":true}]}}