{"id":677,"date":"2015-05-13T09:30:29","date_gmt":"2015-05-13T09:30:29","guid":{"rendered":"http:\/\/partycypacjaobywatelska.pl\/forum-2015\/?page_id=677"},"modified":"2015-06-17T22:36:32","modified_gmt":"2015-06-17T22:36:32","slug":"partycypacja-w-spoldzielniach-mieszkaniowych","status":"publish","type":"page","link":"https:\/\/partycypacjaobywatelska.pl\/forum-2015\/partycypacja-w-spoldzielniach-mieszkaniowych\/","title":{"rendered":"Partycypacja w sp\u00f3\u0142dzielniach mieszkaniowych"},"content":{"rendered":"<p><span style=\"color: #808080\">Prowadz\u0105cy:<\/span><\/p>\n<p>Marta Ostrowska, Fundacja Pole Dialogu<br \/>\n\u0141ukasz Ostrowski, Pracownia Bada\u0144 i Innowacji Spo\u0142ecznych &#8222;Stocznia&#8221;, cz\u0142onek rady osiedla WSM \u017boliborz III<\/p>\n<p><span style=\"color: #808080\">Termin:<\/span> 1 dzie\u0144 (28 maja, czwartek), godz. 15:45-17:45<\/p>\n<p><span style=\"color: #808080\">Miejsce:<\/span> III pi\u0119tro, strefa F<\/p>\n<p><span style=\"color: #808080\">Formu\u0142a sesji:<\/span>\u00a0<span style=\"color: #008000\">wymiana do\u015bwiadcze\u0144<\/span><\/p>\n<p>&nbsp;<\/p>\n<p>Na sesj\u0119 zaprosili\u015bmy osoby, kt\u00f3re chc\u0105 podj\u0105\u0107 temat partycypacji w kontek\u015bcie innym ni\u017c administracja publiczna (samorz\u0105d, instytucje publiczne). W kontek\u015bcie, w kt\u00f3rym prawo do uczestniczenia w podejmowaniu decyzji nie wynika z\u00a0bycia obywatelem, ale z\u00a0bycia cz\u0142onkiem sp\u00f3\u0142dzielni mieszkaniowej.<\/p>\n<p>Zapraszali\u015bmy zainteresowanych \u2013 zar\u00f3wno tych, kt\u00f3rzy s\u0105 przekonani (lub przeczuwaj\u0105), \u017ce sp\u00f3\u0142dzielnie mieszkaniowe to przestrze\u0144 wo\u0142aj\u0105ca o wi\u0119cej partycypacji, ale te\u017c takich, kt\u00f3rzy maj\u0105 argumenty przeciwko.<\/p>\n<p>W szczeg\u00f3lno\u015bci zaprosili\u015bmy osoby, kt\u00f3re zetkn\u0119\u0142y si\u0119 ze sp\u00f3\u0142dzielczo\u015bci\u0105 mieszkaniow\u0105 \u2013 jako mieszka\u0144cy, cz\u0142onkowie, dzia\u0142acze lub cz\u0142onkowie w\u0142adz.<\/p>\n<p>W trakcie sesji pr\u00f3bowali\u015bmy zastanowi\u0107 si\u0119 nad pytaniami:<\/p>\n<p style=\"padding-left: 30px\">&#8211; czy sp\u00f3\u0142dzielnie mieszkaniowe potrzebuj\u0105 wi\u0119cej partycypacji mieszka\u0144c\u00f3w?<br \/>\n&#8211; jakie decyzje w sp\u00f3\u0142dzielniach mo\u017cna podejmowa\u0107 partycypacyjnie?<br \/>\n&#8211; jakie s\u0105 uwarunkowania partycypacji w sp\u00f3\u0142dzielni w por\u00f3wnaniu z\u00a0samorz\u0105dem?<br \/>\n&#8211; co w zwi\u0105zku z tym mo\u017cna robi\u0107 analogicznie a co trzeba wymy\u015bli\u0107 na nowo?<br \/>\n&#8211; co w tej sprawie mog\u0105 zrobi\u0107 praktycy partycypacji?<\/p>\n<p style=\"padding-left: 30px\"><a href=\"http:\/\/partycypacjaobywatelska.pl\/forum-2015\/program\/\">Powr\u00f3t do programu Forum<\/a><\/p>\n<div id='gallery-1' class='gallery galleryid-677 gallery-columns-3 gallery-size-thumbnail'><dl class='gallery-item'>\n\t\t\t<dt class='gallery-icon landscape'>\n\t\t\t\t<a href='https:\/\/partycypacjaobywatelska.pl\/forum-2015\/partycypacja-w-spoldzielniach-mieszkaniowych\/_j2a9973\/'><img width=\"150\" height=\"150\" src=\"https:\/\/partycypacjaobywatelska.pl\/forum-2015\/wp-content\/uploads\/sites\/3\/2015\/05\/J2A9973-150x150.jpg\" class=\"attachment-thumbnail size-thumbnail\" alt=\"\" loading=\"lazy\" \/><\/a>\n\t\t\t<\/dt><\/dl><dl class='gallery-item'>\n\t\t\t<dt class='gallery-icon landscape'>\n\t\t\t\t<a href='https:\/\/partycypacjaobywatelska.pl\/forum-2015\/partycypacja-w-spoldzielniach-mieszkaniowych\/_j2a9983-2\/'><img width=\"150\" height=\"150\" src=\"https:\/\/partycypacjaobywatelska.pl\/forum-2015\/wp-content\/uploads\/sites\/3\/2015\/05\/J2A9983-150x150.jpg\" class=\"attachment-thumbnail size-thumbnail\" alt=\"\" loading=\"lazy\" \/><\/a>\n\t\t\t<\/dt><\/dl>\n\t\t\t<br style='clear: both' \/>\n\t\t<\/div>\n\n<p><span style=\"color: #808080\"><strong>Materia\u0142y, z kt\u00f3rymi warto si\u0119 zapozna\u0107 przed lub po sesji:<\/strong><\/span><\/p>\n<p>Peisert Arkadiusz, \u201eSp\u00f3\u0142dzielnie mieszkaniowe: pomi\u0119dzy wsp\u00f3lnot\u0105 obywatelsk\u0105 a alienacj\u0105\u201c, Wydawnictwo Uniwersytetu Warszawskiego 2009.<\/p>\n<p>Peisert Arkadiusz, \u201eRuch \u201adysydencki\u2018 w sp\u00f3\u0142dzielniach mieszkaniowych \u2013 mi\u0119dzy dialogiem a konfliktem\u201c w: \u201eLokalny dialog obywatelski. Refleksje i do\u015bwiadczenia\u201c, red. B. Lewenstein i M. Dudkiewicz, Wydawnictwo Uniwersytetu Warszawskiego, Warszawa 2011.<\/p>\n<p><a href=\"http:\/\/www.poledialogu.org.pl\/\" target=\"_blank\"><img loading=\"lazy\" class=\"  wp-image-390 alignnone\" src=\"http:\/\/partycypacjaobywatelska.pl\/forum-2015\/wp-content\/uploads\/sites\/3\/2015\/05\/poledialogu.jpg\" alt=\"poledialogu\" width=\"143\" height=\"188\" srcset=\"https:\/\/partycypacjaobywatelska.pl\/forum-2015\/wp-content\/uploads\/sites\/3\/2015\/05\/poledialogu.jpg 495w, https:\/\/partycypacjaobywatelska.pl\/forum-2015\/wp-content\/uploads\/sites\/3\/2015\/05\/poledialogu-229x300.jpg 229w, https:\/\/partycypacjaobywatelska.pl\/forum-2015\/wp-content\/uploads\/sites\/3\/2015\/05\/poledialogu-177x232.jpg 177w\" sizes=\"(max-width: 143px) 100vw, 143px\" \/><\/a><a href=\"http:\/\/stocznia.org.pl\/\" target=\"_blank\"><img loading=\"lazy\" class=\"  wp-image-578 alignnone\" src=\"http:\/\/partycypacjaobywatelska.pl\/forum-2015\/wp-content\/uploads\/sites\/3\/2015\/05\/stocznia.jpg\" alt=\"stocznia\" width=\"189\" height=\"189\" srcset=\"https:\/\/partycypacjaobywatelska.pl\/forum-2015\/wp-content\/uploads\/sites\/3\/2015\/05\/stocznia.jpg 709w, https:\/\/partycypacjaobywatelska.pl\/forum-2015\/wp-content\/uploads\/sites\/3\/2015\/05\/stocznia-150x150.jpg 150w, https:\/\/partycypacjaobywatelska.pl\/forum-2015\/wp-content\/uploads\/sites\/3\/2015\/05\/stocznia-300x300.jpg 300w, https:\/\/partycypacjaobywatelska.pl\/forum-2015\/wp-content\/uploads\/sites\/3\/2015\/05\/stocznia-177x177.jpg 177w\" sizes=\"(max-width: 189px) 100vw, 189px\" \/><\/a><\/p>\n","protected":false},"excerpt":{"rendered":"<p>Prowadz\u0105cy: Marta Ostrowska, Fundacja Pole Dialogu \u0141ukasz Ostrowski, Pracownia Bada\u0144 i Innowacji Spo\u0142ecznych &#8222;Stocznia&#8221;, cz\u0142onek rady osiedla WSM \u017boliborz III Termin: 1 dzie\u0144 (28 maja, czwartek), godz. 15:45-17:45 Miejsce: III pi\u0119tro, strefa F Formu\u0142a sesji:\u00a0wymiana do\u015bwiadcze\u0144 &nbsp; Na sesj\u0119 zaprosili\u015bmy osoby, kt\u00f3re chc\u0105 podj\u0105\u0107 temat partycypacji w kontek\u015bcie innym ni\u017c administracja publiczna (samorz\u0105d, instytucje publiczne). [&hellip;]<\/p>\n","protected":false},"author":1,"featured_media":0,"parent":0,"menu_order":0,"comment_status":"open","ping_status":"open","template":"template-forum_praktykow.php","meta":[],"_links":{"self":[{"href":"https:\/\/partycypacjaobywatelska.pl\/forum-2015\/wp-json\/wp\/v2\/pages\/677"}],"collection":[{"href":"https:\/\/partycypacjaobywatelska.pl\/forum-2015\/wp-json\/wp\/v2\/pages"}],"about":[{"href":"https:\/\/partycypacjaobywatelska.pl\/forum-2015\/wp-json\/wp\/v2\/types\/page"}],"author":[{"embeddable":true,"href":"https:\/\/partycypacjaobywatelska.pl\/forum-2015\/wp-json\/wp\/v2\/users\/1"}],"replies":[{"embeddable":true,"href":"https:\/\/partycypacjaobywatelska.pl\/forum-2015\/wp-json\/wp\/v2\/comments?post=677"}],"version-history":[{"count":4,"href":"https:\/\/partycypacjaobywatelska.pl\/forum-2015\/wp-json\/wp\/v2\/pages\/677\/revisions"}],"predecessor-version":[{"id":1590,"href":"https:\/\/partycypacjaobywatelska.pl\/forum-2015\/wp-json\/wp\/v2\/pages\/677\/revisions\/1590"}],"wp:attachment":[{"href":"https:\/\/partycypacjaobywatelska.pl\/forum-2015\/wp-json\/wp\/v2\/media?parent=677"}],"curies":[{"name":"wp","href":"https:\/\/api.w.org\/{rel}","templated":true}]}}