{"id":641,"date":"2015-05-12T20:08:42","date_gmt":"2015-05-12T20:08:42","guid":{"rendered":"http:\/\/partycypacjaobywatelska.pl\/forum-2015\/?page_id=641"},"modified":"2015-06-18T07:22:57","modified_gmt":"2015-06-18T07:22:57","slug":"ludzie-chca-innych-ulic","status":"publish","type":"page","link":"https:\/\/partycypacjaobywatelska.pl\/forum-2015\/ludzie-chca-innych-ulic\/","title":{"rendered":"Ludzie chc\u0105 innych ulic"},"content":{"rendered":"<p><span style=\"color: #808080\">Prowadz\u0105cy: <\/span><\/p>\n<p>Hubert Bara\u0144ski, Fundacja Normalne Miasto-Fenomen<br \/>\nKatarzyna Miko\u0142ajczyk, Fundacja Normalne Miasto-Fenomen <a href=\"http:\/\/partycypacjaobywatelska.pl\/praktycy\/praktycy\/katarzyna-mikolajczyk\/\" target=\"_blank\">&gt;&gt;<\/a><\/p>\n<p><span style=\"color: #808080\">Termin:<\/span> 2 dzie\u0144 (29 maja, pi\u0105tek), godz. 9:30-10:30<\/p>\n<p><span style=\"color: #808080\">Miejsce:<\/span> II pi\u0119tro, strefa G<\/p>\n<p><span style=\"color: #808080\">Formu\u0142a sesji:<\/span>\u00a0<span style=\"color: #ff00ff\">spotkanie \u015bniadaniowe<\/span><\/p>\n<p>&nbsp;<\/p>\n<p>Czego chc\u0105 mieszka\u0144cy? Nie dowiemy si\u0119, p\u00f3ki ich nie zapytamy.<\/p>\n<p>W \u0141odzi ju\u017c kilkukrotnie \u2013 skutecznie \u2013 uda\u0142o si\u0119 zach\u0119ci\u0107 mieszka\u0144c\u00f3w do rozmowy na temat zr\u00f3wnowa\u017conego transportu w mie\u015bcie. Okaza\u0142o si\u0119, \u017ce wbrew opinii lansowanej przez media \u2013 nie wszyscy poruszaj\u0105 si\u0119 samochodami i koniecznie musz\u0105 zaparkowa\u0107 pod w\u0142asnym oknem. Podczas sesji opowiemy histori\u0119 ul. 6 Sierpnia (s\u0142ynny \u201ewoonerf\u201d, czyli podw\u00f3rzec miejski) oraz ul. Sienkiewicza.<\/p>\n<p>O pierwszym w \u0141odzi &#8222;woonerfie&#8221; opowiada\u0142 Hubert:<\/p>\n<p>\u201ePostanowili\u015bmy zaproponowa\u0107 \u0142odzianom nasz pomys\u0142 na przeobra\u017cenie ulicy. Dot\u0105d kojarzonej z dopalaczami, znanej publiczno\u015bci telewizyjnej z sensacyjnych przekaz\u00f3w relacjonuj\u0105cych aresztowania &#8222;polskiego kr\u00f3la dopalaczy&#8221;, ul. 6 Sierpnia w \u0141odzi. Kr\u00f3tki odcinek tej ulicy odchodz\u0105cej od ul. Piotrkowskiej wydawa\u0142 si\u0119 nam najlepszym miejscem do zaprezentowania idei &#8222;woonerf&#8221;.<\/p>\n<p>Ten holenderski spos\u00f3b przeobra\u017cania ulicy jest znany ju\u017c w wielu miastach na \u015bwiecie. Chodzi w skr\u00f3cie o to, aby zmieni\u0107 dotychczas istniej\u0105cy porz\u0105dek, na kt\u00f3rym widoczne s\u0105 g\u0142\u00f3wnie zaparkowane samochody na przestrze\u0144, w kt\u00f3rej to pieszy b\u0119dzie mia\u0142 pierwsze\u0144stwo, a samoch\u00f3d b\u0119dzie jedynie go\u015bciem.<\/p>\n<p>Zmian\u0119 ulicy podzielili\u015bmy na kilka etap\u00f3w, poprzez zorganizowanie tam imprezy plenerowej, zach\u0119cenie mieszka\u0144c\u00f3w i najemc\u00f3w, a\u017c po przedstawienie im koncepcji modernizacji ulicy. Tak im si\u0119 ten pomys\u0142 spodoba\u0142, \u017ce zg\u0142osili go do bud\u017cetu obywatelskiego i wygrali jedn\u0105 z najpi\u0119kniejszych ulic w mie\u015bcie!\u201d<\/p>\n<p>O rozmowach z mieszka\u0144cami na temat ul. Sienkiewicza (i nie tylko) opowiada\u0142a Kasia:<\/p>\n<p>\u201eNajpierw pokaza\u0142am, jak nie pyta\u0107 mieszka\u0144c\u00f3w \u2013 na przyk\u0142adzie dzia\u0142a\u0144 przeprowadzonych przez Urz\u0105d. Pokaza\u0142am, jak powinni\u015bmy pyta\u0107 o potrzeby i motywacje mieszka\u0144c\u00f3w, a tak\u017ce jak warto wprowadza\u0107 nowe idee i rozwi\u0105zania. W przypadku transportu i przestrzeni niezwykle wa\u017cny jest materia\u0142 informacyjny i odpowiedni dob\u00f3r s\u0142\u00f3w. Czy s\u0105 \u201ezakazane s\u0142owa\u201d? Tak. Ale poniewa\u017c s\u0105 zakazane, to podam je tylko na warsztacie\u201d.<\/p>\n<p>Zaprosili\u015bmy na spotkanie \u015bniadaniowe typu case-study z mo\u017cliwo\u015bci\u0105 zadawania pyta\u0144 dla os\u00f3b zainteresowanych kwestiami partycypacji w planowaniu przestrzeni (ruchu).<\/p>\n<p><a href=\"http:\/\/partycypacjaobywatelska.pl\/forum-2015\/program\/\">Powr\u00f3t do programu Forum<\/a><\/p>\n<div id='gallery-1' class='gallery galleryid-641 gallery-columns-3 gallery-size-thumbnail'><dl class='gallery-item'>\n\t\t\t<dt class='gallery-icon landscape'>\n\t\t\t\t<a href='https:\/\/partycypacjaobywatelska.pl\/forum-2015\/ludzie-chca-innych-ulic\/_j2a0024\/'><img width=\"150\" height=\"150\" src=\"https:\/\/partycypacjaobywatelska.pl\/forum-2015\/wp-content\/uploads\/sites\/3\/2015\/05\/J2A0024-150x150.jpg\" class=\"attachment-thumbnail size-thumbnail\" alt=\"\" loading=\"lazy\" \/><\/a>\n\t\t\t<\/dt><\/dl><dl class='gallery-item'>\n\t\t\t<dt class='gallery-icon landscape'>\n\t\t\t\t<a href='https:\/\/partycypacjaobywatelska.pl\/forum-2015\/ludzie-chca-innych-ulic\/_j2a0048-2\/'><img width=\"150\" height=\"150\" src=\"https:\/\/partycypacjaobywatelska.pl\/forum-2015\/wp-content\/uploads\/sites\/3\/2015\/05\/J2A0048-2-150x150.jpg\" class=\"attachment-thumbnail size-thumbnail\" alt=\"\" loading=\"lazy\" \/><\/a>\n\t\t\t<\/dt><\/dl><dl class='gallery-item'>\n\t\t\t<dt class='gallery-icon landscape'>\n\t\t\t\t<a href='https:\/\/partycypacjaobywatelska.pl\/forum-2015\/galeria-zdjec\/_j2a9928-2\/'><img width=\"150\" height=\"150\" src=\"https:\/\/partycypacjaobywatelska.pl\/forum-2015\/wp-content\/uploads\/sites\/3\/2015\/04\/J2A9928-2-150x150.jpg\" class=\"attachment-thumbnail size-thumbnail\" alt=\"\" loading=\"lazy\" \/><\/a>\n\t\t\t<\/dt><\/dl><br style=\"clear: both\" \/>\n\t\t<\/div>\n\n<p>&nbsp;<\/p>\n<p><strong><span style=\"color: #808080\">Materia\u0142y, z kt\u00f3rymi warto si\u0119 zapozna\u0107 przed lub po sesji:<\/span><br \/>\n<\/strong><\/p>\n<p>Historia woonerfa <a href=\"https:\/\/www.youtube.com\/watch?v=uB3Jpk3lv3w\">&gt;&gt;<\/a><\/p>\n<p>Relacja z Tygodnia Mobilno\u015bci 2014 <a href=\"https:\/\/www.youtube.com\/watch?v=5vKXh0Yl1ig\" target=\"_blank\">&gt;&gt;<\/a><\/p>\n<p><a href=\"http:\/\/www.fundacjafenomen.pl\/\" target=\"_blank\"><img loading=\"lazy\" class=\"  wp-image-649 alignnone\" src=\"http:\/\/partycypacjaobywatelska.pl\/forum-2015\/wp-content\/uploads\/sites\/3\/2015\/05\/631.jpg\" alt=\"631\" width=\"276\" height=\"195\" srcset=\"https:\/\/partycypacjaobywatelska.pl\/forum-2015\/wp-content\/uploads\/sites\/3\/2015\/05\/631.jpg 595w, https:\/\/partycypacjaobywatelska.pl\/forum-2015\/wp-content\/uploads\/sites\/3\/2015\/05\/631-300x212.jpg 300w, https:\/\/partycypacjaobywatelska.pl\/forum-2015\/wp-content\/uploads\/sites\/3\/2015\/05\/631-177x125.jpg 177w\" sizes=\"(max-width: 276px) 100vw, 276px\" \/><\/a><\/p>\n<p>&nbsp;<\/p>\n","protected":false},"excerpt":{"rendered":"<p>Prowadz\u0105cy: Hubert Bara\u0144ski, Fundacja Normalne Miasto-Fenomen Katarzyna Miko\u0142ajczyk, Fundacja Normalne Miasto-Fenomen &gt;&gt; Termin: 2 dzie\u0144 (29 maja, pi\u0105tek), godz. 9:30-10:30 Miejsce: II pi\u0119tro, strefa G Formu\u0142a sesji:\u00a0spotkanie \u015bniadaniowe &nbsp; Czego chc\u0105 mieszka\u0144cy? Nie dowiemy si\u0119, p\u00f3ki ich nie zapytamy. W \u0141odzi ju\u017c kilkukrotnie \u2013 skutecznie \u2013 uda\u0142o si\u0119 zach\u0119ci\u0107 mieszka\u0144c\u00f3w do rozmowy na temat zr\u00f3wnowa\u017conego [&hellip;]<\/p>\n","protected":false},"author":1,"featured_media":0,"parent":0,"menu_order":0,"comment_status":"open","ping_status":"open","template":"template-forum_praktykow.php","meta":[],"_links":{"self":[{"href":"https:\/\/partycypacjaobywatelska.pl\/forum-2015\/wp-json\/wp\/v2\/pages\/641"}],"collection":[{"href":"https:\/\/partycypacjaobywatelska.pl\/forum-2015\/wp-json\/wp\/v2\/pages"}],"about":[{"href":"https:\/\/partycypacjaobywatelska.pl\/forum-2015\/wp-json\/wp\/v2\/types\/page"}],"author":[{"embeddable":true,"href":"https:\/\/partycypacjaobywatelska.pl\/forum-2015\/wp-json\/wp\/v2\/users\/1"}],"replies":[{"embeddable":true,"href":"https:\/\/partycypacjaobywatelska.pl\/forum-2015\/wp-json\/wp\/v2\/comments?post=641"}],"version-history":[{"count":5,"href":"https:\/\/partycypacjaobywatelska.pl\/forum-2015\/wp-json\/wp\/v2\/pages\/641\/revisions"}],"predecessor-version":[{"id":1667,"href":"https:\/\/partycypacjaobywatelska.pl\/forum-2015\/wp-json\/wp\/v2\/pages\/641\/revisions\/1667"}],"wp:attachment":[{"href":"https:\/\/partycypacjaobywatelska.pl\/forum-2015\/wp-json\/wp\/v2\/media?parent=641"}],"curies":[{"name":"wp","href":"https:\/\/api.w.org\/{rel}","templated":true}]}}