{"id":571,"date":"2015-05-12T09:15:57","date_gmt":"2015-05-12T09:15:57","guid":{"rendered":"http:\/\/partycypacjaobywatelska.pl\/forum-2015\/?page_id=571"},"modified":"2015-06-18T07:58:43","modified_gmt":"2015-06-18T07:58:43","slug":"partycypacja-w-instytucjach-publicznych-jednorazowy-projekt-czy-dlugotrwala-zmiana","status":"publish","type":"page","link":"https:\/\/partycypacjaobywatelska.pl\/forum-2015\/partycypacja-w-instytucjach-publicznych-jednorazowy-projekt-czy-dlugotrwala-zmiana\/","title":{"rendered":"Partycypacja w instytucjach publicznych &#8211; jednorazowy projekt czy d\u0142ugotrwa\u0142a zmiana?"},"content":{"rendered":"<p><span style=\"color: #808080\">Prowadz\u0105ce:<\/span><\/p>\n<p>Marta Ostrowska, Fundacja Pole Dialogu<br \/>\nMaria Perchu\u0107-\u017b\u00f3\u0142towska, Pracownia Bada\u0144 i Innowacji Spo\u0142ecznych &#8222;Stocznia&#8221; <a href=\"http:\/\/partycypacjaobywatelska.pl\/praktycy\/praktycy\/maria-perchuc-2\/\">&gt;&gt;<\/a><\/p>\n<p><span style=\"color: #808080\">Termin:<\/span> 2 dzie\u0144 (29 maja, pi\u0105tek), godz. 10:45-12.15<\/p>\n<p><span style=\"color: #808080\">Miejsce:<\/span> II pi\u0119tro, strefa L<\/p>\n<p><span style=\"color: #808080\">Formu\u0142a sesji:\u00a0<\/span>sesja dyskusyjna z elementami wymiany do\u015bwiadcze\u0144<\/p>\n<p>&nbsp;<\/p>\n<p>Podczas sesji zastanawiali\u015bmy si\u0119 nad r\u00f3\u017cnego typu dzia\u0142aniami, kt\u00f3re mo\u017ce podj\u0105\u0107 instytucja publiczna (np. dom kultury czy biblioteka), chc\u0105c bardziej \u201eotwiera\u0107 si\u0119\u201d na g\u0142os mieszka\u0144c\u00f3w. Jakie cele maj\u0105 takie dzia\u0142ania? Kt\u00f3re z nich pozostaj\u0105 jednorazowymi projektami, a kt\u00f3re maj\u0105 szans\u0119 na zainicjowanie d\u0142ugofalowej zmiany?<\/p>\n<p>W czasie sesji skupili\u015bmy si\u0119 na wsp\u00f3lnym poszukiwaniu odpowiedzi na pytanie o rol\u0119 praktyk\u00f3w partycypacji (a w szczeg\u00f3lno\u015bci tych zwi\u0105zanych z organizacjami pozarz\u0105dowymi) w tego typu dzia\u0142aniach. Czy zawsze musi by\u0107 tak, \u017ce koniec projektu realizowanego w partnerstwie z instytucj\u0105 publiczn\u0105 oznacza powr\u00f3t do punktu wyj\u015bcia? Jakie czynniki daj\u0105 szans\u0119 na trwa\u0142e zaszczepienie partycypacji w instytucjach publicznych? I wreszcie, czy jako praktycy partycypacji mamy narz\u0119dzia do wprowadzania g\u0142\u0119bokich zmian?<\/p>\n<p>Dyskusj\u0119 zbudowali\u015bmy na wymianie do\u015bwiadcze\u0144 uczestnik\u00f3w (\u0142\u0105cznie z prowadz\u0105cymi) z realizacji proces\u00f3w partycypacyjnych w instytucjach publicznych oraz spostrze\u017ce\u0144 na ich temat.<\/p>\n<p>&nbsp;<\/p>\n<p><span style=\"color: #808080\"><strong>Materia\u0142y, z kt\u00f3rymi warto si\u0119 zapozna\u0107:<\/strong><\/span><\/p>\n<p><a href=\"https:\/\/docs.google.com\/document\/d\/1PZxpmcRTWtXjMqBxPeOOKCZZ7DKRx07XiKeAsQDcso4\/edit\" target=\"_blank\"><strong>Notatka z sesji<\/strong><\/a> autorstwa Katarzyny Starzyk z Pracowni Bada\u0144 i Innowacji Spo\u0142ecznych &#8222;Stocznia&#8221;<\/p>\n<div id='gallery-1' class='gallery galleryid-571 gallery-columns-3 gallery-size-thumbnail'><dl class='gallery-item'>\n\t\t\t<dt class='gallery-icon landscape'>\n\t\t\t\t<a href='https:\/\/partycypacjaobywatelska.pl\/forum-2015\/partycypacja-w-instytucjach-publicznych-jednorazowy-projekt-czy-dlugotrwala-zmiana\/_j2a0271-2-2\/'><img width=\"150\" height=\"150\" src=\"https:\/\/partycypacjaobywatelska.pl\/forum-2015\/wp-content\/uploads\/sites\/3\/2015\/05\/J2A0271-2-150x150.jpg\" class=\"attachment-thumbnail size-thumbnail\" alt=\"\" loading=\"lazy\" \/><\/a>\n\t\t\t<\/dt><\/dl><dl class='gallery-item'>\n\t\t\t<dt class='gallery-icon landscape'>\n\t\t\t\t<a href='https:\/\/partycypacjaobywatelska.pl\/forum-2015\/partycypacja-w-instytucjach-publicznych-jednorazowy-projekt-czy-dlugotrwala-zmiana\/_j2a0228-2-2\/'><img width=\"150\" height=\"150\" src=\"https:\/\/partycypacjaobywatelska.pl\/forum-2015\/wp-content\/uploads\/sites\/3\/2015\/05\/J2A0228-2-150x150.jpg\" class=\"attachment-thumbnail size-thumbnail\" alt=\"\" loading=\"lazy\" \/><\/a>\n\t\t\t<\/dt><\/dl><dl class='gallery-item'>\n\t\t\t<dt class='gallery-icon landscape'>\n\t\t\t\t<a href='https:\/\/partycypacjaobywatelska.pl\/forum-2015\/partycypacja-w-instytucjach-publicznych-jednorazowy-projekt-czy-dlugotrwala-zmiana\/_j2a0271-2-3\/'><img width=\"150\" height=\"150\" src=\"https:\/\/partycypacjaobywatelska.pl\/forum-2015\/wp-content\/uploads\/sites\/3\/2015\/05\/J2A0271-21-150x150.jpg\" class=\"attachment-thumbnail size-thumbnail\" alt=\"\" loading=\"lazy\" \/><\/a>\n\t\t\t<\/dt><\/dl><br style=\"clear: both\" \/>\n\t\t<\/div>\n\n<p><a href=\"http:\/\/www.poledialogu.org.pl\/\" target=\"_blank\"><img loading=\"lazy\" class=\"  wp-image-390 alignnone\" src=\"http:\/\/partycypacjaobywatelska.pl\/forum-2015\/wp-content\/uploads\/sites\/3\/2015\/05\/poledialogu.jpg\" alt=\"poledialogu\" width=\"140\" height=\"183\" srcset=\"https:\/\/partycypacjaobywatelska.pl\/forum-2015\/wp-content\/uploads\/sites\/3\/2015\/05\/poledialogu.jpg 495w, https:\/\/partycypacjaobywatelska.pl\/forum-2015\/wp-content\/uploads\/sites\/3\/2015\/05\/poledialogu-229x300.jpg 229w, https:\/\/partycypacjaobywatelska.pl\/forum-2015\/wp-content\/uploads\/sites\/3\/2015\/05\/poledialogu-177x232.jpg 177w\" sizes=\"(max-width: 140px) 100vw, 140px\" \/><\/a><a href=\"http:\/\/partycypacjaobywatelska.pl\/forum-2015\/wp-content\/uploads\/sites\/3\/2015\/04\/stoczniaetapy.jpg\"><span style=\"color: #ffffff\">\u00a0\u00a0\u00a0\u00a0\u00a0\u00a0<\/span> <\/a><a href=\"http:\/\/stocznia.org.pl\/\" target=\"_blank\"><img loading=\"lazy\" class=\"  wp-image-578 alignnone\" src=\"http:\/\/partycypacjaobywatelska.pl\/forum-2015\/wp-content\/uploads\/sites\/3\/2015\/05\/stocznia.jpg\" alt=\"stocznia\" width=\"180\" height=\"180\" srcset=\"https:\/\/partycypacjaobywatelska.pl\/forum-2015\/wp-content\/uploads\/sites\/3\/2015\/05\/stocznia.jpg 709w, https:\/\/partycypacjaobywatelska.pl\/forum-2015\/wp-content\/uploads\/sites\/3\/2015\/05\/stocznia-150x150.jpg 150w, https:\/\/partycypacjaobywatelska.pl\/forum-2015\/wp-content\/uploads\/sites\/3\/2015\/05\/stocznia-300x300.jpg 300w, https:\/\/partycypacjaobywatelska.pl\/forum-2015\/wp-content\/uploads\/sites\/3\/2015\/05\/stocznia-177x177.jpg 177w\" sizes=\"(max-width: 180px) 100vw, 180px\" \/><\/a><\/p>\n<p><a href=\"http:\/\/partycypacjaobywatelska.pl\/forum-2015\/program\/\">Powr\u00f3t do programu Forum<\/a><\/p>\n","protected":false},"excerpt":{"rendered":"<p>Prowadz\u0105ce: Marta Ostrowska, Fundacja Pole Dialogu Maria Perchu\u0107-\u017b\u00f3\u0142towska, Pracownia Bada\u0144 i Innowacji Spo\u0142ecznych &#8222;Stocznia&#8221; &gt;&gt; Termin: 2 dzie\u0144 (29 maja, pi\u0105tek), godz. 10:45-12.15 Miejsce: II pi\u0119tro, strefa L Formu\u0142a sesji:\u00a0sesja dyskusyjna z elementami wymiany do\u015bwiadcze\u0144 &nbsp; Podczas sesji zastanawiali\u015bmy si\u0119 nad r\u00f3\u017cnego typu dzia\u0142aniami, kt\u00f3re mo\u017ce podj\u0105\u0107 instytucja publiczna (np. dom kultury czy biblioteka), chc\u0105c [&hellip;]<\/p>\n","protected":false},"author":1,"featured_media":0,"parent":0,"menu_order":0,"comment_status":"open","ping_status":"open","template":"template-forum_praktykow.php","meta":[],"_links":{"self":[{"href":"https:\/\/partycypacjaobywatelska.pl\/forum-2015\/wp-json\/wp\/v2\/pages\/571"}],"collection":[{"href":"https:\/\/partycypacjaobywatelska.pl\/forum-2015\/wp-json\/wp\/v2\/pages"}],"about":[{"href":"https:\/\/partycypacjaobywatelska.pl\/forum-2015\/wp-json\/wp\/v2\/types\/page"}],"author":[{"embeddable":true,"href":"https:\/\/partycypacjaobywatelska.pl\/forum-2015\/wp-json\/wp\/v2\/users\/1"}],"replies":[{"embeddable":true,"href":"https:\/\/partycypacjaobywatelska.pl\/forum-2015\/wp-json\/wp\/v2\/comments?post=571"}],"version-history":[{"count":4,"href":"https:\/\/partycypacjaobywatelska.pl\/forum-2015\/wp-json\/wp\/v2\/pages\/571\/revisions"}],"predecessor-version":[{"id":1505,"href":"https:\/\/partycypacjaobywatelska.pl\/forum-2015\/wp-json\/wp\/v2\/pages\/571\/revisions\/1505"}],"wp:attachment":[{"href":"https:\/\/partycypacjaobywatelska.pl\/forum-2015\/wp-json\/wp\/v2\/media?parent=571"}],"curies":[{"name":"wp","href":"https:\/\/api.w.org\/{rel}","templated":true}]}}