{"id":553,"date":"2015-05-12T07:50:16","date_gmt":"2015-05-12T07:50:16","guid":{"rendered":"http:\/\/partycypacjaobywatelska.pl\/forum-2015\/?page_id=553"},"modified":"2015-06-18T07:50:03","modified_gmt":"2015-06-18T07:50:03","slug":"jakosc-i-znaczenie-konsultacji-spolecznych-czyli-jak-uruchamiac-procesy-dialogu-z-mieszkancami-w-otoczeniu-nieprzygotowanym-do-partycypacji","status":"publish","type":"page","link":"https:\/\/partycypacjaobywatelska.pl\/forum-2015\/jakosc-i-znaczenie-konsultacji-spolecznych-czyli-jak-uruchamiac-procesy-dialogu-z-mieszkancami-w-otoczeniu-nieprzygotowanym-do-partycypacji\/","title":{"rendered":"Jako\u015b\u0107 i znaczenie konsultacji spo\u0142ecznych &#8211; czyli jak uruchamia\u0107 procesy dialogu z mieszka\u0144cami w otoczeniu nieprzygotowanym do partycypacji"},"content":{"rendered":"<p><span style=\"color: #808080\">Prowadz\u0105cy:<\/span><\/p>\n<p>\u0141ukasz Broniszewski, Fundacja Stabilo <a href=\"http:\/\/partycypacjaobywatelska.pl\/praktycy\/praktycy\/lukasz-broniszewski\/\" target=\"_blank\">&gt;&gt;<\/a><br \/>\nOktawiusz Chrzanowski, Fundacja Inicjatyw Spo\u0142eczno-Ekonomicznych <a href=\"http:\/\/partycypacjaobywatelska.pl\/praktycy\/praktycy\/oktawiusz-chrzanowski\/\" target=\"_blank\">&gt;&gt;<\/a><\/p>\n<p><span style=\"color: #808080\">Termin: <\/span>2 dzie\u0144 (29 maja, pi\u0105tek), godz. 10:45-12:15<\/p>\n<p><span style=\"color: #808080\">Miejsce:<\/span> II pi\u0119tro, strefa H<\/p>\n<p><span style=\"color: #808080\">Formu\u0142a sesji:<\/span> <span style=\"color: #339966\">wymiana do\u015bwiadcze\u0144<span style=\"color: #333333\"> z elementami dyskusji panelowej<\/span><br \/>\n<\/span><\/p>\n<p>Obecnie w cieniu bud\u017cet\u00f3w obywatelskich, konsultacje spo\u0142eczne s\u0105 centralnym narz\u0119dziem dialogu w\u0142adzy z obywatelami w samorz\u0105dzie. Od ich jako\u015bci w du\u017cej mierze zale\u017cy skuteczno\u015b\u0107 budowania zaufania i wiarygodno\u015bci w\u0142adz lokalnych. Jakie zatem w praktyce powinny konsultacjom przy\u015bwieca\u0107 zasady, szczeg\u00f3lnie w miejscach, w kt\u00f3rych partycypacja jest zjawiskiem nowym? Jakie znaczenie ma wola polityczna lokalnych polityk\u00f3w, a gdzie konieczna jest mocna ingerencja w dzia\u0142anie urz\u0119du, przygotowuj\u0105cego si\u0119 do dzia\u0142a\u0144 konsultacyjnych?<\/p>\n<p>Podczas sesji odwo\u0142ali\u015bmy si\u0119 do do\u015bwiadcze\u0144 z miejscowo\u015bci, w kt\u00f3rych dopiero tworzy si\u0119 zasady dialogu. Byli z nami m.in. wiceprezydent Gorzowa Wielkopolskiego, dyrektor gabinetu prezydenta S\u0142upska oraz przedstawicielka Urz\u0119du Miasta w Toruniu zajmuj\u0105ca si\u0119 na co dzie\u0144 konsultacjami spo\u0142ecznymi. Gorz\u00f3w Wielkopolski i S\u0142upsk to miasta, kt\u00f3re rozpoczynaj\u0105 w\u0142a\u015bnie swoj\u0105 przygod\u0119 z autentycznym dialogiem obywatelskim tworz\u0105c Miejskie Kodeksy Dialogu (regulamin konsultacji, procedura konsultacji dla urz\u0119du oraz plan tematyczny konsultacji) w ramach systemowego projektu <a href=\"http:\/\/www.konsultacjezzasadami.pl\/\" target=\"_blank\">Konsultacje z zasadami<\/a>.<\/p>\n<p>Druga cz\u0119\u015b\u0107 sesji by\u0142a przeznaczona\u00a0na dyskusj\u0119 i pytania od uczestnik\u00f3w Forum.<\/p>\n<p>&nbsp;<\/p>\n<p><strong><span style=\"color: gray\">Materia\u0142y, z kt\u00f3rymi warto si\u0119 zapozna\u0107 przed lub po sesji:<\/span><\/strong><\/p>\n<p>Kanon Lokalnych Konsultacji Spo\u0142ecznych: <a href=\"http:\/\/www.kanonkonsultacji.pl\">www.kanonkonsultacji.pl<\/a>, praca zbiorowa.<\/p>\n<p>&nbsp;<\/p>\n<p><a href=\"http:\/\/stabilo.org.pl\/\" target=\"_blank\"><img loading=\"lazy\" class=\"  wp-image-564 alignnone\" src=\"http:\/\/partycypacjaobywatelska.pl\/forum-2015\/wp-content\/uploads\/sites\/3\/2015\/05\/logo-ramka.jpg\" alt=\"logo-ramka\" width=\"155\" height=\"156\" srcset=\"https:\/\/partycypacjaobywatelska.pl\/forum-2015\/wp-content\/uploads\/sites\/3\/2015\/05\/logo-ramka.jpg 424w, https:\/\/partycypacjaobywatelska.pl\/forum-2015\/wp-content\/uploads\/sites\/3\/2015\/05\/logo-ramka-150x150.jpg 150w, https:\/\/partycypacjaobywatelska.pl\/forum-2015\/wp-content\/uploads\/sites\/3\/2015\/05\/logo-ramka-300x300.jpg 300w, https:\/\/partycypacjaobywatelska.pl\/forum-2015\/wp-content\/uploads\/sites\/3\/2015\/05\/logo-ramka-177x177.jpg 177w\" sizes=\"(max-width: 155px) 100vw, 155px\" \/><\/a><a href=\"http:\/\/www.fise.org.pl\/\" target=\"_blank\"><img loading=\"lazy\" class=\"  wp-image-563 alignnone\" src=\"http:\/\/partycypacjaobywatelska.pl\/forum-2015\/wp-content\/uploads\/sites\/3\/2015\/05\/Zrzut-ekranu-2015-05-12-godz.-10.07.13.png\" alt=\"Zrzut ekranu 2015-05-12 (godz. 10.07.13)\" width=\"465\" height=\"100\" srcset=\"https:\/\/partycypacjaobywatelska.pl\/forum-2015\/wp-content\/uploads\/sites\/3\/2015\/05\/Zrzut-ekranu-2015-05-12-godz.-10.07.13.png 511w, https:\/\/partycypacjaobywatelska.pl\/forum-2015\/wp-content\/uploads\/sites\/3\/2015\/05\/Zrzut-ekranu-2015-05-12-godz.-10.07.13-300x65.png 300w, https:\/\/partycypacjaobywatelska.pl\/forum-2015\/wp-content\/uploads\/sites\/3\/2015\/05\/Zrzut-ekranu-2015-05-12-godz.-10.07.13-177x38.png 177w\" sizes=\"(max-width: 465px) 100vw, 465px\" \/><\/a><\/p>\n","protected":false},"excerpt":{"rendered":"<p>Prowadz\u0105cy: \u0141ukasz Broniszewski, Fundacja Stabilo &gt;&gt; Oktawiusz Chrzanowski, Fundacja Inicjatyw Spo\u0142eczno-Ekonomicznych &gt;&gt; Termin: 2 dzie\u0144 (29 maja, pi\u0105tek), godz. 10:45-12:15 Miejsce: II pi\u0119tro, strefa H Formu\u0142a sesji: wymiana do\u015bwiadcze\u0144 z elementami dyskusji panelowej Obecnie w cieniu bud\u017cet\u00f3w obywatelskich, konsultacje spo\u0142eczne s\u0105 centralnym narz\u0119dziem dialogu w\u0142adzy z obywatelami w samorz\u0105dzie. Od ich jako\u015bci w du\u017cej mierze [&hellip;]<\/p>\n","protected":false},"author":1,"featured_media":0,"parent":0,"menu_order":0,"comment_status":"open","ping_status":"open","template":"template-forum_praktykow.php","meta":[],"_links":{"self":[{"href":"https:\/\/partycypacjaobywatelska.pl\/forum-2015\/wp-json\/wp\/v2\/pages\/553"}],"collection":[{"href":"https:\/\/partycypacjaobywatelska.pl\/forum-2015\/wp-json\/wp\/v2\/pages"}],"about":[{"href":"https:\/\/partycypacjaobywatelska.pl\/forum-2015\/wp-json\/wp\/v2\/types\/page"}],"author":[{"embeddable":true,"href":"https:\/\/partycypacjaobywatelska.pl\/forum-2015\/wp-json\/wp\/v2\/users\/1"}],"replies":[{"embeddable":true,"href":"https:\/\/partycypacjaobywatelska.pl\/forum-2015\/wp-json\/wp\/v2\/comments?post=553"}],"version-history":[{"count":4,"href":"https:\/\/partycypacjaobywatelska.pl\/forum-2015\/wp-json\/wp\/v2\/pages\/553\/revisions"}],"predecessor-version":[{"id":1040,"href":"https:\/\/partycypacjaobywatelska.pl\/forum-2015\/wp-json\/wp\/v2\/pages\/553\/revisions\/1040"}],"wp:attachment":[{"href":"https:\/\/partycypacjaobywatelska.pl\/forum-2015\/wp-json\/wp\/v2\/media?parent=553"}],"curies":[{"name":"wp","href":"https:\/\/api.w.org\/{rel}","templated":true}]}}