{"id":524,"date":"2015-05-11T13:04:39","date_gmt":"2015-05-11T13:04:39","guid":{"rendered":"http:\/\/partycypacjaobywatelska.pl\/forum-2015\/?page_id=524"},"modified":"2015-06-18T07:55:57","modified_gmt":"2015-06-18T07:55:57","slug":"partycypacja-i-co-dalej-po-co-i-jak-sprawdzac-czy-nasze-dzialania-wplynely-na-rzeczywistosc","status":"publish","type":"page","link":"https:\/\/partycypacjaobywatelska.pl\/forum-2015\/partycypacja-i-co-dalej-po-co-i-jak-sprawdzac-czy-nasze-dzialania-wplynely-na-rzeczywistosc\/","title":{"rendered":"Partycypacja i co dalej? Po co i jak sprawdza\u0107, czy nasze dzia\u0142ania wp\u0142yn\u0119\u0142y na rzeczywisto\u015b\u0107?"},"content":{"rendered":"<p><span style=\"color: #808080\">Prowadz\u0105ce: <\/span><\/p>\n<p>Ingeborga Janikowska-Lipszyc, Fundacja im. Stefana Batorego<br \/>\nEwa Stok\u0142uska, Pracownia Bada\u0144 i Innowacji Spo\u0142ecznych &#8222;Stocznia&#8221; <a href=\"http:\/\/partycypacjaobywatelska.pl\/praktycy\/praktycy\/ewa-stokluska\/\">&gt;&gt;<\/a><\/p>\n<p><span style=\"color: #808080\">Termin:<\/span> 2 dzie\u0144 (29 maja, pi\u0105tek), godz. 10:45-12:15<\/p>\n<p><span style=\"color: #808080\">Miejsce:<\/span> II pi\u0119tro, strefa J<\/p>\n<p><span style=\"color: #808080\">Formu\u0142a sesji:<\/span> <span style=\"color: #008000\">wymiana do\u015bwiadcze\u0144<\/span><\/p>\n<p>&nbsp;<\/p>\n<p>Faktyczne efekty partycypacji nie zawsze s\u0105 natychmiastowe \u2013 czasem wida\u0107 je d\u0142ugo po zako\u0144czeniu bezpo\u015bredniej pracy z mieszka\u0144cami. Jak ich nie przegapi\u0107? Jak pokaza\u0107 je osobom, kt\u00f3re uczestniczy\u0142y w procesie i by\u0107 mo\u017ce licz\u0105 na szybkie efekty swoich dzia\u0142a\u0144? Czy nasza rola jako praktyk\u00f3w partycypacji ko\u0144czy si\u0119 wraz z ko\u0144cem projektu\/procesu i przekazaniem w\u0142adzom wypracowanych przez mieszka\u0144c\u00f3w koncepcji i rekomendacji?<\/p>\n<p>W czasie sesji nie rozmawiali\u015bmy o ewaluacji projekt\u00f3w. Zastanawiali\u015bmy si\u0119 za to wsp\u00f3lnie, jakie mog\u0105 by\u0107 \u2013 oczywiste i mniej oczywiste \u2013 efekty proces\u00f3w partycypacyjnych, jak mo\u017cna je monitorowa\u0107 i gdzie szuka\u0107 wiedzy na ten temat. Spr\u00f3bowali\u015bmy wsp\u00f3lnie stworzy\u0107 list\u0119 pomys\u0142\u00f3w na rozwi\u0105zanie problemu z dost\u0119pem do tego typu informacji i ulotno\u015bci efekt\u00f3w partycypacji.<br \/>\nNaszym go\u015bciem by\u0142\u00a0<strong>Grzegorz W\u00f3jkowski<\/strong> z\u00a0katowickiego\u00a0Stowarzyszenia Bona Fides, kt\u00f3ry ma wieloletnie do\u015bwiadczenie w monitorowaniu dzia\u0142a\u0144 urz\u0119d\u00f3w gmin i w\u0142adz samorz\u0105dowych oraz jest ekspertem w dziedzinie zarz\u0105dzania spo\u0142eczno\u015bciowego.<\/p>\n<p>W trakcie sesji chcia\u0142y\u015bmy si\u0119ga\u0107 po do\u015bwiadczenia uczestnik\u00f3w, dlatego w pierwszej kolejno\u015bci zaprosi\u0142y\u015bmy na ni\u0105 praktyk\u00f3w \u201e\u015bredniozaawansowanych\u201d.<\/p>\n<p><a href=\"http:\/\/partycypacjaobywatelska.pl\/forum-2015\/program\/\">Powr\u00f3t do programu Forum<\/a><\/p>\n<div id='gallery-1' class='gallery galleryid-524 gallery-columns-3 gallery-size-thumbnail'><dl class='gallery-item'>\n\t\t\t<dt class='gallery-icon landscape'>\n\t\t\t\t<a href='https:\/\/partycypacjaobywatelska.pl\/forum-2015\/partycypacja-i-co-dalej-po-co-i-jak-sprawdzac-czy-nasze-dzialania-wplynely-na-rzeczywistosc\/_j2a0242-2-2\/'><img width=\"150\" height=\"150\" src=\"https:\/\/partycypacjaobywatelska.pl\/forum-2015\/wp-content\/uploads\/sites\/3\/2015\/05\/J2A0242-2-150x150.jpg\" class=\"attachment-thumbnail size-thumbnail\" alt=\"\" loading=\"lazy\" \/><\/a>\n\t\t\t<\/dt><\/dl><dl class='gallery-item'>\n\t\t\t<dt class='gallery-icon landscape'>\n\t\t\t\t<a href='https:\/\/partycypacjaobywatelska.pl\/forum-2015\/partycypacja-i-co-dalej-po-co-i-jak-sprawdzac-czy-nasze-dzialania-wplynely-na-rzeczywistosc\/_j2a0245-2-2\/'><img width=\"150\" height=\"150\" src=\"https:\/\/partycypacjaobywatelska.pl\/forum-2015\/wp-content\/uploads\/sites\/3\/2015\/05\/J2A0245-2-150x150.jpg\" class=\"attachment-thumbnail size-thumbnail\" alt=\"\" loading=\"lazy\" \/><\/a>\n\t\t\t<\/dt><\/dl>\n\t\t\t<br style='clear: both' \/>\n\t\t<\/div>\n\n<p>&nbsp;<\/p>\n<p><a href=\"http:\/\/partycypacjaobywatelska.pl\/forum-2015\/wp-content\/uploads\/sites\/3\/2015\/05\/bs.png\"><img loading=\"lazy\" class=\"  wp-image-1362 alignleft\" src=\"http:\/\/partycypacjaobywatelska.pl\/forum-2015\/wp-content\/uploads\/sites\/3\/2015\/05\/bs.png\" alt=\"bs\" width=\"278\" height=\"179\" srcset=\"https:\/\/partycypacjaobywatelska.pl\/forum-2015\/wp-content\/uploads\/sites\/3\/2015\/05\/bs.png 317w, https:\/\/partycypacjaobywatelska.pl\/forum-2015\/wp-content\/uploads\/sites\/3\/2015\/05\/bs-300x193.png 300w, https:\/\/partycypacjaobywatelska.pl\/forum-2015\/wp-content\/uploads\/sites\/3\/2015\/05\/bs-177x114.png 177w\" sizes=\"(max-width: 278px) 100vw, 278px\" \/><\/a><\/p>\n<p>&nbsp;<\/p>\n","protected":false},"excerpt":{"rendered":"<p>Prowadz\u0105ce: Ingeborga Janikowska-Lipszyc, Fundacja im. Stefana Batorego Ewa Stok\u0142uska, Pracownia Bada\u0144 i Innowacji Spo\u0142ecznych &#8222;Stocznia&#8221; &gt;&gt; Termin: 2 dzie\u0144 (29 maja, pi\u0105tek), godz. 10:45-12:15 Miejsce: II pi\u0119tro, strefa J Formu\u0142a sesji: wymiana do\u015bwiadcze\u0144 &nbsp; Faktyczne efekty partycypacji nie zawsze s\u0105 natychmiastowe \u2013 czasem wida\u0107 je d\u0142ugo po zako\u0144czeniu bezpo\u015bredniej pracy z mieszka\u0144cami. Jak ich nie [&hellip;]<\/p>\n","protected":false},"author":1,"featured_media":0,"parent":0,"menu_order":0,"comment_status":"open","ping_status":"open","template":"template-forum_praktykow.php","meta":[],"_links":{"self":[{"href":"https:\/\/partycypacjaobywatelska.pl\/forum-2015\/wp-json\/wp\/v2\/pages\/524"}],"collection":[{"href":"https:\/\/partycypacjaobywatelska.pl\/forum-2015\/wp-json\/wp\/v2\/pages"}],"about":[{"href":"https:\/\/partycypacjaobywatelska.pl\/forum-2015\/wp-json\/wp\/v2\/types\/page"}],"author":[{"embeddable":true,"href":"https:\/\/partycypacjaobywatelska.pl\/forum-2015\/wp-json\/wp\/v2\/users\/1"}],"replies":[{"embeddable":true,"href":"https:\/\/partycypacjaobywatelska.pl\/forum-2015\/wp-json\/wp\/v2\/comments?post=524"}],"version-history":[{"count":4,"href":"https:\/\/partycypacjaobywatelska.pl\/forum-2015\/wp-json\/wp\/v2\/pages\/524\/revisions"}],"predecessor-version":[{"id":608,"href":"https:\/\/partycypacjaobywatelska.pl\/forum-2015\/wp-json\/wp\/v2\/pages\/524\/revisions\/608"}],"wp:attachment":[{"href":"https:\/\/partycypacjaobywatelska.pl\/forum-2015\/wp-json\/wp\/v2\/media?parent=524"}],"curies":[{"name":"wp","href":"https:\/\/api.w.org\/{rel}","templated":true}]}}