{"id":5,"date":"2015-04-27T08:30:21","date_gmt":"2015-04-27T08:30:21","guid":{"rendered":"http:\/\/partycypacjaobywatelska.pl\/forum-2015\/?page_id=5"},"modified":"2015-06-30T15:57:56","modified_gmt":"2015-06-30T15:57:56","slug":"forum","status":"publish","type":"page","link":"https:\/\/partycypacjaobywatelska.pl\/forum-2015\/","title":{"rendered":"O wydarzeniu"},"content":{"rendered":"<p><strong>2. Forum Praktyk\u00f3w Partycypacji<\/strong><\/p>\n<p>&nbsp;<\/p>\n<p>Zapraszamy do obejrzenia flimowego podsumowania wydarzenia:<\/p>\n<p><iframe loading=\"lazy\" src=\"https:\/\/www.youtube.com\/embed\/QPgfYI10XAw\" width=\"560\" height=\"315\" frameborder=\"0\" allowfullscreen=\"allowfullscreen\"><\/iframe><\/p>\n<p>2. Forum Praktyk\u00f3w Partycypacji to wydarzenie przeznaczone dla os\u00f3b aktywnie zaanga\u017cowanych w tematyk\u0119 partycypacji obywatelskiej skierowane do ka\u017cdego, kto posiada wiedz\u0119 i do\u015bwiadczenie w realizacji r\u00f3\u017cnych proces\u00f3w partycypacyjnych, chce nawi\u0105za\u0107 nowe kontakty i poruszy\u0107 podczas niego bardziej skomplikowane problemy.<\/p>\n<p>Organizuj\u0105c Forum chcieli\u015bmy umo\u017cliwi\u0107 praktykom partycypacji poznanie innych os\u00f3b zajmuj\u0105cych si\u0119 t\u0105 tematyk\u0105, stworzy\u0107 przestrze\u0144 wymiany my\u015bli i do\u015bwiadcze\u0144, wzajemnego poszerzania wiedzy. Po\u015brednio chcieli\u015bmy si\u0119 przyczyni\u0107 do poprawy jako\u015bci proces\u00f3w partycypacyjnych oraz utworzenia \u015brodowiska os\u00f3b zajmuj\u0105cych si\u0119 partycypacj\u0105, wspieraj\u0105cych si\u0119 merytorycznie i wzajemnie motywuj\u0105cych w organizacji w\u0142asnych przedsi\u0119wzi\u0119\u0107.<\/p>\n<p><strong>Kogo zaprosili\u015bmy?<\/strong><\/p>\n<p>Podobnie jak w zesz\u0142ym roku,\u00a0<strong>zaproszenie do udzia\u0142u w Forum kierowali\u015bmy g\u0142\u00f3wnie do os\u00f3b praktycznie zajmuj\u0105cych si\u0119 partycypacj\u0105 obywatelsk\u0105<\/strong>, czyli takich, kt\u00f3re przeprowadza\u0142y, nadzorowa\u0142y lub ocenia\u0142y procesy w\u0142\u0105czaj\u0105ce mieszka\u0144c\u00f3w w podejmowanie decyzji, chc\u0105 si\u0119 dzieli\u0107 wiedz\u0105 jak to robi\u0107, ale te\u017c uczy\u0107 od innych.<\/p>\n<p>W pierwszej kolejno\u015bci zach\u0119cali\u015bmy praktyk\u00f3w partycypacji spo\u015br\u00f3d:<\/p>\n<p>&#8211; przedstawicieli administracji (samorz\u0105dowej, rz\u0105dowej),<\/p>\n<p>&#8211; przedstawicieli organizacji pozarz\u0105dowych,<\/p>\n<p>&#8211; os\u00f3b wspieraj\u0105cych dzia\u0142ania partycypacyjne: miejskich aktywist\u00f3w, dziennikarzy zainteresowanych tematyk\u0105 partycypacji obywatelskiej, akademik\u00f3w prowadz\u0105cy procesy partycypacyjne, przedstawicieli firm zainteresowanych w\u0105tkiem partycypacji.<\/p>\n<p>A tak zapraszali\u015bmy:<\/p>\n<p><iframe loading=\"lazy\" width=\"500\" height=\"281\" src=\"https:\/\/www.youtube.com\/embed\/fmnepu7tWQg?feature=oembed\" frameborder=\"0\" allowfullscreen><\/iframe><\/p>\n<p><span style=\"color: #ffffff;\">.<\/span><\/p>\n<h3><b>2. Forum Praktyk\u00f3w Partycypacji<\/b><\/h3>\n<h3><b>Termin: 28-29 maja 2015<\/b><\/h3>\n<h3><b>Miejsce: Marzyciele i Rzemie\u015blnicy, III p. Domu Towarowego Bracia Jab\u0142kowscy, ul. Bracka 25 w Warszawie<\/b><\/h3>\n<p>&nbsp;<\/p>\n<p><i>2. Forum Praktyk\u00f3w Partycypacji to jedno z\u00a0 for\u00f3w tematycznych realizowanych w ramach programu Obywatele dla Demokracji finansowanego z funduszy EOG<\/i><strong><i>.<\/i><\/strong><\/p>\n<p><a href=\"http:\/\/partycypacjaobywatelska.pl\/forum-2015\/wp-content\/uploads\/sites\/3\/2015\/04\/baner-300x90.png\"><img loading=\"lazy\" class=\"aligncenter size-full wp-image-92\" src=\"http:\/\/partycypacjaobywatelska.pl\/forum-2015\/wp-content\/uploads\/sites\/3\/2015\/04\/baner-300x90.png\" alt=\"baner-300x90\" width=\"300\" height=\"90\" srcset=\"https:\/\/partycypacjaobywatelska.pl\/forum-2015\/wp-content\/uploads\/sites\/3\/2015\/04\/baner-300x90.png 300w, https:\/\/partycypacjaobywatelska.pl\/forum-2015\/wp-content\/uploads\/sites\/3\/2015\/04\/baner-300x90-177x53.png 177w\" sizes=\"(max-width: 300px) 100vw, 300px\" \/><\/a><\/p>\n<p><span style=\"color: #ffffff;\">.<\/span><\/p>\n<p>A tak &#8211; w du\u017cym skr\u00f3cie &#8211; by\u0142o na pierwszym Forum w Warszawie, w dniach 29-30.05.2014.<\/p>\n","protected":false},"excerpt":{"rendered":"<p>2. Forum Praktyk\u00f3w Partycypacji &nbsp; Zapraszamy do obejrzenia flimowego podsumowania wydarzenia: 2. Forum Praktyk\u00f3w Partycypacji to wydarzenie przeznaczone dla os\u00f3b aktywnie zaanga\u017cowanych w tematyk\u0119 partycypacji obywatelskiej skierowane do ka\u017cdego, kto posiada wiedz\u0119 i do\u015bwiadczenie w realizacji r\u00f3\u017cnych proces\u00f3w partycypacyjnych, chce nawi\u0105za\u0107 nowe kontakty i poruszy\u0107 podczas niego bardziej skomplikowane problemy. Organizuj\u0105c Forum chcieli\u015bmy umo\u017cliwi\u0107 praktykom [&hellip;]<\/p>\n","protected":false},"author":1,"featured_media":0,"parent":0,"menu_order":0,"comment_status":"open","ping_status":"open","template":"template-forum_praktykow.php","meta":[],"_links":{"self":[{"href":"https:\/\/partycypacjaobywatelska.pl\/forum-2015\/wp-json\/wp\/v2\/pages\/5"}],"collection":[{"href":"https:\/\/partycypacjaobywatelska.pl\/forum-2015\/wp-json\/wp\/v2\/pages"}],"about":[{"href":"https:\/\/partycypacjaobywatelska.pl\/forum-2015\/wp-json\/wp\/v2\/types\/page"}],"author":[{"embeddable":true,"href":"https:\/\/partycypacjaobywatelska.pl\/forum-2015\/wp-json\/wp\/v2\/users\/1"}],"replies":[{"embeddable":true,"href":"https:\/\/partycypacjaobywatelska.pl\/forum-2015\/wp-json\/wp\/v2\/comments?post=5"}],"version-history":[{"count":2,"href":"https:\/\/partycypacjaobywatelska.pl\/forum-2015\/wp-json\/wp\/v2\/pages\/5\/revisions"}],"predecessor-version":[{"id":1697,"href":"https:\/\/partycypacjaobywatelska.pl\/forum-2015\/wp-json\/wp\/v2\/pages\/5\/revisions\/1697"}],"wp:attachment":[{"href":"https:\/\/partycypacjaobywatelska.pl\/forum-2015\/wp-json\/wp\/v2\/media?parent=5"}],"curies":[{"name":"wp","href":"https:\/\/api.w.org\/{rel}","templated":true}]}}