{"id":486,"date":"2015-05-11T08:41:21","date_gmt":"2015-05-11T08:41:21","guid":{"rendered":"http:\/\/partycypacjaobywatelska.pl\/forum-2015\/?page_id=486"},"modified":"2015-06-18T07:39:16","modified_gmt":"2015-06-18T07:39:16","slug":"badaj-i-partycypuj-diagnoza-lokalna-jako-element-procesow-uspoleczniania-decyzji","status":"publish","type":"page","link":"https:\/\/partycypacjaobywatelska.pl\/forum-2015\/badaj-i-partycypuj-diagnoza-lokalna-jako-element-procesow-uspoleczniania-decyzji\/","title":{"rendered":"Badaj i partycypuj. Diagnoza lokalna jako element proces\u00f3w uspo\u0142eczniania decyzji"},"content":{"rendered":"<p><span style=\"color: #808080\">Prowadz\u0105ce:<\/span><\/p>\n<p>Maria Makowska, Fundacja Szko\u0142a Lider\u00f3w<br \/>\nAgata Urbanik, Fundacja Pole Dialogu<\/p>\n<p><span style=\"color: #808080\">Termin:<\/span> 2 dzie\u0144 (29 maja, pi\u0105tek), godz. 10:45-12:15<\/p>\n<p><span style=\"color: #808080\">Miejsce:<\/span> III pi\u0119tro, strefa E<\/p>\n<p dir=\"ltr\"><span style=\"color: #999999\">Formu\u0142a sesji:<\/span> <span style=\"color: #0000ff\">sesja szkoleniowa<\/span><\/p>\n<p dir=\"ltr\"><span style=\"color: #ffffff\">.<\/span><\/p>\n<p>Czy przypominasz sobie moment, kiedy pojawiaj\u0105ca si\u0119 w po\u0142owie spotkania konsultacyjnego zaskakuj\u0105ca informacja zbi\u0142a Ci\u0119 z tropu? Czy spotka\u0142e\u015b\/a\u015b si\u0119 z uwagami, \u017ce organizuj\u0105c proces partycypacyjny, nie wzi\u0119\u0142e\u015b\/wzi\u0119\u0142a\u015b pod uwag\u0119 wa\u017cnego punktu widzenia lub nie uwzgl\u0119dni\u0142e\u015b\/a\u015b istotnej grupy interesariuszy? Czy okaza\u0142o si\u0119, \u017ce uczestnicy Twojego spotkania maj\u0105 r\u00f3\u017cn\u0105 wiedz\u0119 na dyskutowany temat?<\/p>\n<p>Je\u015bli<\/p>\n<p style=\"padding-left: 30px\">&#8211; cho\u0107 na jedno z tych pyta\u0144 odpowiadasz \u201etak\u201d,<br \/>\n&#8211; przypominasz sobie inne sytuacje, w kt\u00f3rych brak wiedzy by\u0142 przeszkod\u0105 w organizowaniu procesu partycypacyjnego,<br \/>\n&#8211; zastanawiasz si\u0119, jaka jest r\u00f3\u017cnica mi\u0119dzy badaniami spo\u0142ecznymi, konsultacjami a partycypacj\u0105,<br \/>\n&#8211; chcesz si\u0119 dowiedzie\u0107, jak zabra\u0107 si\u0119 za diagnoz\u0119 lokaln\u0105 lub<br \/>\n&#8211; chcesz si\u0119 podzieli\u0107 swoimi do\u015bwiadczeniami z prowadzenia bada\u0144 w procesach partycypacyjnych,<\/p>\n<p>\u00a0ta sesja by\u0142a\u00a0w\u0142a\u015bnie dla Ciebie!<\/p>\n<p>Diagnoza lokalna to proces poznawania \u015brodowiska swojego dzia\u0142ania, pracy, \u017cycia poprzez zadawanie pyta\u0144 i szukanie na nie odpowiedzi przy wykorzystaniu metod bada\u0144 spo\u0142ecznych. Diagnoza mo\u017ce by\u0107 cennym narz\u0119dziem dla praktyk\u00f3w i praktyczek partycypacji, poniewa\u017c pozwala mi\u0119dzy innymi zdoby\u0107 now\u0105 wiedz\u0119, pozna\u0107 kontekst konsultowanego zagadnienia z innych perspektyw, a dzi\u0119ki temu odrzuci\u0107 utarte za\u0142o\u017cenia i schematy. Uzyskana dzi\u0119ki diagnozie \u015bwie\u017co\u015b\u0107 spojrzenia pozwala lepiej planowa\u0107 dzia\u0142ania zgodnie z potrzebami ich odbiorc\u00f3w.<\/p>\n<p>Podczas sesji pokaza\u0142y\u015bmy na wzi\u0119tych z \u017cycia przyk\u0142adach, w jakich sytuacjach warto w\u0142\u0105cza\u0107 diagnoz\u0119 lokaln\u0105 w procesy partycypacyjne, a tak\u017ce, co opr\u00f3cz nowej wiedzy mo\u017ce ona nam przynie\u015b\u0107. Zaprezentowa\u0142y\u015bmy w skondensowanej formie, jak mo\u017cna zaplanowa\u0107 proces diagnozy lokalnej oraz z jakich podstawowych technik badawczych mo\u017cna skorzysta\u0107. Zach\u0119ci\u0142y\u015bmy uczestnik\u00f3w i uczestniczki do opracowania pomys\u0142u na swoj\u0105 diagnoz\u0119 lokaln\u0105.<\/p>\n<p><a href=\"http:\/\/partycypacjaobywatelska.pl\/forum-2015\/program\/\">Powr\u00f3t do programu Forum<\/a><\/p>\n<div id='gallery-1' class='gallery galleryid-486 gallery-columns-3 gallery-size-thumbnail'><dl class='gallery-item'>\n\t\t\t<dt class='gallery-icon landscape'>\n\t\t\t\t<a href='https:\/\/partycypacjaobywatelska.pl\/forum-2015\/badaj-i-partycypuj-diagnoza-lokalna-jako-element-procesow-uspoleczniania-decyzji\/_j2a0188-2\/'><img width=\"150\" height=\"150\" src=\"https:\/\/partycypacjaobywatelska.pl\/forum-2015\/wp-content\/uploads\/sites\/3\/2015\/05\/J2A0188-2-150x150.jpg\" class=\"attachment-thumbnail size-thumbnail\" alt=\"\" loading=\"lazy\" \/><\/a>\n\t\t\t<\/dt><\/dl>\n\t\t\t<br style='clear: both' \/>\n\t\t<\/div>\n\n<p dir=\"ltr\"><span style=\"color: #ffffff\">.<\/span><span style=\"color: #808080\"><strong>Materia\u0142y, z kt\u00f3rymi warto si\u0119 zapozna\u0107 przed lub po sesji:<\/strong><\/span><\/p>\n<p dir=\"ltr\">Aleksandra Daszkowska-Kami\u0144ska, Aleksandra Go\u0142dys, Maria Makowska, Agata Urbanik. <a href=\"http:\/\/www.pcyf.org.pl\/index.php?s1=programy&amp;s2=realizowane&amp;s3=projekt_edukacji_NGO&amp;s4=podrecznik_przepis_na_diagnoze\" target=\"_blank\">Przepis na diagnoz\u0119, czyli poznaj m\u0142odych i \u015brodowisko lokalne<\/a>, Polska Fundacja Dzieci i M\u0142odzie\u017cy, Warszawa 2013.<\/p>\n<p dir=\"ltr\"><a href=\"http:\/\/www.szkola-liderow.pl\/\" target=\"_blank\"><img loading=\"lazy\" class=\"  wp-image-497 alignnone\" src=\"http:\/\/partycypacjaobywatelska.pl\/forum-2015\/wp-content\/uploads\/sites\/3\/2015\/05\/2-5-szkola-liderow.jpg\" alt=\"2-5-szkola-liderow\" width=\"106\" height=\"128\" srcset=\"https:\/\/partycypacjaobywatelska.pl\/forum-2015\/wp-content\/uploads\/sites\/3\/2015\/05\/2-5-szkola-liderow.jpg 667w, https:\/\/partycypacjaobywatelska.pl\/forum-2015\/wp-content\/uploads\/sites\/3\/2015\/05\/2-5-szkola-liderow-250x300.jpg 250w, https:\/\/partycypacjaobywatelska.pl\/forum-2015\/wp-content\/uploads\/sites\/3\/2015\/05\/2-5-szkola-liderow-177x212.jpg 177w\" sizes=\"(max-width: 106px) 100vw, 106px\" \/>\u00a0\u00a0\u00a0\u00a0\u00a0\u00a0<\/a><a href=\"http:\/\/www.poledialogu.org.pl\/\" target=\"_blank\"><img loading=\"lazy\" class=\"  wp-image-390 alignnone\" src=\"http:\/\/partycypacjaobywatelska.pl\/forum-2015\/wp-content\/uploads\/sites\/3\/2015\/05\/poledialogu.jpg\" alt=\"poledialogu\" width=\"99\" height=\"129\" srcset=\"https:\/\/partycypacjaobywatelska.pl\/forum-2015\/wp-content\/uploads\/sites\/3\/2015\/05\/poledialogu.jpg 495w, https:\/\/partycypacjaobywatelska.pl\/forum-2015\/wp-content\/uploads\/sites\/3\/2015\/05\/poledialogu-229x300.jpg 229w, https:\/\/partycypacjaobywatelska.pl\/forum-2015\/wp-content\/uploads\/sites\/3\/2015\/05\/poledialogu-177x232.jpg 177w\" sizes=\"(max-width: 99px) 100vw, 99px\" \/><\/a><\/p>\n","protected":false},"excerpt":{"rendered":"<p>Prowadz\u0105ce: Maria Makowska, Fundacja Szko\u0142a Lider\u00f3w Agata Urbanik, Fundacja Pole Dialogu Termin: 2 dzie\u0144 (29 maja, pi\u0105tek), godz. 10:45-12:15 Miejsce: III pi\u0119tro, strefa E Formu\u0142a sesji: sesja szkoleniowa . Czy przypominasz sobie moment, kiedy pojawiaj\u0105ca si\u0119 w po\u0142owie spotkania konsultacyjnego zaskakuj\u0105ca informacja zbi\u0142a Ci\u0119 z tropu? Czy spotka\u0142e\u015b\/a\u015b si\u0119 z uwagami, \u017ce organizuj\u0105c proces partycypacyjny, [&hellip;]<\/p>\n","protected":false},"author":1,"featured_media":0,"parent":0,"menu_order":0,"comment_status":"open","ping_status":"open","template":"template-forum_praktykow.php","meta":[],"_links":{"self":[{"href":"https:\/\/partycypacjaobywatelska.pl\/forum-2015\/wp-json\/wp\/v2\/pages\/486"}],"collection":[{"href":"https:\/\/partycypacjaobywatelska.pl\/forum-2015\/wp-json\/wp\/v2\/pages"}],"about":[{"href":"https:\/\/partycypacjaobywatelska.pl\/forum-2015\/wp-json\/wp\/v2\/types\/page"}],"author":[{"embeddable":true,"href":"https:\/\/partycypacjaobywatelska.pl\/forum-2015\/wp-json\/wp\/v2\/users\/1"}],"replies":[{"embeddable":true,"href":"https:\/\/partycypacjaobywatelska.pl\/forum-2015\/wp-json\/wp\/v2\/comments?post=486"}],"version-history":[{"count":3,"href":"https:\/\/partycypacjaobywatelska.pl\/forum-2015\/wp-json\/wp\/v2\/pages\/486\/revisions"}],"predecessor-version":[{"id":495,"href":"https:\/\/partycypacjaobywatelska.pl\/forum-2015\/wp-json\/wp\/v2\/pages\/486\/revisions\/495"}],"wp:attachment":[{"href":"https:\/\/partycypacjaobywatelska.pl\/forum-2015\/wp-json\/wp\/v2\/media?parent=486"}],"curies":[{"name":"wp","href":"https:\/\/api.w.org\/{rel}","templated":true}]}}