{"id":477,"date":"2015-05-11T08:21:27","date_gmt":"2015-05-11T08:21:27","guid":{"rendered":"http:\/\/partycypacjaobywatelska.pl\/forum-2015\/?page_id=477"},"modified":"2015-06-18T08:12:30","modified_gmt":"2015-06-18T08:12:30","slug":"partycypacja-a-konflikt-razem-czy-osobno","status":"publish","type":"page","link":"https:\/\/partycypacjaobywatelska.pl\/forum-2015\/partycypacja-a-konflikt-razem-czy-osobno\/","title":{"rendered":"Partycypacja a konflikt \u2013 razem czy osobno?"},"content":{"rendered":"<p><span style=\"color: #808080\">Prowadz\u0105ce:<\/span><\/p>\n<p>Anna Biernat, Centrum Komunikacji Spo\u0142ecznej Urz\u0119du m.st. Warszawy<br \/>\nAleksandra Winiarska, Instytut Stosowanych Nauk Spo\u0142ecznych UW oraz Centrum Rozwi\u0105zywania Spor\u00f3w i Konflikt\u00f3w przy Wydziale Prawa i Administracji UW <a href=\"http:\/\/partycypacjaobywatelska.pl\/praktycy\/praktycy\/aleksandra-winiarska\/\" target=\"_blank\">&gt;&gt;<\/a><\/p>\n<p><span style=\"color: #808080\">Termin:<\/span> 2 dzie\u0144 (29 maja, pi\u0105tek), godz. 12:45-14:15<\/p>\n<p><span style=\"color: #808080\">Miejsce:<\/span> II pi\u0119tro, strefa H<\/p>\n<p><span style=\"color: #999999\">Formu\u0142a sesji:<\/span> <span style=\"color: #008000\">wymiana do\u015bwiadcze\u0144<\/span> z elementami sesji szkoleniowej<\/p>\n<p>&nbsp;<\/p>\n<p>Jednym z cel\u00f3w partycypacji jest dyskusja na wa\u017cne spo\u0142ecznie tematy, w kt\u00f3rej spotykaj\u0105 si\u0119 punkty widzenia oraz interesy przedstawicieli r\u00f3\u017cnych grup. Tam za\u015b, gdzie pojawiaj\u0105 si\u0119 r\u00f3\u017cnice interes\u00f3w, pojawia si\u0119 te\u017c nierzadko konflikt. Z punktu widzenia praktyk\u00f3w partycypacji wa\u017cne jest to, jak go rozpozna\u0107 i jakie dzia\u0142ania w tej sytuacji podj\u0105\u0107. Czy konsultacje spo\u0142eczne warto uzupe\u0142ni\u0107, a mo\u017ce zast\u0105pi\u0107 alternatywnymi sposobami rozwi\u0105zywania konflikt\u00f3w?<\/p>\n<p>Sesja skierowana by\u0142a do os\u00f3b (zar\u00f3wno przedstawicieli samorz\u0105du, jak i organizacji spo\u0142ecznych), kt\u00f3re w swojej dzia\u0142alno\u015bci partycypacyjnej do\u015bwiadczy\u0142y ju\u017c sytuacji konfliktowych, ale nie maj\u0105 pog\u0142\u0119bionej wiedzy na temat sposob\u00f3w ich rozwi\u0105zywania. W trakcie warsztatu wsp\u00f3lnie z jego uczestnikami rozmawiali\u015bmy o tym, z jakimi konfliktami spotykaj\u0105 si\u0119 w obszarze partycypacji, jak je rozpoznaj\u0105 i jak sobie z nimi radz\u0105.<\/p>\n<p>Wypracowali\u015bmy wsp\u00f3lnie list\u0119 sygna\u0142\u00f3w ostrzegawczych przydatnych w diagnozowaniu konflikt\u00f3w. Zaprezentowa\u0142y\u015bmy narz\u0119dzie do analizy konfliktu i zaprosili\u015bmy uczestnik\u00f3w do pracy nad studiami przypadku. Rozmawiali\u015bmy r\u00f3wnie\u017c kiedy warto organizowa\u0107 konsultacje spo\u0142eczne, a kiedy stosowa\u0107 inne narz\u0119dzia rozwi\u0105zywania konflikt\u00f3w, na przyk\u0142ad mediacje.<\/p>\n<p>&nbsp;<\/p>\n<p><span style=\"color: #808080\"><strong>Materia\u0142y, z kt\u00f3rymi warto si\u0119 zapozna\u0107:<\/strong><\/span><\/p>\n<p><a href=\"https:\/\/docs.google.com\/document\/d\/1-KF-YhGsFSos8WJJljyMJ_3plsv4uHpKwoFjQgE2KQk\/edit?usp=sharing\" target=\"_blank\"><strong>Notatka z sesji<\/strong><\/a> autorstwa Dagmary Gortych z Pracowni Bada\u0144 i Innowacji Spo\u0142ecznych &#8222;Stocznia&#8221;<\/p>\n<div id='gallery-1' class='gallery galleryid-477 gallery-columns-3 gallery-size-thumbnail'><dl class='gallery-item'>\n\t\t\t<dt class='gallery-icon landscape'>\n\t\t\t\t<a href='https:\/\/partycypacjaobywatelska.pl\/forum-2015\/partycypacja-a-konflikt-razem-czy-osobno\/_j2a0071-3\/'><img width=\"150\" height=\"150\" src=\"https:\/\/partycypacjaobywatelska.pl\/forum-2015\/wp-content\/uploads\/sites\/3\/2015\/05\/J2A0071-3-150x150.jpg\" class=\"attachment-thumbnail size-thumbnail\" alt=\"\" loading=\"lazy\" \/><\/a>\n\t\t\t<\/dt><\/dl>\n\t\t\t<br style='clear: both' \/>\n\t\t<\/div>\n\n<p><a href=\"http:\/\/konsultacje.um.warszawa.pl\/\" target=\"_blank\"><img loading=\"lazy\" class=\"  wp-image-379 alignnone\" src=\"http:\/\/partycypacjaobywatelska.pl\/forum-2015\/wp-content\/uploads\/sites\/3\/2015\/05\/warszawa_zakochaj_jpg.jpg\" alt=\"warszawa_zakochaj_jpg\" width=\"108\" height=\"126\" srcset=\"https:\/\/partycypacjaobywatelska.pl\/forum-2015\/wp-content\/uploads\/sites\/3\/2015\/05\/warszawa_zakochaj_jpg.jpg 212w, https:\/\/partycypacjaobywatelska.pl\/forum-2015\/wp-content\/uploads\/sites\/3\/2015\/05\/warszawa_zakochaj_jpg-177x207.jpg 177w\" sizes=\"(max-width: 108px) 100vw, 108px\" \/><\/a>\u00a0\u00a0\u00a0 <a href=\"http:\/\/mediacje.wpia.uw.edu.pl\/\" target=\"_blank\"><img loading=\"lazy\" class=\"  wp-image-480 alignnone\" src=\"http:\/\/partycypacjaobywatelska.pl\/forum-2015\/wp-content\/uploads\/sites\/3\/2015\/05\/Logo-CRSiK.jpg\" alt=\"Logo-CRSiK\" width=\"136\" height=\"126\" srcset=\"https:\/\/partycypacjaobywatelska.pl\/forum-2015\/wp-content\/uploads\/sites\/3\/2015\/05\/Logo-CRSiK.jpg 477w, https:\/\/partycypacjaobywatelska.pl\/forum-2015\/wp-content\/uploads\/sites\/3\/2015\/05\/Logo-CRSiK-300x277.jpg 300w, https:\/\/partycypacjaobywatelska.pl\/forum-2015\/wp-content\/uploads\/sites\/3\/2015\/05\/Logo-CRSiK-177x164.jpg 177w\" sizes=\"(max-width: 136px) 100vw, 136px\" \/><\/a><\/p>\n<p><a href=\"http:\/\/partycypacjaobywatelska.pl\/forum-2015\/program\/\">Powr\u00f3t do programu Forum<\/a><\/p>\n","protected":false},"excerpt":{"rendered":"<p>Prowadz\u0105ce: Anna Biernat, Centrum Komunikacji Spo\u0142ecznej Urz\u0119du m.st. Warszawy Aleksandra Winiarska, Instytut Stosowanych Nauk Spo\u0142ecznych UW oraz Centrum Rozwi\u0105zywania Spor\u00f3w i Konflikt\u00f3w przy Wydziale Prawa i Administracji UW &gt;&gt; Termin: 2 dzie\u0144 (29 maja, pi\u0105tek), godz. 12:45-14:15 Miejsce: II pi\u0119tro, strefa H Formu\u0142a sesji: wymiana do\u015bwiadcze\u0144 z elementami sesji szkoleniowej &nbsp; Jednym z cel\u00f3w partycypacji [&hellip;]<\/p>\n","protected":false},"author":1,"featured_media":0,"parent":0,"menu_order":0,"comment_status":"open","ping_status":"open","template":"template-forum_praktykow.php","meta":[],"_links":{"self":[{"href":"https:\/\/partycypacjaobywatelska.pl\/forum-2015\/wp-json\/wp\/v2\/pages\/477"}],"collection":[{"href":"https:\/\/partycypacjaobywatelska.pl\/forum-2015\/wp-json\/wp\/v2\/pages"}],"about":[{"href":"https:\/\/partycypacjaobywatelska.pl\/forum-2015\/wp-json\/wp\/v2\/types\/page"}],"author":[{"embeddable":true,"href":"https:\/\/partycypacjaobywatelska.pl\/forum-2015\/wp-json\/wp\/v2\/users\/1"}],"replies":[{"embeddable":true,"href":"https:\/\/partycypacjaobywatelska.pl\/forum-2015\/wp-json\/wp\/v2\/comments?post=477"}],"version-history":[{"count":4,"href":"https:\/\/partycypacjaobywatelska.pl\/forum-2015\/wp-json\/wp\/v2\/pages\/477\/revisions"}],"predecessor-version":[{"id":1481,"href":"https:\/\/partycypacjaobywatelska.pl\/forum-2015\/wp-json\/wp\/v2\/pages\/477\/revisions\/1481"}],"wp:attachment":[{"href":"https:\/\/partycypacjaobywatelska.pl\/forum-2015\/wp-json\/wp\/v2\/media?parent=477"}],"curies":[{"name":"wp","href":"https:\/\/api.w.org\/{rel}","templated":true}]}}