{"id":438,"date":"2015-05-09T10:53:16","date_gmt":"2015-05-09T10:53:16","guid":{"rendered":"http:\/\/partycypacjaobywatelska.pl\/forum-2015\/?page_id=438"},"modified":"2015-06-18T08:04:40","modified_gmt":"2015-06-18T08:04:40","slug":"rady-dzielnic-osiedli-pomagaja-czy-przeszkadzaja-w-procesach-partycypacji-obywatelskiej","status":"publish","type":"page","link":"https:\/\/partycypacjaobywatelska.pl\/forum-2015\/rady-dzielnic-osiedli-pomagaja-czy-przeszkadzaja-w-procesach-partycypacji-obywatelskiej\/","title":{"rendered":"Rady dzielnic i osiedli pomagaj\u0105 czy przeszkadzaj\u0105 w procesach partycypacji obywatelskiej?"},"content":{"rendered":"<p><span style=\"color: #808080\">Prowadz\u0105ce: <\/span><\/p>\n<p>Maria Klaman, Towarzystwo Inicjatyw Tw\u00f3rczych \u201e\u0119\u201d \/ Krytyka Polityczna<br \/>\nEwa Lieder, Przewodnicz\u0105ca Zarz\u0105du Dzielnicy Wrzeszcz Dolny w Gda\u0144sku<\/p>\n<p><span style=\"color: #808080\">Termin:<\/span> 2 dzie\u0144 (29 maja, pi\u0105tek), godz. 10:45-12:15<\/p>\n<p><span style=\"color: #808080\">Miejsce:<\/span> III pi\u0119tro, strefa F<\/p>\n<p><span style=\"color: #808080\">Formu\u0142a sesji:<\/span> <span style=\"color: #008000\">wymiana do\u015bwiadcze\u0144 <span style=\"color: #000000\">z elementami sesji <\/span><\/span><span style=\"color: #008000\"><span style=\"color: #000000\">dyskusyjnej<\/span><\/span><\/p>\n<p>&nbsp;<\/p>\n<p class=\"gmail_default\">Podczas sesji przedstawi\u0142y\u015bmy sukcesy i dobre praktyki rad dzielnic\/osiedli w dzia\u0142aniach partycypacyjnych w skali dzielnicy\/osiedla, np. bud\u017cetu obywatelskiego (na poziomie dzielnicy i na poziomie miejskim) oraz planowania partycypacyjnego teren\u00f3w rekreacyjnych.<\/p>\n<p class=\"gmail_default\">Nast\u0119pnie zaprosi\u0142y\u015bmy uczestnik\u00f3w do rozmowy i wymiany do\u015bwiadcze\u0144 na temat partycypacji obywatelskiej w radach dzielnic\/osiedli. Wsp\u00f3lnie zastanowili\u015bmy si\u0119 nad tym, czy rady dzielnic\/osiedli s\u0105 gotowe do zwi\u0119kszania uczestnictwa mieszka\u0144c\u00f3w w decydowaniu o przysz\u0142o\u015bci dzielnicy\/osiedla? Jakie pozytywne skutki mo\u017ce przynie\u015b\u0107 korzystanie z narz\u0119dzi partycypacji publicznej mieszka\u0144com dzielnic\/osiedli, a jakie radnym oraz z jakimi niebezpiecze\u0144stwami si\u0119 to wi\u0105\u017ce? Jak dalece radni dzielnicowi\/zarz\u0105dy rad s\u0105 ch\u0119tni do wsp\u00f3\u0142pracy z urz\u0119dnikami i radnymi miejskimi w procesach partycypacyjnych og\u00f3lnomiejskich? Czy posiadaj\u0105 odpowiedni\u0105 wiedz\u0119 i narz\u0119dzia? Czego potrzebuj\u0105, by dzia\u0142a\u0107 bardziej demokratycznie, promowa\u0107 i stosowa\u0107 partycypacj\u0119 obywatelsk\u0105? Gdzie jako praktycy partycypacji mo\u017cemy szuka\u0107 p\u0142aszczyzny do wsp\u00f3\u0142pracy z radami dzielnic\/osiedl i jak mo\u017cemy je wesprze\u0107 w dzia\u0142aniach partycypacyjnych?<\/p>\n<p class=\"gmail_default\">W ko\u0144cowej cz\u0119\u015bci sesji poprosi\u0142y\u015bmy uczestnik\u00f3w o wypisanie temat\u00f3w, o kt\u00f3rych w kontek\u015bcie zagadnie\u0144 sesji chcieli\/chcia\u0142y dodatkowo porozmawia\u0107 i przedyskutujemy temat, kt\u00f3ry b\u0119dzie cieszy\u0142 si\u0119 w\u015br\u00f3d Was najwi\u0119ksz\u0105 popularno\u015bci\u0105.<\/p>\n<p>A mo\u017ce uwa\u017cacie, \u017ce partycypacja na szczeblu rad dzielnic\/osiedli to przesada i koszmar partycypacji? A rady dzielnic\/osiedli to tylko &#8222;trampolina polityczna&#8221; dla m\u0142odych dzia\u0142aczy\/dzia\u0142aczek partyjnych?<\/p>\n<p>Do udzia\u0142u w sesji, wymiany do\u015bwiadcze\u0144 i dyskusji zaprosi\u0142y\u015bmy szczeg\u00f3lnie:<br \/>\n&#8211; osoby, kt\u00f3re s\u0105 zainteresowane dzia\u0142aniami partycypacyjnymi w partnerstwie z radami dzielnic\/osiedl, ale jeszcze nie wiedz\u0105 jak si\u0119 za to zabra\u0107;<br \/>\n&#8211; osoby, kt\u00f3re maj\u0105 do\u015bwiadczenie we wsp\u00f3\u0142pracy z radami dzielnic\/osiedli nie tylko w obszarze partycypacji publicznej;<br \/>\n&#8211; aktywist\u00f3w \/ aktywistki, kt\u00f3rzy my\u015bl\u0105 o zaanga\u017cowaniu si\u0119 jako radni\/radne dzielnic\/osiedli czy radnych\/radne miasta;<br \/>\n&#8211; praktyk\u00f3w partycypacji, kt\u00f3rzy chcieliby wykorzysta\u0107 swoj\u0105 wiedz\u0119 i umiej\u0119tno\u015bci we wsp\u00f3\u0142pracy z radami dzielnic\/osiedli;<br \/>\n&#8211; cz\u0142onk\u00f3w i cz\u0142onkinie rad dzielnic\/osiedli.<\/p>\n<p>&nbsp;<\/p>\n<p><span style=\"color: #808080\"><strong>Materia\u0142y, z kt\u00f3rymi warto si\u0119 zapozna\u0107 przed lub po sesji:<\/strong><\/span><\/p>\n<p><a href=\"http:\/\/dolnywrzeszczbudzet.blogspot.com\/\" target=\"_blank\">Strona Rady Dzielnicy Wrzeszcz Dolny w Gda\u0144sku<\/a><\/p>\n<p>&nbsp;<\/p>\n<p><a href=\"http:\/\/e.org.pl\/\" target=\"_blank\"><img loading=\"lazy\" class=\"  wp-image-444 alignleft\" src=\"http:\/\/partycypacjaobywatelska.pl\/forum-2015\/wp-content\/uploads\/sites\/3\/2015\/05\/logo_e_male.jpg\" alt=\"logo_e_male\" width=\"160\" height=\"99\" srcset=\"https:\/\/partycypacjaobywatelska.pl\/forum-2015\/wp-content\/uploads\/sites\/3\/2015\/05\/logo_e_male.jpg 627w, https:\/\/partycypacjaobywatelska.pl\/forum-2015\/wp-content\/uploads\/sites\/3\/2015\/05\/logo_e_male-300x187.jpg 300w, https:\/\/partycypacjaobywatelska.pl\/forum-2015\/wp-content\/uploads\/sites\/3\/2015\/05\/logo_e_male-177x110.jpg 177w\" sizes=\"(max-width: 160px) 100vw, 160px\" \/><\/a> \u00a0 \u00a0 \u00a0\u00a0 <a href=\"http:\/\/www.krytykapolityczna.pl\/\" target=\"_blank\"><img loading=\"lazy\" class=\"  wp-image-447 alignnone\" src=\"http:\/\/partycypacjaobywatelska.pl\/forum-2015\/wp-content\/uploads\/sites\/3\/2015\/05\/krytyka_polityczna.jpg\" alt=\"krytyka_polityczna\" width=\"100\" height=\"100\" srcset=\"https:\/\/partycypacjaobywatelska.pl\/forum-2015\/wp-content\/uploads\/sites\/3\/2015\/05\/krytyka_polityczna.jpg 160w, https:\/\/partycypacjaobywatelska.pl\/forum-2015\/wp-content\/uploads\/sites\/3\/2015\/05\/krytyka_polityczna-150x150.jpg 150w\" sizes=\"(max-width: 100px) 100vw, 100px\" \/><\/a>\u00a0 \u00a0 \u00a0 \u00a0 <span style=\"color: #808080\"><a href=\"http:\/\/dolnywrzeszczbudzet.blogspot.com\/\" target=\"_blank\"><img loading=\"lazy\" class=\"  wp-image-448 alignnone\" src=\"http:\/\/partycypacjaobywatelska.pl\/forum-2015\/wp-content\/uploads\/sites\/3\/2015\/05\/wrzeszcz.png\" alt=\"wrzeszcz\" width=\"272\" height=\"100\" srcset=\"https:\/\/partycypacjaobywatelska.pl\/forum-2015\/wp-content\/uploads\/sites\/3\/2015\/05\/wrzeszcz.png 267w, https:\/\/partycypacjaobywatelska.pl\/forum-2015\/wp-content\/uploads\/sites\/3\/2015\/05\/wrzeszcz-177x65.png 177w\" sizes=\"(max-width: 272px) 100vw, 272px\" \/><\/a><\/span><\/p>\n<p>&nbsp;<\/p>\n","protected":false},"excerpt":{"rendered":"<p>Prowadz\u0105ce: Maria Klaman, Towarzystwo Inicjatyw Tw\u00f3rczych \u201e\u0119\u201d \/ Krytyka Polityczna Ewa Lieder, Przewodnicz\u0105ca Zarz\u0105du Dzielnicy Wrzeszcz Dolny w Gda\u0144sku Termin: 2 dzie\u0144 (29 maja, pi\u0105tek), godz. 10:45-12:15 Miejsce: III pi\u0119tro, strefa F Formu\u0142a sesji: wymiana do\u015bwiadcze\u0144 z elementami sesji dyskusyjnej &nbsp; Podczas sesji przedstawi\u0142y\u015bmy sukcesy i dobre praktyki rad dzielnic\/osiedli w dzia\u0142aniach partycypacyjnych w skali [&hellip;]<\/p>\n","protected":false},"author":1,"featured_media":0,"parent":0,"menu_order":0,"comment_status":"open","ping_status":"open","template":"template-forum_praktykow.php","meta":[],"_links":{"self":[{"href":"https:\/\/partycypacjaobywatelska.pl\/forum-2015\/wp-json\/wp\/v2\/pages\/438"}],"collection":[{"href":"https:\/\/partycypacjaobywatelska.pl\/forum-2015\/wp-json\/wp\/v2\/pages"}],"about":[{"href":"https:\/\/partycypacjaobywatelska.pl\/forum-2015\/wp-json\/wp\/v2\/types\/page"}],"author":[{"embeddable":true,"href":"https:\/\/partycypacjaobywatelska.pl\/forum-2015\/wp-json\/wp\/v2\/users\/1"}],"replies":[{"embeddable":true,"href":"https:\/\/partycypacjaobywatelska.pl\/forum-2015\/wp-json\/wp\/v2\/comments?post=438"}],"version-history":[{"count":4,"href":"https:\/\/partycypacjaobywatelska.pl\/forum-2015\/wp-json\/wp\/v2\/pages\/438\/revisions"}],"predecessor-version":[{"id":1045,"href":"https:\/\/partycypacjaobywatelska.pl\/forum-2015\/wp-json\/wp\/v2\/pages\/438\/revisions\/1045"}],"wp:attachment":[{"href":"https:\/\/partycypacjaobywatelska.pl\/forum-2015\/wp-json\/wp\/v2\/media?parent=438"}],"curies":[{"name":"wp","href":"https:\/\/api.w.org\/{rel}","templated":true}]}}