{"id":400,"date":"2015-05-07T19:14:14","date_gmt":"2015-05-07T19:14:14","guid":{"rendered":"http:\/\/partycypacjaobywatelska.pl\/forum-2015\/?page_id=400"},"modified":"2015-06-18T07:42:09","modified_gmt":"2015-06-18T07:42:09","slug":"jak-tworzyc-przestrzen-dla-dobrej-dyskusji-i-spotkania-rola-i-zadania-moderatora","status":"publish","type":"page","link":"https:\/\/partycypacjaobywatelska.pl\/forum-2015\/jak-tworzyc-przestrzen-dla-dobrej-dyskusji-i-spotkania-rola-i-zadania-moderatora\/","title":{"rendered":"Jak tworzy\u0107 przestrze\u0144 dla dobrej dyskusji i spotkania? \u2013 rola i zadania moderatora"},"content":{"rendered":"<p><span style=\"color: #808080\">Prowadz\u0105ce: <\/span><\/p>\n<p>Agnieszka Maszkowska, Fundacja SocLab\u00a0<a href=\"http:\/\/partycypacjaobywatelska.pl\/praktycy\/praktycy\/agnieszka-maszkowska\/\" target=\"_blank\">&gt;&gt;<\/a><br \/>\nDorota Kostowska &#8211; facylitatorka graficzna, specka od webinari\u00f3w, trenerka wyst\u0105pie\u0144 publicznych (<a href=\"http:\/\/www.dorotakostowska.pl\/\">www.dorotakostowska.pl<\/a>)<\/p>\n<p><span style=\"color: #808080\">Termin:<\/span> 2 dzie\u0144 (29 maja, pi\u0105tek), godz. 10:45-12.15<\/p>\n<p><span style=\"color: #808080\">Miejsce:<\/span> III pi\u0119tro, strefa A<\/p>\n<p><span style=\"color: #808080\">Formu\u0142a sesji:<\/span>\u00a0<span style=\"color: #0000ff\">sesja szkoleniowa<\/span><\/p>\n<p>&nbsp;<\/p>\n<p>Dobre spotkanie konsultacyjne to takie, gdzie cel jest znany, uczestnicy maj\u0105 przestrze\u0144 do wypowiedzi i udzia\u0142u, a atmosfera sprzyja ujawnianiu w\u0142asnych opinii i rzeczowej dyskusji. Jaka jest w tym rola moderatora? Czym cechuje si\u0119 dobry facylitator?<\/p>\n<p>Podczas sesji prze\u0107wiczyli\u015bmy podstawowe narz\u0119dzia facylitacyjne, umo\u017cliwiaj\u0105ce efektywn\u0105 prac\u0119 grupow\u0105. Zaproponujemy kilka ciekawych metod prowadzenia dyskusji. Zastanowili\u015bmy si\u0119 r\u00f3wnie\u017c, co mo\u017cna zrobi\u0107, gdy dyskusja zbacza z tematu, gdy atmosfera jest zbyt gor\u0105ca lub&#8230; na sali jest cisza. Co robi\u0107, by zaanga\u017cowa\u0107 uczestnik\u00f3w i o\u015bmieli\u0107 milczk\u00f3w?<\/p>\n<p>Sesja przeznaczona by\u0142a dla os\u00f3b, kt\u00f3re zamierzaj\u0105 podj\u0105\u0107 si\u0119 roli moderator\u00f3w\/rek w procesach partycypacyjnych.<\/p>\n<p><a href=\"http:\/\/partycypacjaobywatelska.pl\/forum-2015\/program\/\">Powr\u00f3t do programu Forum<\/a><\/p>\n<div id='gallery-1' class='gallery galleryid-400 gallery-columns-3 gallery-size-thumbnail'><dl class='gallery-item'>\n\t\t\t<dt class='gallery-icon landscape'>\n\t\t\t\t<a href='https:\/\/partycypacjaobywatelska.pl\/forum-2015\/jak-tworzyc-przestrzen-dla-dobrej-dyskusji-i-spotkania-rola-i-zadania-moderatora\/_j2a0177-2-2\/'><img width=\"150\" height=\"150\" src=\"https:\/\/partycypacjaobywatelska.pl\/forum-2015\/wp-content\/uploads\/sites\/3\/2015\/05\/J2A0177-2-150x150.jpg\" class=\"attachment-thumbnail size-thumbnail\" alt=\"\" loading=\"lazy\" \/><\/a>\n\t\t\t<\/dt><\/dl>\n\t\t\t<br style='clear: both' \/>\n\t\t<\/div>\n\n<p><span style=\"color: #808080\"><a href=\"http:\/\/www.soclab.org.pl\/\" target=\"_blank\"><img loading=\"lazy\" class=\"  wp-image-401 alignnone\" src=\"http:\/\/partycypacjaobywatelska.pl\/forum-2015\/wp-content\/uploads\/sites\/3\/2015\/05\/indeks.jpg\" alt=\"indeks\" width=\"152\" height=\"132\" srcset=\"https:\/\/partycypacjaobywatelska.pl\/forum-2015\/wp-content\/uploads\/sites\/3\/2015\/05\/indeks.jpg 241w, https:\/\/partycypacjaobywatelska.pl\/forum-2015\/wp-content\/uploads\/sites\/3\/2015\/05\/indeks-177x153.jpg 177w\" sizes=\"(max-width: 152px) 100vw, 152px\" \/><\/a><\/span><span style=\"color: #808080\"><a href=\"http:\/\/www.soclab.org.pl\/\" target=\"_blank\"><span style=\"color: #ffffff\">\u00a0\u00a0\u00a0\u00a0 <\/span><\/a><\/span><span style=\"color: #808080\"><a href=\"http:\/\/www.soclab.org.pl\/\" target=\"_blank\">\u00a0<\/a><\/span><span style=\"color: #808080\"><a href=\"http:\/\/dorotakostowska.pl\/\" target=\"_blank\"><img loading=\"lazy\" class=\"  wp-image-402 alignnone\" src=\"http:\/\/partycypacjaobywatelska.pl\/forum-2015\/wp-content\/uploads\/sites\/3\/2015\/05\/logo-DK1-300x129.png\" alt=\"logo-DK1-300x129\" width=\"245\" height=\"105\" srcset=\"https:\/\/partycypacjaobywatelska.pl\/forum-2015\/wp-content\/uploads\/sites\/3\/2015\/05\/logo-DK1-300x129.png 300w, https:\/\/partycypacjaobywatelska.pl\/forum-2015\/wp-content\/uploads\/sites\/3\/2015\/05\/logo-DK1-300x129-177x76.png 177w\" sizes=\"(max-width: 245px) 100vw, 245px\" \/><\/a><\/span><\/p>\n","protected":false},"excerpt":{"rendered":"<p>Prowadz\u0105ce: Agnieszka Maszkowska, Fundacja SocLab\u00a0&gt;&gt; Dorota Kostowska &#8211; facylitatorka graficzna, specka od webinari\u00f3w, trenerka wyst\u0105pie\u0144 publicznych (www.dorotakostowska.pl) Termin: 2 dzie\u0144 (29 maja, pi\u0105tek), godz. 10:45-12.15 Miejsce: III pi\u0119tro, strefa A Formu\u0142a sesji:\u00a0sesja szkoleniowa &nbsp; Dobre spotkanie konsultacyjne to takie, gdzie cel jest znany, uczestnicy maj\u0105 przestrze\u0144 do wypowiedzi i udzia\u0142u, a atmosfera sprzyja ujawnianiu w\u0142asnych [&hellip;]<\/p>\n","protected":false},"author":1,"featured_media":0,"parent":0,"menu_order":0,"comment_status":"open","ping_status":"open","template":"template-forum_praktykow.php","meta":[],"_links":{"self":[{"href":"https:\/\/partycypacjaobywatelska.pl\/forum-2015\/wp-json\/wp\/v2\/pages\/400"}],"collection":[{"href":"https:\/\/partycypacjaobywatelska.pl\/forum-2015\/wp-json\/wp\/v2\/pages"}],"about":[{"href":"https:\/\/partycypacjaobywatelska.pl\/forum-2015\/wp-json\/wp\/v2\/types\/page"}],"author":[{"embeddable":true,"href":"https:\/\/partycypacjaobywatelska.pl\/forum-2015\/wp-json\/wp\/v2\/users\/1"}],"replies":[{"embeddable":true,"href":"https:\/\/partycypacjaobywatelska.pl\/forum-2015\/wp-json\/wp\/v2\/comments?post=400"}],"version-history":[{"count":5,"href":"https:\/\/partycypacjaobywatelska.pl\/forum-2015\/wp-json\/wp\/v2\/pages\/400\/revisions"}],"predecessor-version":[{"id":1677,"href":"https:\/\/partycypacjaobywatelska.pl\/forum-2015\/wp-json\/wp\/v2\/pages\/400\/revisions\/1677"}],"wp:attachment":[{"href":"https:\/\/partycypacjaobywatelska.pl\/forum-2015\/wp-json\/wp\/v2\/media?parent=400"}],"curies":[{"name":"wp","href":"https:\/\/api.w.org\/{rel}","templated":true}]}}