{"id":384,"date":"2015-05-07T18:24:35","date_gmt":"2015-05-07T18:24:35","guid":{"rendered":"http:\/\/partycypacjaobywatelska.pl\/forum-2015\/?page_id=384"},"modified":"2015-06-18T07:34:34","modified_gmt":"2015-06-18T07:34:34","slug":"z-klasa-o-kulturze","status":"publish","type":"page","link":"https:\/\/partycypacjaobywatelska.pl\/forum-2015\/z-klasa-o-kulturze\/","title":{"rendered":"Z klas\u0105 o kulturze"},"content":{"rendered":"<p><span style=\"color: #808080\">Prowadz\u0105ce: <\/span><\/p>\n<p>Dorota Olko, Fundacja Pole Dialogu oraz Instytut Socjologii UW<\/p>\n<p>Katarzyna Murawska, Fundacja Pole Dialogu oraz Instytut Socjologii UW<\/p>\n<p><span style=\"color: #808080\">Termin:<\/span> 2 dzie\u0144 (29 maja, pi\u0105tek), godz. 9:30-10:30<\/p>\n<p><span style=\"color: #808080\">Miejsce:<\/span> II pi\u0119tro, strefa L<\/p>\n<p><span style=\"color: #808080\">Formu\u0142a sesji:<\/span>\u00a0<span style=\"color: #ff00ff\">spotkanie \u015bniadaniowe<\/span><\/p>\n<p>&nbsp;<\/p>\n<p>W czasie sesji skupi\u0142y\u015bmy si\u0119 na problemie w\u0142\u0105czania os\u00f3b o zr\u00f3\u017cnicowanym statusie spo\u0142ecznym w podejmowanie decyzji dotycz\u0105cych dzia\u0142a\u0144 lokalnych instytucji, ze szczeg\u00f3lnym uwzgl\u0119dnieniem instytucji kultury.<\/p>\n<p>Przeprowadzi\u0142y\u015bmy fragment jednego z warsztat\u00f3w przeprowadzonych w ramach projektu \u201eZ klas\u0105 o kulturze\u201d, realizowanego przez Fundacj\u0119 Pole Dialogu wsp\u00f3lnie z domem kultury w kilkutysi\u0119cznym mie\u015bcie w wojew\u00f3dztwie warmi\u0144sko-mazurskim. Uczestnicy zostali zaproszeni do aktywnego udzia\u0142u w warsztacie, a nast\u0119pnie do kr\u00f3tkiej dyskusji na temat jego przebiegu \u2013 mocnych i s\u0142abych punkt\u00f3w oraz mo\u017cliwo\u015bci wykorzystania prezentowanych metod w innych projektach. Warsztat by\u0142 przyczynkiem do wsp\u00f3lnego namys\u0142u nad potencja\u0142em, wyzwaniami i barierami zwi\u0105zanymi z prowadzeniem dzia\u0142a\u0144 partycypacyjnych skierowanych do spo\u0142eczno\u015bci zr\u00f3\u017cnicowanej klasowo.<\/p>\n<p>Sesj\u0119 skierowa\u0142y\u015bmy przede wszystkim do os\u00f3b zajmuj\u0105cych si\u0119 animowaniem dzia\u0142a\u0144 kulturalnych i partycypacyjnych, do pracownik\u00f3w instytucji kultury oraz wszystkich zainteresowanych problematyk\u0105 wykluczenia i nier\u00f3wno\u015bci spo\u0142ecznych.<\/p>\n<p>&nbsp;<\/p>\n<p><strong><span style=\"color: #808080\">Materia\u0142y, z kt\u00f3rymi warto si\u0119 zapozna\u0107 przed lub po sesji:<\/span><br \/>\n<\/strong><\/p>\n<p><strong>Opis projektu <a href=\"http:\/\/www.poledialogu.org.pl\/projekt\/z-klasa-o-kulturze\/\" target=\"_blank\">Z klas\u0105 o kulturze<\/a><\/strong>, realizowanego przez Fundacj\u0119 Pole Dialogu w ramach programu Obywatele dla Demokracji, finansowanego z Funduszy EOG<\/p>\n<p>Raport \u201e<a href=\"http:\/\/issuu.com\/instytut.teatralny\/docs\/klasowe-zroznicowanie-stylow-zycia-\" target=\"_blank\"><strong>Klasowe zr\u00f3\u017cnicowanie styl\u00f3w \u017cycia a stosunek do teatru<\/strong><\/a>\u201d<\/p>\n<p><a href=\"http:\/\/www.poledialogu.org.pl\/\" target=\"_blank\"><img loading=\"lazy\" class=\"  wp-image-390 alignnone\" src=\"http:\/\/partycypacjaobywatelska.pl\/forum-2015\/wp-content\/uploads\/sites\/3\/2015\/05\/poledialogu.jpg\" alt=\"poledialogu\" width=\"133\" height=\"174\" srcset=\"https:\/\/partycypacjaobywatelska.pl\/forum-2015\/wp-content\/uploads\/sites\/3\/2015\/05\/poledialogu.jpg 495w, https:\/\/partycypacjaobywatelska.pl\/forum-2015\/wp-content\/uploads\/sites\/3\/2015\/05\/poledialogu-229x300.jpg 229w, https:\/\/partycypacjaobywatelska.pl\/forum-2015\/wp-content\/uploads\/sites\/3\/2015\/05\/poledialogu-177x232.jpg 177w\" sizes=\"(max-width: 133px) 100vw, 133px\" \/><\/a><\/p>\n<p>&nbsp;<\/p>\n","protected":false},"excerpt":{"rendered":"<p>Prowadz\u0105ce: Dorota Olko, Fundacja Pole Dialogu oraz Instytut Socjologii UW Katarzyna Murawska, Fundacja Pole Dialogu oraz Instytut Socjologii UW Termin: 2 dzie\u0144 (29 maja, pi\u0105tek), godz. 9:30-10:30 Miejsce: II pi\u0119tro, strefa L Formu\u0142a sesji:\u00a0spotkanie \u015bniadaniowe &nbsp; W czasie sesji skupi\u0142y\u015bmy si\u0119 na problemie w\u0142\u0105czania os\u00f3b o zr\u00f3\u017cnicowanym statusie spo\u0142ecznym w podejmowanie decyzji dotycz\u0105cych dzia\u0142a\u0144 lokalnych [&hellip;]<\/p>\n","protected":false},"author":1,"featured_media":0,"parent":0,"menu_order":0,"comment_status":"open","ping_status":"open","template":"template-forum_praktykow.php","meta":[],"_links":{"self":[{"href":"https:\/\/partycypacjaobywatelska.pl\/forum-2015\/wp-json\/wp\/v2\/pages\/384"}],"collection":[{"href":"https:\/\/partycypacjaobywatelska.pl\/forum-2015\/wp-json\/wp\/v2\/pages"}],"about":[{"href":"https:\/\/partycypacjaobywatelska.pl\/forum-2015\/wp-json\/wp\/v2\/types\/page"}],"author":[{"embeddable":true,"href":"https:\/\/partycypacjaobywatelska.pl\/forum-2015\/wp-json\/wp\/v2\/users\/1"}],"replies":[{"embeddable":true,"href":"https:\/\/partycypacjaobywatelska.pl\/forum-2015\/wp-json\/wp\/v2\/comments?post=384"}],"version-history":[{"count":5,"href":"https:\/\/partycypacjaobywatelska.pl\/forum-2015\/wp-json\/wp\/v2\/pages\/384\/revisions"}],"predecessor-version":[{"id":1672,"href":"https:\/\/partycypacjaobywatelska.pl\/forum-2015\/wp-json\/wp\/v2\/pages\/384\/revisions\/1672"}],"wp:attachment":[{"href":"https:\/\/partycypacjaobywatelska.pl\/forum-2015\/wp-json\/wp\/v2\/media?parent=384"}],"curies":[{"name":"wp","href":"https:\/\/api.w.org\/{rel}","templated":true}]}}