{"id":378,"date":"2015-05-07T18:15:04","date_gmt":"2015-05-07T18:15:04","guid":{"rendered":"http:\/\/partycypacjaobywatelska.pl\/forum-2015\/?page_id=378"},"modified":"2015-06-18T05:46:36","modified_gmt":"2015-06-18T05:46:36","slug":"mapowanie-uczestnikow-jak-o-nikim-nie-zapomniec","status":"publish","type":"page","link":"https:\/\/partycypacjaobywatelska.pl\/forum-2015\/mapowanie-uczestnikow-jak-o-nikim-nie-zapomniec\/","title":{"rendered":"Jak identyfikowa\u0107 uczestnik\u00f3w proces\u00f3w partycypacyjnych?"},"content":{"rendered":"<p><span style=\"color: #808080;\">Prowadz\u0105ce:<\/span><\/p>\n<p>Zuzanna Cichowska, Fundacja im. Stefana Batorego <a href=\"http:\/\/partycypacjaobywatelska.pl\/praktycy\/praktycy\/zuzanna-cichowska\/\" target=\"_blank\">&gt;&gt;<\/a><br \/>\nJustyna Wasiuk, Centrum Komunikacji Spo\u0142ecznej m.st. Warszawy<\/p>\n<p><span style=\"color: #808080;\">Termin:<\/span> 1 dzie\u0144 (28 maja, czwartek), godz. 12:45-14:45<\/p>\n<p><span style=\"color: #808080;\">Miejsce:\u00a0<span style=\"color: #000000;\">III pi\u0119tro, strefa E<\/span><\/span><\/p>\n<p><span style=\"color: #808080;\">Formu\u0142a sesji:<\/span>\u00a0<span style=\"color: #339966;\">wymiana do\u015bwiadcze\u0144<\/span> z elementami sesji szkoleniowej<\/p>\n<p>&nbsp;<\/p>\n<p>Kiedy planujemy jakiekolwiek procesy partycypacyjne, czy to konsultacje spo\u0142eczne w najr\u00f3\u017cniejszych tematach, czy tworzenie dokument\u00f3w strategicznych lub partycypacyjne planowanie przestrzeni publicznej, najd\u0142u\u017cej g\u0142owimy si\u0119 nad tym, jak przekona\u0107 ludzi do wzi\u0119cia w nich udzia\u0142u. Chcieli\u015bmy porozmawia\u0107 o kroku, kt\u00f3ry nale\u017cy zrobi\u0107 wcze\u015bniej: jak sprawi\u0107, \u017ceby w\u0142\u0105czy\u0107 wszystkich, kt\u00f3rych nale\u017cy w\u0142\u0105czy\u0107? Jak wyj\u015b\u0107 poza oczywiste, utarte kategorie? Jak nie zapomnie\u0107 o \u017cadnej istotnej grupie mieszka\u0144c\u00f3w?<\/p>\n<p>Wsp\u00f3lnie zastanawiali\u015bmy si\u0119, sk\u0105d czerpa\u0107 informacje o interesariuszach, a tak\u017ce o czym pami\u0119ta\u0107, planuj\u0105c dzia\u0142ania w\u0142\u0105czaj\u0105ce mieszka\u0144c\u00f3w z uwzgl\u0119dnieniem specyfiki r\u00f3\u017cnych typ\u00f3w proces\u00f3w. Na podstawie do\u015bwiadcze\u0144 uczestnik\u00f3w i uczestniczek starali\u015bmy si\u0119 stworzy\u0107 list\u0119 pyta\u0144\/krok\u00f3w u\u0142atwiaj\u0105cych mapowanie aktor\u00f3w proces\u00f3w partycypacyjnych.<\/p>\n<p>&nbsp;<\/p>\n<p><span style=\"color: #808080;\"><strong>Materia\u0142y, z kt\u00f3rymi warto si\u0119 zapozna\u0107:<\/strong><\/span><\/p>\n<p><a href=\"https:\/\/docs.google.com\/document\/d\/14zX59y92930Vz6lulJdgNjzr6jhqqUWVuRNVEnUsiS0\/edit?usp=sharing\" target=\"_blank\"><strong>Notatka z sesji<\/strong><\/a> autorstwa Dagmary Gortych z Pracowni Bada\u0144 i Innowacji Spo\u0142ecznych &#8222;Stocznia&#8221;<\/p>\n<p>&nbsp;<\/p>\n<p><a href=\"http:\/\/www.batory.org.pl\/\" target=\"_blank\"><img loading=\"lazy\" class=\"  wp-image-98 alignnone\" src=\"http:\/\/partycypacjaobywatelska.pl\/forum-2015\/wp-content\/uploads\/sites\/3\/2015\/04\/fsb-logo-800x600.png\" alt=\"fsb-logo-800x600\" width=\"177\" height=\"132\" srcset=\"https:\/\/partycypacjaobywatelska.pl\/forum-2015\/wp-content\/uploads\/sites\/3\/2015\/04\/fsb-logo-800x600.png 800w, https:\/\/partycypacjaobywatelska.pl\/forum-2015\/wp-content\/uploads\/sites\/3\/2015\/04\/fsb-logo-800x600-300x225.png 300w, https:\/\/partycypacjaobywatelska.pl\/forum-2015\/wp-content\/uploads\/sites\/3\/2015\/04\/fsb-logo-800x600-177x132.png 177w\" sizes=\"(max-width: 177px) 100vw, 177px\" \/><span style=\"color: #ffffff;\">\u00a0\u00a0\u00a0\u00a0 <\/span><\/a><a href=\"http:\/\/partycypacjaobywatelska.pl\/forum-2http:\/\/konsultacje.um.warszawa.pl\/015\/wp-content\/uploads\/sites\/3\/2015\/05\/warszawa_zakochaj_jpg.jpg\" target=\"_blank\"><img loading=\"lazy\" class=\"  wp-image-379 alignnone\" src=\"http:\/\/partycypacjaobywatelska.pl\/forum-2015\/wp-content\/uploads\/sites\/3\/2015\/05\/warszawa_zakochaj_jpg.jpg\" alt=\"warszawa_zakochaj_jpg\" width=\"111\" height=\"130\" srcset=\"https:\/\/partycypacjaobywatelska.pl\/forum-2015\/wp-content\/uploads\/sites\/3\/2015\/05\/warszawa_zakochaj_jpg.jpg 212w, https:\/\/partycypacjaobywatelska.pl\/forum-2015\/wp-content\/uploads\/sites\/3\/2015\/05\/warszawa_zakochaj_jpg-177x207.jpg 177w\" sizes=\"(max-width: 111px) 100vw, 111px\" \/><\/a><\/p>\n<p>&nbsp;<\/p>\n","protected":false},"excerpt":{"rendered":"<p>Prowadz\u0105ce: Zuzanna Cichowska, Fundacja im. Stefana Batorego &gt;&gt; Justyna Wasiuk, Centrum Komunikacji Spo\u0142ecznej m.st. Warszawy Termin: 1 dzie\u0144 (28 maja, czwartek), godz. 12:45-14:45 Miejsce:\u00a0III pi\u0119tro, strefa E Formu\u0142a sesji:\u00a0wymiana do\u015bwiadcze\u0144 z elementami sesji szkoleniowej &nbsp; Kiedy planujemy jakiekolwiek procesy partycypacyjne, czy to konsultacje spo\u0142eczne w najr\u00f3\u017cniejszych tematach, czy tworzenie dokument\u00f3w strategicznych lub partycypacyjne planowanie przestrzeni [&hellip;]<\/p>\n","protected":false},"author":1,"featured_media":0,"parent":0,"menu_order":0,"comment_status":"open","ping_status":"open","template":"template-forum_praktykow.php","meta":[],"_links":{"self":[{"href":"https:\/\/partycypacjaobywatelska.pl\/forum-2015\/wp-json\/wp\/v2\/pages\/378"}],"collection":[{"href":"https:\/\/partycypacjaobywatelska.pl\/forum-2015\/wp-json\/wp\/v2\/pages"}],"about":[{"href":"https:\/\/partycypacjaobywatelska.pl\/forum-2015\/wp-json\/wp\/v2\/types\/page"}],"author":[{"embeddable":true,"href":"https:\/\/partycypacjaobywatelska.pl\/forum-2015\/wp-json\/wp\/v2\/users\/1"}],"replies":[{"embeddable":true,"href":"https:\/\/partycypacjaobywatelska.pl\/forum-2015\/wp-json\/wp\/v2\/comments?post=378"}],"version-history":[{"count":3,"href":"https:\/\/partycypacjaobywatelska.pl\/forum-2015\/wp-json\/wp\/v2\/pages\/378\/revisions"}],"predecessor-version":[{"id":1664,"href":"https:\/\/partycypacjaobywatelska.pl\/forum-2015\/wp-json\/wp\/v2\/pages\/378\/revisions\/1664"}],"wp:attachment":[{"href":"https:\/\/partycypacjaobywatelska.pl\/forum-2015\/wp-json\/wp\/v2\/media?parent=378"}],"curies":[{"name":"wp","href":"https:\/\/api.w.org\/{rel}","templated":true}]}}