{"id":362,"date":"2015-05-07T17:38:32","date_gmt":"2015-05-07T17:38:32","guid":{"rendered":"http:\/\/partycypacjaobywatelska.pl\/forum-2015\/?page_id=362"},"modified":"2015-06-18T08:18:05","modified_gmt":"2015-06-18T08:18:05","slug":"partycypacja-dzieci-czy-mozna-czy-warto","status":"publish","type":"page","link":"https:\/\/partycypacjaobywatelska.pl\/forum-2015\/partycypacja-dzieci-czy-mozna-czy-warto\/","title":{"rendered":"Partycypacja dzieci. Czy mo\u017cna? Czy warto?"},"content":{"rendered":"<p><span style=\"color: #808080\">Prowadz\u0105ca:<\/span> Agnieszka Janik, Uniwersytet Wroc\u0142awski, stypendystka &#8222;PhDo w Stoczni&#8221;<\/p>\n<p><span style=\"color: #808080\">Go\u015b\u0107: <span style=\"color: #000000\">Maja Brzozowska-Brywczy\u0144ska, Instytut Socjologii Uniwersytetu im. Adama Mickiewicza<\/span><\/span><\/p>\n<p><span style=\"color: #808080\">Termin:<\/span> 2 dzie\u0144 (29 maja, pi\u0105tek), godz. 12:45-14:15<\/p>\n<p><span style=\"color: #808080\">Miejsce:<\/span> III pi\u0119tro, strefa E<\/p>\n<p><span style=\"color: #808080\">Formu\u0142a sesji:<\/span> sesja dyskusyjna z elementami sesji szkoleniowej i wymiany do\u015bwiadcze\u0144<\/p>\n<p>&nbsp;<\/p>\n<p>Dzia\u0142ania partycypacyjne w\u0142\u0105czaj\u0105 mieszka\u0144c\u00f3w do udzia\u0142u w procesach podejmowania decyzji w wa\u017cnych dla nich sprawach. Co jednak, gdy zdanie mieszka\u0144c\u00f3w z g\u00f3ry uznaje si\u0119 za niewa\u017cne? Co w przypadku, gdy istotne dla mieszka\u0144c\u00f3w decyzje podejmuje si\u0119 bez ich wiedzy? Co w sytuacji, gdy mieszka\u0144cy maj\u0105 nie wi\u0119cej ni\u017c metr wzrostu, chodz\u0105 do przedszkola i chocia\u017c g\u0142o\u015bno m\u00f3wi\u0105 o swoich potrzebach, ma\u0142o kto jest gotowy ich wys\u0142ucha\u0107?<\/p>\n<p>Dzieciom cz\u0119sto odmawia si\u0119 prawa g\u0142osu i prawa do podejmowania decyzji nios\u0105cych zmiany. Podczas sesji podj\u0119li\u015bmy dyskusj\u0119 nad mo\u017cliwo\u015bciami, praktycznymi rozwi\u0105zaniami oraz barierami w partycypacji dzieci.<\/p>\n<div id='gallery-1' class='gallery galleryid-362 gallery-columns-3 gallery-size-thumbnail'><dl class='gallery-item'>\n\t\t\t<dt class='gallery-icon landscape'>\n\t\t\t\t<a href='https:\/\/partycypacjaobywatelska.pl\/forum-2015\/partycypacja-dzieci-czy-mozna-czy-warto\/_j2a0013-3\/'><img width=\"150\" height=\"150\" src=\"https:\/\/partycypacjaobywatelska.pl\/forum-2015\/wp-content\/uploads\/sites\/3\/2015\/05\/J2A0013-3-150x150.jpg\" class=\"attachment-thumbnail size-thumbnail\" alt=\"\" loading=\"lazy\" \/><\/a>\n\t\t\t<\/dt><\/dl>\n\t\t\t<br style='clear: both' \/>\n\t\t<\/div>\n\n<p><strong><span style=\"color: #808080\">Materia\u0142y, z kt\u00f3rymi warto si\u0119 zapozna\u0107 przed lub po sesji:<\/span><br \/>\n<\/strong><\/p>\n<ul>\n<li>Brzozowska-Brywczy\u0144ska M. (2013). <strong><a href=\"http:\/\/isp.org.pl\/decydujmyrazem\/uploads\/analyses\/325505173.pdf\" target=\"_blank\">Partycypacja publiczna dzieci<\/a><\/strong>, Instytut Spraw Publicznych, Analizy i Opinie, numer specjalny 4<\/li>\n<li>Chodasz A., Cykowski P. <strong><a href=\"http:\/\/www.dobrezycie.org\/publikacje\/partycypacja-mlodziezy\" target=\"_blank\">Partycypacja m\u0142odzie\u017cy<\/a><\/strong><\/li>\n<li><a href=\"https:\/\/docs.google.com\/document\/d\/1o1Fx_bGTiKC_PanBJglHL3nsex7sMCOD-UDouQAeDEY\/edit?usp=sharing\" target=\"_blank\"><strong>Notatka z sesji<\/strong><\/a> autorstwa Marii Wi\u015bnickiej z Pracowni Bada\u0144 i Innowacji Spo\u0142ecznych &#8222;Stocznia&#8221;<\/li>\n<\/ul>\n<p><a href=\"http:\/\/partycypacjaobywatelska.pl\/forum-2015\/program\/\">Powr\u00f3t do programu Forum<\/a><\/p>\n","protected":false},"excerpt":{"rendered":"<p>Prowadz\u0105ca: Agnieszka Janik, Uniwersytet Wroc\u0142awski, stypendystka &#8222;PhDo w Stoczni&#8221; Go\u015b\u0107: Maja Brzozowska-Brywczy\u0144ska, Instytut Socjologii Uniwersytetu im. Adama Mickiewicza Termin: 2 dzie\u0144 (29 maja, pi\u0105tek), godz. 12:45-14:15 Miejsce: III pi\u0119tro, strefa E Formu\u0142a sesji: sesja dyskusyjna z elementami sesji szkoleniowej i wymiany do\u015bwiadcze\u0144 &nbsp; Dzia\u0142ania partycypacyjne w\u0142\u0105czaj\u0105 mieszka\u0144c\u00f3w do udzia\u0142u w procesach podejmowania decyzji w wa\u017cnych [&hellip;]<\/p>\n","protected":false},"author":1,"featured_media":0,"parent":0,"menu_order":0,"comment_status":"open","ping_status":"open","template":"template-forum_praktykow.php","meta":[],"_links":{"self":[{"href":"https:\/\/partycypacjaobywatelska.pl\/forum-2015\/wp-json\/wp\/v2\/pages\/362"}],"collection":[{"href":"https:\/\/partycypacjaobywatelska.pl\/forum-2015\/wp-json\/wp\/v2\/pages"}],"about":[{"href":"https:\/\/partycypacjaobywatelska.pl\/forum-2015\/wp-json\/wp\/v2\/types\/page"}],"author":[{"embeddable":true,"href":"https:\/\/partycypacjaobywatelska.pl\/forum-2015\/wp-json\/wp\/v2\/users\/1"}],"replies":[{"embeddable":true,"href":"https:\/\/partycypacjaobywatelska.pl\/forum-2015\/wp-json\/wp\/v2\/comments?post=362"}],"version-history":[{"count":4,"href":"https:\/\/partycypacjaobywatelska.pl\/forum-2015\/wp-json\/wp\/v2\/pages\/362\/revisions"}],"predecessor-version":[{"id":1471,"href":"https:\/\/partycypacjaobywatelska.pl\/forum-2015\/wp-json\/wp\/v2\/pages\/362\/revisions\/1471"}],"wp:attachment":[{"href":"https:\/\/partycypacjaobywatelska.pl\/forum-2015\/wp-json\/wp\/v2\/media?parent=362"}],"curies":[{"name":"wp","href":"https:\/\/api.w.org\/{rel}","templated":true}]}}