{"id":357,"date":"2015-05-07T17:21:21","date_gmt":"2015-05-07T17:21:21","guid":{"rendered":"http:\/\/partycypacjaobywatelska.pl\/forum-2015\/?page_id=357"},"modified":"2015-06-17T22:32:44","modified_gmt":"2015-06-17T22:32:44","slug":"partycypacja-mlodych-ludzi-co-robimy-zeby-miala-sens-i-byla-atrakcyjna","status":"publish","type":"page","link":"https:\/\/partycypacjaobywatelska.pl\/forum-2015\/partycypacja-mlodych-ludzi-co-robimy-zeby-miala-sens-i-byla-atrakcyjna\/","title":{"rendered":"Partycypacja m\u0142odych ludzi \u2013 co robimy, \u017ceby mia\u0142a sens i by\u0142a atrakcyjna?"},"content":{"rendered":"<p><span style=\"color: #808080\">Prowadz\u0105ce:\u00a0<\/span><a href=\"http:\/\/www.civispolonus.org.pl\/\"><img loading=\"lazy\" class=\"  wp-image-4641 alignright\" src=\"http:\/\/partycypacjaobywatelska.pl\/wp-content\/uploads\/2015\/05\/civis_polonus.jpg\" alt=\"civis_polonus\" width=\"114\" height=\"170\" \/><\/a><\/p>\n<p>Olga Napiontek, Fundacja Civis Polonus \u00a0 \u00a0<a href=\"http:\/\/partycypacjaobywatelska.pl\/praktycy\/praktycy\/olga-napiontek\/\">&gt;&gt;<\/a><br \/>\nJoanna Pietrasik, Fundacja Civis Polonus \u00a0<a href=\"http:\/\/partycypacjaobywatelska.pl\/praktycy\/praktycy\/joanna-pietrasik\/\">&gt;&gt;<\/a><\/p>\n<p><span style=\"color: #808080\">Termin:<\/span> 1 dzie\u0144 (28 maja, czwartek), godz. 15:45-17:45<\/p>\n<p><span style=\"color: #808080\">Miejsce:<\/span> II pi\u0119tro, strefa L<\/p>\n<p><span style=\"color: #808080\">Formu\u0142a sesji:<\/span> <span style=\"color: #008000\">wymiana do\u015bwiadcze\u0144<\/span><\/p>\n<p>&nbsp;<\/p>\n<p>W czasie sesji wymieniali\u015bmy do\u015bwiadczenia, w jaki spos\u00f3b zapewniamy jako\u015b\u0107 partycypacji obywatelskiej m\u0142odych na poziomie szko\u0142y i spo\u0142eczno\u015bci lokalnej.<\/p>\n<p>Wsp\u00f3lnie rozmawiali\u015bmy o tym, w jaki spos\u00f3b w naszej codziennej pracy praktyk\u00f3w partycypacji odpowiadamy na poni\u017csze, wa\u017cne wed\u0142ug nas, pytania zwi\u0105zane z udzia\u0142em m\u0142odych ludzi w procesach partycypacyjnych:<\/p>\n<ol>\n<li><strong>W jakich kwestiach partycypuj\u0105 m\u0142odzi?<\/strong> Kto decyduje o tych tematach? Doro\u015bli, m\u0142odzi? W jaki spos\u00f3b s\u0105 wybierane tematy, na kt\u00f3re m\u0142odzi mog\u0105 mie\u0107 wp\u0142yw? Jaki maj\u0105 na to wp\u0142yw sami m\u0142odzi?<\/li>\n<li><strong>Specjalne metody dla m\u0142odych<\/strong>: w jaki spos\u00f3b dostosujemy\/ tworzymy odpowiednie okazje, narz\u0119dzia metody partycypacji, uwzgl\u0119dniaj\u0105c specyfik\u0119 tej grupy obywateli?<\/li>\n<li><strong>Systematyczno\u015b\u0107 partycypacji m\u0142odych:<\/strong> Jak radzimy sobie z okazjonalno\u015bci\u0105, \u201efestynem\u201d partycypacyjnym?<\/li>\n<li><strong>Jak wspieramy uczestnik\u00f3w partycypacji m\u0142odzie\u017cowej?<\/strong> W jaki spos\u00f3b przygotowujemy m\u0142odzie\u017c, ale tak\u017ce doros\u0142ych, czyli drug\u0105 stron\u0119 dialogu?<\/li>\n<li><strong>Sk\u0105d czerpiemy inspiracje, wzorce<\/strong>? Gdzie i od kogo si\u0119 uczymy, w jaki spos\u00f3b organizowa\u0107 procesy partycypacyjne?<\/li>\n<\/ol>\n<p>Do udzia\u0142u w sesji zach\u0119cali\u015bmy osoby wsp\u00f3\u0142pracuj\u0105ce ze szko\u0142ami, m\u0142odzie\u017cowymi radami oraz innymi instytucjami i przedsi\u0119wzi\u0119ciami pozwalaj\u0105cym m\u0142odym ludziom wp\u0142ywa\u0107 na r\u00f3\u017cne dziedziny \u017cycia publicznego.<\/p>\n<p><a href=\"http:\/\/partycypacjaobywatelska.pl\/forum-2015\/program\/\">Powr\u00f3t do programu Forum<\/a><\/p>\n<div id='gallery-1' class='gallery galleryid-357 gallery-columns-3 gallery-size-thumbnail'><dl class='gallery-item'>\n\t\t\t<dt class='gallery-icon landscape'>\n\t\t\t\t<a href='https:\/\/partycypacjaobywatelska.pl\/forum-2015\/sztuka-miasto-i-partycypacja-mozliwe-scenariusze-wspolistnienia-oraz-ich-konsekwencje\/_j2a9992\/'><img width=\"150\" height=\"150\" src=\"https:\/\/partycypacjaobywatelska.pl\/forum-2015\/wp-content\/uploads\/sites\/3\/2015\/05\/J2A9992-150x150.jpg\" class=\"attachment-thumbnail size-thumbnail\" alt=\"\" loading=\"lazy\" \/><\/a>\n\t\t\t<\/dt><\/dl>\n\t\t\t<br style='clear: both' \/>\n\t\t<\/div>\n\n<p><strong><span style=\"color: #808080\">Materia\u0142y, z kt\u00f3rymi warto si\u0119 zapozna\u0107:<\/span><br \/>\n<\/strong><\/p>\n<p><strong>\u201e<a href=\"http:\/\/www.civispolonus.org.pl\/files\/2013_Kordasiewicz_Sadura_Edukacja-obywatelska-w-dzialaniu.pdf\" target=\"_blank\">Edukacja obywatelska w dzia\u0142aniu<\/a>\u201d<\/strong>, pod red. Anny Kordasiewicz i Przemys\u0142awa Sadury &#8211; publikacja omawiaj\u0105c\u0105 wiele dylemat\u00f3w zwi\u0105zanych ze wzmacnianiem partycypacji obywatelskiej m\u0142odych ludzi.<\/p>\n<p><a href=\"https:\/\/docs.google.com\/document\/d\/1Ka212iXwItpeeohuDgCwnFx1pl3khWrW81-X11jhBX4\/edit?usp=sharing\" target=\"_blank\"><strong>Notatka z sesji<\/strong> <\/a>autorstwa Agaty Bluj z Pracowni Bada\u0144 i Innowacji Spo\u0142ecznych &#8222;Stocznia&#8221;<\/p>\n<p>&nbsp;<\/p>\n","protected":false},"excerpt":{"rendered":"<p>Prowadz\u0105ce:\u00a0 Olga Napiontek, Fundacja Civis Polonus \u00a0 \u00a0&gt;&gt; Joanna Pietrasik, Fundacja Civis Polonus \u00a0&gt;&gt; Termin: 1 dzie\u0144 (28 maja, czwartek), godz. 15:45-17:45 Miejsce: II pi\u0119tro, strefa L Formu\u0142a sesji: wymiana do\u015bwiadcze\u0144 &nbsp; W czasie sesji wymieniali\u015bmy do\u015bwiadczenia, w jaki spos\u00f3b zapewniamy jako\u015b\u0107 partycypacji obywatelskiej m\u0142odych na poziomie szko\u0142y i spo\u0142eczno\u015bci lokalnej. Wsp\u00f3lnie rozmawiali\u015bmy o tym, [&hellip;]<\/p>\n","protected":false},"author":1,"featured_media":0,"parent":0,"menu_order":0,"comment_status":"open","ping_status":"open","template":"template-forum_praktykow.php","meta":[],"_links":{"self":[{"href":"https:\/\/partycypacjaobywatelska.pl\/forum-2015\/wp-json\/wp\/v2\/pages\/357"}],"collection":[{"href":"https:\/\/partycypacjaobywatelska.pl\/forum-2015\/wp-json\/wp\/v2\/pages"}],"about":[{"href":"https:\/\/partycypacjaobywatelska.pl\/forum-2015\/wp-json\/wp\/v2\/types\/page"}],"author":[{"embeddable":true,"href":"https:\/\/partycypacjaobywatelska.pl\/forum-2015\/wp-json\/wp\/v2\/users\/1"}],"replies":[{"embeddable":true,"href":"https:\/\/partycypacjaobywatelska.pl\/forum-2015\/wp-json\/wp\/v2\/comments?post=357"}],"version-history":[{"count":4,"href":"https:\/\/partycypacjaobywatelska.pl\/forum-2015\/wp-json\/wp\/v2\/pages\/357\/revisions"}],"predecessor-version":[{"id":1648,"href":"https:\/\/partycypacjaobywatelska.pl\/forum-2015\/wp-json\/wp\/v2\/pages\/357\/revisions\/1648"}],"wp:attachment":[{"href":"https:\/\/partycypacjaobywatelska.pl\/forum-2015\/wp-json\/wp\/v2\/media?parent=357"}],"curies":[{"name":"wp","href":"https:\/\/api.w.org\/{rel}","templated":true}]}}