{"id":22,"date":"2015-04-27T08:34:09","date_gmt":"2015-04-27T08:34:09","guid":{"rendered":"http:\/\/partycypacjaobywatelska.pl\/forum-2015\/?page_id=22"},"modified":"2015-06-17T21:50:40","modified_gmt":"2015-06-17T21:50:40","slug":"kontakt","status":"publish","type":"page","link":"https:\/\/partycypacjaobywatelska.pl\/forum-2015\/kontakt\/","title":{"rendered":"Kontakt"},"content":{"rendered":"<p>&nbsp;<\/p>\n<p><strong>G\u0142\u00f3wnym organizatorem Forum by\u0142o\u00a0Laboratorium Partycypacji Obywatelskiej prowadzone przez Pracowni\u0119 Bada\u0144 i Innowacji Spo\u0142ecznych \u201eStocznia\u201d.<\/strong><\/p>\n<p>&nbsp;<\/p>\n<p><strong>Laboratorium Partycypacji Obywatelskiej<\/strong><br \/>\nPracownia Bada\u0144 i Innowacji Spo\u0142ecznych \u201eStocznia\u201d<br \/>\nul. Bracka 20b<br \/>\n00\u2013028 Warszawa<br \/>\ntel.: [+48] 22 100 55 94<br \/>\n<a href=\"mailto:partycypacja@stocznia.org.pl\">partycypacja@stocznia.org.pl<\/a><\/p>\n<p>&nbsp;<\/p>\n<p><strong>Zesp\u00f3\u0142 Laboratorium Partycypacji Obywatelskiej:<\/strong><\/p>\n<p>Katarzyna Beszczy\u0144ska: kbeszczynska<a href=\"http:\/\/partycypacjaobywatelska.pl\/kontakt\/mnowak@stocznia.org.pl\">@stocznia.org.pl<\/a><\/p>\n<p>Agata Bluj: abluj<a href=\"http:\/\/partycypacjaobywatelska.pl\/kontakt\/mnowak@stocznia.org.pl\">@stocznia.org.pl<\/a><\/p>\n<p>Maria Nowak<a href=\"http:\/\/partycypacjaobywatelska.pl\/kontakt\/mnowak@stocznia.org.pl\"> mnowak@stocznia.org.pl<\/a><\/p>\n<p>Maria Perchu\u0107 mperchuc@stocznia.org.pl<\/p>\n<p>Ewa Stok\u0142uska <a href=\"mailto:estokluska@stocznia.org.pl\">estokluska@stocznia.org.pl<\/a><\/p>\n<p>Jacek Grzeszak: jgrzeszak<a href=\"http:\/\/partycypacjaobywatelska.pl\/kontakt\/mnowak@stocznia.org.pl\">@stocznia.org.pl<\/a><\/p>\n<p>&nbsp;<\/p>\n<p><strong>Wolontariusze:<\/strong><\/p>\n<p>Martyna Cziszewska<\/p>\n<p>Gabriela Filip<\/p>\n<p>Aleksandra Firek<\/p>\n<p>Norbert Nowakowski<\/p>\n<p>Magdalena Rabczak<\/p>\n","protected":false},"excerpt":{"rendered":"<p>&nbsp; G\u0142\u00f3wnym organizatorem Forum by\u0142o\u00a0Laboratorium Partycypacji Obywatelskiej prowadzone przez Pracowni\u0119 Bada\u0144 i Innowacji Spo\u0142ecznych \u201eStocznia\u201d. &nbsp; Laboratorium Partycypacji Obywatelskiej Pracownia Bada\u0144 i Innowacji Spo\u0142ecznych \u201eStocznia\u201d ul. Bracka 20b 00\u2013028 Warszawa tel.: [+48] 22 100 55 94 partycypacja@stocznia.org.pl &nbsp; Zesp\u00f3\u0142 Laboratorium Partycypacji Obywatelskiej: Katarzyna Beszczy\u0144ska: kbeszczynska@stocznia.org.pl Agata Bluj: abluj@stocznia.org.pl Maria Nowak mnowak@stocznia.org.pl Maria Perchu\u0107 mperchuc@stocznia.org.pl Ewa [&hellip;]<\/p>\n","protected":false},"author":1,"featured_media":0,"parent":0,"menu_order":0,"comment_status":"open","ping_status":"open","template":"template-forum_praktykow.php","meta":[],"_links":{"self":[{"href":"https:\/\/partycypacjaobywatelska.pl\/forum-2015\/wp-json\/wp\/v2\/pages\/22"}],"collection":[{"href":"https:\/\/partycypacjaobywatelska.pl\/forum-2015\/wp-json\/wp\/v2\/pages"}],"about":[{"href":"https:\/\/partycypacjaobywatelska.pl\/forum-2015\/wp-json\/wp\/v2\/types\/page"}],"author":[{"embeddable":true,"href":"https:\/\/partycypacjaobywatelska.pl\/forum-2015\/wp-json\/wp\/v2\/users\/1"}],"replies":[{"embeddable":true,"href":"https:\/\/partycypacjaobywatelska.pl\/forum-2015\/wp-json\/wp\/v2\/comments?post=22"}],"version-history":[{"count":3,"href":"https:\/\/partycypacjaobywatelska.pl\/forum-2015\/wp-json\/wp\/v2\/pages\/22\/revisions"}],"predecessor-version":[{"id":1635,"href":"https:\/\/partycypacjaobywatelska.pl\/forum-2015\/wp-json\/wp\/v2\/pages\/22\/revisions\/1635"}],"wp:attachment":[{"href":"https:\/\/partycypacjaobywatelska.pl\/forum-2015\/wp-json\/wp\/v2\/media?parent=22"}],"curies":[{"name":"wp","href":"https:\/\/api.w.org\/{rel}","templated":true}]}}